{"id":8918,"date":"2018-03-09T15:05:02","date_gmt":"2018-03-09T15:05:02","guid":{"rendered":"https:\/\/www.heilig-group.com\/projects\/"},"modified":"2025-08-05T07:34:26","modified_gmt":"2025-08-05T07:34:26","slug":"referencie","status":"publish","type":"page","link":"https:\/\/www.heilig-group.com\/sk\/referencie\/","title":{"rendered":"Referencie"},"content":{"rendered":"<section class=\"l-section wpb_row height_large with_img\"><div class=\"l-section-img\" role=\"img\" aria-label=\"Obr\u00e1zok\" data-img-width=\"1920\" data-img-height=\"355\" style=\"background-image: url(https:\/\/www.heilig-group.com\/wp-content\/uploads\/2025\/05\/HeiligGroup_Header_Fabricage.jpg);\"><\/div><div class=\"l-section-h i-cf\"><div class=\"g-cols vc_row via_grid cols_1 laptops-cols_inherit tablets-cols_inherit mobiles-cols_1 valign_top type_default stacking_default\"><div class=\"wpb_column vc_column_container\"><div class=\"vc_column-inner\"><h1 class=\"w-post-elm post_title us_custom_8b3d6790 has_text_color align_left entry-title color_link_inherit\">Referencie<\/h1><nav class=\"g-breadcrumbs us_custom_89e92469 has_text_color separator_icon align_left\" itemscope itemtype=\"http:\/\/schema.org\/BreadcrumbList\"><div class=\"g-breadcrumbs-item\" itemscope itemprop=\"itemListElement\" itemtype=\"http:\/\/schema.org\/ListItem\"><a itemprop=\"item\" href=\"https:\/\/www.heilig-group.com\/sk\/\"><span itemprop=\"name\">Domovsk\u00e1 str\u00e1nka<\/span><\/a><meta itemprop=\"position\" content=\"1\"\/><\/div><div class=\"g-breadcrumbs-separator\"><i class=\"far fa-angle-right\"><\/i><\/div><div class=\"g-breadcrumbs-item\">Str\u00e1nky<\/div><\/nav><\/div><\/div><\/div><\/div><\/section><section class=\"l-section wpb_row paddingnul height_medium\"><div class=\"l-section-h i-cf\"><div class=\"g-cols vc_row via_grid cols_2 laptops-cols_inherit tablets-cols_inherit mobiles-cols_1 valign_middle type_default stacking_default\"><div class=\"wpb_column vc_column_container\"><div class=\"vc_column-inner\"><div class=\"wpb_text_column\"><div class=\"wpb_wrapper\"><p>[vc_single_image image=&#8220;8931&#8243; img_size=&#8220;full&#8220;]<\/p>\n<\/div><\/div><\/div><\/div><div class=\"wpb_column vc_column_container\"><div class=\"vc_column-inner\"><div class=\"wpb_text_column us_custom_81da65c9\"><div class=\"wpb_wrapper\"><h2><strong>Recykl\u00e1cia a spracovanie odpadu<\/strong><\/h2>\n<p>Syst\u00e9my pre spracovanie, prepravu, triedenie, separ\u00e1ciu, \u010distenie a op\u00e4tovn\u00e9 zhodnocovanie materi\u00e1lov z r\u00f4znych druhov odpadu. Rie\u0161enia ur\u010den\u00e9 pre recykla\u010dn\u00e9 podniky, spa\u013eovne odpadu s energetick\u00fdm zhodnoten\u00edm a zariadenia na triedenie odpadov.<\/p>\n<\/div><\/div><div class=\"w-separator size_small\"><\/div><div class=\"w-btn-wrapper align_none\"><a class=\"w-btn us-btn-style_1\" href=\"\/sk\/referencie\/recyklacia-spracovanie-odpadu\/\"><span class=\"w-btn-label\">Zistite viac<\/span><\/a><\/div><\/div><\/div><\/div><\/div><\/section><section class=\"l-section wpb_row paddingnul height_small\"><div class=\"l-section-h i-cf\"><div class=\"g-cols vc_row via_grid cols_2 laptops-cols_inherit tablets-cols_inherit mobiles-cols_1 valign_middle type_default stacking_default\"><div class=\"wpb_column vc_column_container\"><div class=\"vc_column-inner\"><div class=\"wpb_text_column us_custom_be1e62f9\"><div class=\"wpb_wrapper\"><h2><strong>Manipul\u00e1cia a preprava sypk\u00fdch materi\u00e1lov<\/strong><\/h2>\n<p>Rie\u0161enia pre dopravu, transport, preosievanie, mie\u0161anie, zni\u017eovanie objemu, pranie, su\u0161enie a spracovanie surov\u00edn a such\u00e9ho sypk\u00e9ho materi\u00e1lu. Pri v\u00fdrobn\u00fdch procesoch, kde sa materi\u00e1l prev\u00e1dza na cenn\u00e9 v\u00fdrobky alebo kde prebieha prekl\u00e1dka.<\/p>\n<\/div><\/div><div class=\"w-separator size_small\"><\/div><div class=\"w-btn-wrapper align_none\"><a class=\"w-btn us-btn-style_1\" href=\"\/sk\/referencie\/manipulacia-preprava-sypkych-materialov\/\"><span class=\"w-btn-label\">Zistite viac<\/span><\/a><\/div><\/div><\/div><div class=\"wpb_column vc_column_container\"><div class=\"vc_column-inner\"><div class=\"wpb_text_column\"><div class=\"wpb_wrapper\"><p>[vc_single_image image=&#8220;20952&#8243; img_size=&#8220;full&#8220;]<\/p>\n<\/div><\/div><\/div><\/div><\/div><\/div><\/section><section class=\"l-section wpb_row paddingnul height_small\"><div class=\"l-section-h i-cf\"><div class=\"g-cols vc_row via_grid cols_2 laptops-cols_inherit tablets-cols_inherit mobiles-cols_1 valign_middle type_default stacking_default\"><div class=\"wpb_column vc_column_container\"><div class=\"vc_column-inner\"><div class=\"wpb_text_column\"><div class=\"wpb_wrapper\"><p>[vc_single_image image=&#8220;8937&#8243; img_size=&#8220;full&#8220;]<\/p>\n<\/div><\/div><\/div><\/div><div class=\"wpb_column vc_column_container\"><div class=\"vc_column-inner\"><div class=\"wpb_text_column us_custom_ed0edcbb\"><div class=\"wpb_wrapper\"><h2><strong>Priemyseln\u00e9 mie\u0161adl\u00e1<\/strong><\/h2>\n<p>N\u00e1vrh, v\u00fdroba, mont\u00e1\u017e a servis mie\u0161ac\u00edch syst\u00e9mov a in\u00fdch typov priemyseln\u00fdch mie\u0161adiel s objemom do 75 000 litrov. Mix\u00e9ry ur\u010den\u00e9 pre zmie\u0161avanie, homogeniz\u00e1ciu, chladenie, ohrev, farbenie tekut\u00fdch, pr\u00e1\u0161kov\u00fdch ale aj tuh\u00fdch l\u00e1tok. Tie\u017e s\u00fa vhodn\u00e9 pre vstrekovanie kvapal\u00edn alebo skladovanie materi\u00e1lov.<\/p>\n<\/div><\/div><div class=\"w-separator size_small\"><\/div><div class=\"w-btn-wrapper align_none\"><a class=\"w-btn us-btn-style_1\" href=\"\/sk\/referencie\/priemyselne-miesadla\/\"><span class=\"w-btn-label\">Zistite viac<\/span><\/a><\/div><\/div><\/div><\/div><\/div><\/section><section class=\"l-section wpb_row paddingnul height_small\"><div class=\"l-section-h i-cf\"><div class=\"g-cols vc_row via_grid cols_2 laptops-cols_inherit tablets-cols_inherit mobiles-cols_1 valign_middle type_default stacking_default\"><div class=\"wpb_column vc_column_container\"><div class=\"vc_column-inner\"><div class=\"wpb_text_column us_custom_75bfec96\"><div class=\"wpb_wrapper\"><h2><strong>V\u00fdmenn\u00edky tepla<\/strong><\/h2>\n<p>Priemyseln\u00e9 v\u00fdmenn\u00edky tepla pre efekt\u00edvne vyu\u017eitie energie a tepla. Kompletn\u00e9 rie\u0161enia, od n\u00e1vrhu na mieru, cez v\u00fdrobu, a\u017e po dod\u00e1vku zariadenia.<\/p>\n<\/div><\/div><div class=\"w-separator size_small\"><\/div><div class=\"w-btn-wrapper align_none\"><a class=\"w-btn us-btn-style_1\" href=\"\/sk\/referencie\/vymenniky-tepla\/\"><span class=\"w-btn-label\">Zistite viac<\/span><\/a><\/div><\/div><\/div><div class=\"wpb_column vc_column_container\"><div class=\"vc_column-inner\"><div class=\"wpb_text_column\"><div class=\"wpb_wrapper\"><p>[vc_single_image image=&#8220;8938&#8243; img_size=&#8220;full&#8220;]<\/p>\n<\/div><\/div><\/div><\/div><\/div><\/div><\/section><section class=\"l-section wpb_row paddingnul height_small\"><div class=\"l-section-h i-cf\"><div class=\"g-cols vc_row via_grid cols_2 laptops-cols_inherit tablets-cols_inherit mobiles-cols_1 valign_middle type_default stacking_default\"><div class=\"wpb_column vc_column_container\"><div class=\"vc_column-inner\"><div class=\"wpb_text_column\"><div class=\"wpb_wrapper\"><p>[vc_single_image image=&#8220;8933&#8243; img_size=&#8220;full&#8220;]<\/p>\n<\/div><\/div><\/div><\/div><div class=\"wpb_column vc_column_container\"><div class=\"vc_column-inner\"><div class=\"wpb_text_column us_custom_7a1a695f\"><div class=\"wpb_wrapper\"><h2><strong>Elektroin\u0161tal\u00e1cie<\/strong><\/h2>\n<p>Elektroin\u0161tal\u00e1cie pre priemysel, po\u013enohospod\u00e1rstvo a stavebn\u00edctvo. N\u00e1vrh, projek\u010dn\u00e1 \u010dinnos\u0165, mont\u00e1\u017e, implement\u00e1cia a \u00fadr\u017eba elektroin\u0161al\u00e1ci\u00ed ak\u00e9hoko\u013evek druhu: budov s n\u00edzkonap\u00e4\u0165ov\u00fdmi in\u0161tal\u00e1ciami, riadiacich syst\u00e9mov pre stroje, vizualiz\u00e1ciu procesov, osvet\u013eovac\u00edch syst\u00e9mov, klimatick\u00fdch syst\u00e9mov v po\u013enohospod\u00e1rskom priemysle, po\u017eiarnych detek\u010dn\u00fdch syst\u00e9mov alebo sol\u00e1rnych panelov.<\/p>\n<\/div><\/div><div class=\"w-separator size_small\"><\/div><div class=\"w-btn-wrapper align_none\"><a class=\"w-btn us-btn-style_1\" href=\"\/sk\/referencie\/elektroinstalacie\/\"><span class=\"w-btn-label\">Zistite viac<\/span><\/a><\/div><\/div><\/div><\/div><\/div><\/section><section class=\"l-section wpb_row paddingnul height_small\"><div class=\"l-section-h i-cf\"><div class=\"g-cols vc_row via_grid cols_2 laptops-cols_inherit tablets-cols_inherit mobiles-cols_1 valign_middle type_default stacking_default\"><div class=\"wpb_column vc_column_container\"><div class=\"vc_column-inner\"><div class=\"wpb_text_column us_custom_77b62b36\"><div class=\"wpb_wrapper\"><h2><strong>Drevospracuj\u00face stroje<\/strong><\/h2>\n<p>N\u00e1vrh a v\u00fdroba strojov pre drevospracuj\u00faci priemysel so \u0161pecializ\u00e1ciou na procesy ako je zaokr\u00fah\u013eovanie, odk\u00f4r\u0148ovanie, triedenie, transport a p\u00edlenie dreva.<\/p>\n<\/div><\/div><div class=\"w-separator size_small\"><\/div><div class=\"w-btn-wrapper align_none\"><a class=\"w-btn us-btn-style_1\" href=\"\/sk\/referencie\/drevospracujuce-stroje\/\"><span class=\"w-btn-label\">Zistite viac<\/span><\/a><\/div><\/div><\/div><div class=\"wpb_column vc_column_container\"><div class=\"vc_column-inner\"><div class=\"wpb_text_column\"><div class=\"wpb_wrapper\"><p>[vc_single_image image=&#8220;8936&#8243; img_size=&#8220;full&#8220;]<\/p>\n<\/div><\/div><\/div><\/div><\/div><\/div><\/section><section class=\"l-section wpb_row paddingnul height_small\"><div class=\"l-section-h i-cf\"><div class=\"g-cols vc_row via_grid cols_2 laptops-cols_inherit tablets-cols_inherit mobiles-cols_1 valign_middle type_default stacking_default\"><div class=\"wpb_column vc_column_container\"><div class=\"vc_column-inner\"><div class=\"wpb_text_column\"><div class=\"wpb_wrapper\"><p>[vc_single_image image=&#8220;8935&#8243; img_size=&#8220;full&#8220;]<\/p>\n<\/div><\/div><\/div><\/div><div class=\"wpb_column vc_column_container\"><div class=\"vc_column-inner\"><div class=\"wpb_text_column us_custom_9c408fa8\"><div class=\"wpb_wrapper\"><h2><strong>Stroj\u00e1rska v\u00fdroba<\/strong><\/h2>\n<p>Na\u0161e v\u00fdrobn\u00e9 z\u00e1vody v Eur\u00f3pe pon\u00fakaj\u00fa mo\u017enosti v\u00fdroby strojov, zariaden\u00ed a kompletn\u00fdch syst\u00e9mov vr\u00e1mci po\u017eadovan\u00fdch certifik\u00e1tov mana\u017e\u00e9rstva kvality, certifikovanej kvality zv\u00e1rania a zna\u010diek CE na kon\u0161trukci\u00e1ch, strojoch a tlakov\u00fdch zariadeniach.<br \/>\nNa\u0161e v\u00fdrobn\u00e9 haly s\u00fa plne vybaven\u00e9 pre realiz\u00e1ciu \u0161pecifickej z\u00e1kazn\u00edckej v\u00fdroby, mont\u00e1\u017e a povrchov\u00fa \u00fapravu aj pre v\u00fdrobky v\u00e4\u010d\u0161\u00edch rozmerov.<br \/>\nSpracovanie r\u00f4znych typov uhl\u00edkovej ocele a nehrdzavej\u00facej ocele, ako aj mont\u00e1\u017e hydraulick\u00fdch, elektrotechnick\u00fdch a pneumatick\u00fdch syst\u00e9mov. Strojov\u00fd park pon\u00faka mo\u017enosti spracovania plechu, rezanie a mont\u00e1\u017e, zv\u00e1ranie, s\u00fastruhy, fr\u00e9zovacie stroje a lakovacie kab\u00edny.<\/p>\n<\/div><\/div><div class=\"w-separator size_small\"><\/div><div class=\"w-btn-wrapper align_none\"><a class=\"w-btn us-btn-style_1\" href=\"\/sk\/referencie\/zakazkova-strojarska-vyroba\/\"><span class=\"w-btn-label\">Zistite viac<\/span><\/a><\/div><\/div><\/div><\/div><\/div><\/section>\n","protected":false},"excerpt":{"rendered":"ReferencieDomovsk\u00e1 str\u00e1nkaStr\u00e1nky[vc_single_image image=&#8220;8931&#8243; img_size=&#8220;full&#8220;] Recykl\u00e1cia a spracovanie odpadu Syst\u00e9my pre spracovanie, prepravu, triedenie, separ\u00e1ciu, \u010distenie a op\u00e4tovn\u00e9 zhodnocovanie materi\u00e1lov z r\u00f4znych druhov odpadu. Rie\u0161enia ur\u010den\u00e9 pre recykla\u010dn\u00e9 podniky, spa\u013eovne odpadu s energetick\u00fdm zhodnoten\u00edm a zariadenia na triedenie odpadov. Zistite viacManipul\u00e1cia a preprava sypk\u00fdch materi\u00e1lov Rie\u0161enia pre dopravu, transport, preosievanie, mie\u0161anie, zni\u017eovanie objemu, pranie, su\u0161enie a...","protected":false},"author":30,"featured_media":0,"parent":0,"menu_order":28,"comment_status":"closed","ping_status":"closed","template":"","meta":{"_acf_changed":false,"footnotes":""},"class_list":["post-8918","page","type-page","status-publish","hentry"],"acf":[],"yoast_head":"<!-- This site is optimized with the Yoast SEO plugin v27.5 - https:\/\/yoast.com\/product\/yoast-seo-wordpress\/ -->\n<title>Referencie z realizovan\u00fdch projektov na\u0161ich spolo\u010dnost\u00ed - Heilig Group<\/title>\n<meta name=\"description\" content=\"Pozrite si preh\u013ead na\u0161ich referenci\u00ed - od recykla\u010dn\u00fdch strojov, cez v\u00fdmenn\u00edky tepla a\u017e po elektroin\u0161tal\u00e1cie. Objavte nespo\u010detn\u00e9 mo\u017enosti Heilig Group.\" \/>\n<meta name=\"robots\" content=\"index, follow, max-snippet:-1, max-image-preview:large, max-video-preview:-1\" \/>\n<link rel=\"canonical\" href=\"https:\/\/www.heilig-group.com\/sk\/referencie\/\" \/>\n<meta property=\"og:locale\" content=\"sk_SK\" \/>\n<meta property=\"og:type\" content=\"article\" \/>\n<meta property=\"og:title\" content=\"Referencie z realizovan\u00fdch projektov na\u0161ich spolo\u010dnost\u00ed - Heilig Group\" \/>\n<meta property=\"og:description\" content=\"Pozrite si preh\u013ead na\u0161ich referenci\u00ed - od recykla\u010dn\u00fdch strojov, cez v\u00fdmenn\u00edky tepla a\u017e po elektroin\u0161tal\u00e1cie. Objavte nespo\u010detn\u00e9 mo\u017enosti Heilig Group.\" \/>\n<meta property=\"og:url\" content=\"https:\/\/www.heilig-group.com\/sk\/referencie\/\" \/>\n<meta property=\"og:site_name\" content=\"Heilig Group\" \/>\n<meta property=\"article:modified_time\" content=\"2025-08-05T07:34:26+00:00\" \/>\n<meta name=\"twitter:card\" content=\"summary_large_image\" \/>\n<meta name=\"twitter:label1\" content=\"Predpokladan\u00fd \u010das \u010d\u00edtania\" \/>\n\t<meta name=\"twitter:data1\" content=\"3 min\u00faty\" \/>\n<script type=\"application\/ld+json\" class=\"yoast-schema-graph\">{\"@context\":\"https:\\\/\\\/schema.org\",\"@graph\":[{\"@type\":\"WebPage\",\"@id\":\"https:\\\/\\\/www.heilig-group.com\\\/sk\\\/referencie\\\/\",\"url\":\"https:\\\/\\\/www.heilig-group.com\\\/sk\\\/referencie\\\/\",\"name\":\"Referencie z realizovan\u00fdch projektov na\u0161ich spolo\u010dnost\u00ed - Heilig Group\",\"isPartOf\":{\"@id\":\"https:\\\/\\\/www.heilig-group.com\\\/sk\\\/#website\"},\"datePublished\":\"2018-03-09T15:05:02+00:00\",\"dateModified\":\"2025-08-05T07:34:26+00:00\",\"description\":\"Pozrite si preh\u013ead na\u0161ich referenci\u00ed - od recykla\u010dn\u00fdch strojov, cez v\u00fdmenn\u00edky tepla a\u017e po elektroin\u0161tal\u00e1cie. Objavte nespo\u010detn\u00e9 mo\u017enosti Heilig Group.\",\"breadcrumb\":{\"@id\":\"https:\\\/\\\/www.heilig-group.com\\\/sk\\\/referencie\\\/#breadcrumb\"},\"inLanguage\":\"sk-SK\",\"potentialAction\":[{\"@type\":\"ReadAction\",\"target\":[\"https:\\\/\\\/www.heilig-group.com\\\/sk\\\/referencie\\\/\"]}]},{\"@type\":\"BreadcrumbList\",\"@id\":\"https:\\\/\\\/www.heilig-group.com\\\/sk\\\/referencie\\\/#breadcrumb\",\"itemListElement\":[{\"@type\":\"ListItem\",\"position\":1,\"name\":\"Home\",\"item\":\"https:\\\/\\\/www.heilig-group.com\\\/sk\\\/\"},{\"@type\":\"ListItem\",\"position\":2,\"name\":\"Referencie\"}]},{\"@type\":\"WebSite\",\"@id\":\"https:\\\/\\\/www.heilig-group.com\\\/sk\\\/#website\",\"url\":\"https:\\\/\\\/www.heilig-group.com\\\/sk\\\/\",\"name\":\"Heilig Group\",\"description\":\"Werken bij Heilig Group\",\"potentialAction\":[{\"@type\":\"SearchAction\",\"target\":{\"@type\":\"EntryPoint\",\"urlTemplate\":\"https:\\\/\\\/www.heilig-group.com\\\/sk\\\/?s={search_term_string}\"},\"query-input\":{\"@type\":\"PropertyValueSpecification\",\"valueRequired\":true,\"valueName\":\"search_term_string\"}}],\"inLanguage\":\"sk-SK\"}]}<\/script>\n<!-- \/ Yoast SEO plugin. -->","yoast_head_json":{"title":"Referencie z realizovan\u00fdch projektov na\u0161ich spolo\u010dnost\u00ed - Heilig Group","description":"Pozrite si preh\u013ead na\u0161ich referenci\u00ed - od recykla\u010dn\u00fdch strojov, cez v\u00fdmenn\u00edky tepla a\u017e po elektroin\u0161tal\u00e1cie. Objavte nespo\u010detn\u00e9 mo\u017enosti Heilig Group.","robots":{"index":"index","follow":"follow","max-snippet":"max-snippet:-1","max-image-preview":"max-image-preview:large","max-video-preview":"max-video-preview:-1"},"canonical":"https:\/\/www.heilig-group.com\/sk\/referencie\/","og_locale":"sk_SK","og_type":"article","og_title":"Referencie z realizovan\u00fdch projektov na\u0161ich spolo\u010dnost\u00ed - Heilig Group","og_description":"Pozrite si preh\u013ead na\u0161ich referenci\u00ed - od recykla\u010dn\u00fdch strojov, cez v\u00fdmenn\u00edky tepla a\u017e po elektroin\u0161tal\u00e1cie. Objavte nespo\u010detn\u00e9 mo\u017enosti Heilig Group.","og_url":"https:\/\/www.heilig-group.com\/sk\/referencie\/","og_site_name":"Heilig Group","article_modified_time":"2025-08-05T07:34:26+00:00","twitter_card":"summary_large_image","twitter_misc":{"Predpokladan\u00fd \u010das \u010d\u00edtania":"3 min\u00faty"},"schema":{"@context":"https:\/\/schema.org","@graph":[{"@type":"WebPage","@id":"https:\/\/www.heilig-group.com\/sk\/referencie\/","url":"https:\/\/www.heilig-group.com\/sk\/referencie\/","name":"Referencie z realizovan\u00fdch projektov na\u0161ich spolo\u010dnost\u00ed - Heilig Group","isPartOf":{"@id":"https:\/\/www.heilig-group.com\/sk\/#website"},"datePublished":"2018-03-09T15:05:02+00:00","dateModified":"2025-08-05T07:34:26+00:00","description":"Pozrite si preh\u013ead na\u0161ich referenci\u00ed - od recykla\u010dn\u00fdch strojov, cez v\u00fdmenn\u00edky tepla a\u017e po elektroin\u0161tal\u00e1cie. Objavte nespo\u010detn\u00e9 mo\u017enosti Heilig Group.","breadcrumb":{"@id":"https:\/\/www.heilig-group.com\/sk\/referencie\/#breadcrumb"},"inLanguage":"sk-SK","potentialAction":[{"@type":"ReadAction","target":["https:\/\/www.heilig-group.com\/sk\/referencie\/"]}]},{"@type":"BreadcrumbList","@id":"https:\/\/www.heilig-group.com\/sk\/referencie\/#breadcrumb","itemListElement":[{"@type":"ListItem","position":1,"name":"Home","item":"https:\/\/www.heilig-group.com\/sk\/"},{"@type":"ListItem","position":2,"name":"Referencie"}]},{"@type":"WebSite","@id":"https:\/\/www.heilig-group.com\/sk\/#website","url":"https:\/\/www.heilig-group.com\/sk\/","name":"Heilig Group","description":"Werken bij Heilig Group","potentialAction":[{"@type":"SearchAction","target":{"@type":"EntryPoint","urlTemplate":"https:\/\/www.heilig-group.com\/sk\/?s={search_term_string}"},"query-input":{"@type":"PropertyValueSpecification","valueRequired":true,"valueName":"search_term_string"}}],"inLanguage":"sk-SK"}]}},"_links":{"self":[{"href":"https:\/\/www.heilig-group.com\/sk\/wp-json\/wp\/v2\/pages\/8918","targetHints":{"allow":["GET"]}}],"collection":[{"href":"https:\/\/www.heilig-group.com\/sk\/wp-json\/wp\/v2\/pages"}],"about":[{"href":"https:\/\/www.heilig-group.com\/sk\/wp-json\/wp\/v2\/types\/page"}],"author":[{"embeddable":true,"href":"https:\/\/www.heilig-group.com\/sk\/wp-json\/wp\/v2\/users\/30"}],"replies":[{"embeddable":true,"href":"https:\/\/www.heilig-group.com\/sk\/wp-json\/wp\/v2\/comments?post=8918"}],"version-history":[{"count":6,"href":"https:\/\/www.heilig-group.com\/sk\/wp-json\/wp\/v2\/pages\/8918\/revisions"}],"predecessor-version":[{"id":23096,"href":"https:\/\/www.heilig-group.com\/sk\/wp-json\/wp\/v2\/pages\/8918\/revisions\/23096"}],"wp:attachment":[{"href":"https:\/\/www.heilig-group.com\/sk\/wp-json\/wp\/v2\/media?parent=8918"}],"curies":[{"name":"wp","href":"https:\/\/api.w.org\/{rel}","templated":true}]}}