{"id":8818,"date":"2018-06-06T08:24:57","date_gmt":"2018-06-06T08:24:57","guid":{"rendered":"https:\/\/www.heilig-group.com\/bulk-material-handling\/"},"modified":"2025-08-05T07:55:06","modified_gmt":"2025-08-05T07:55:06","slug":"manipulacia-preprava-sypkych-materialov","status":"publish","type":"page","link":"https:\/\/www.heilig-group.com\/sk\/referencie\/manipulacia-preprava-sypkych-materialov\/","title":{"rendered":"Manipul\u00e1cia a preprava sypk\u00fdch materi\u00e1lov"},"content":{"rendered":"<section class=\"l-section wpb_row height_large with_img\"><div class=\"l-section-img\" role=\"img\" aria-label=\"Obr\u00e1zok\" data-img-width=\"1920\" data-img-height=\"355\" style=\"background-image: url(https:\/\/www.heilig-group.com\/wp-content\/uploads\/2025\/05\/HeiligGroup_Header_Projecten_Bulk.jpg);\"><\/div><div class=\"l-section-h i-cf\"><div class=\"g-cols vc_row via_grid cols_1 laptops-cols_inherit tablets-cols_inherit mobiles-cols_1 valign_top type_default stacking_default\"><div class=\"wpb_column vc_column_container\"><div class=\"vc_column-inner\"><h1 class=\"w-post-elm post_title us_custom_8b3d6790 has_text_color align_left entry-title color_link_inherit\">Manipul\u00e1cia a preprava sypk\u00fdch materi\u00e1lov<\/h1><nav class=\"g-breadcrumbs us_custom_89e92469 has_text_color separator_icon align_left\" itemscope itemtype=\"http:\/\/schema.org\/BreadcrumbList\"><div class=\"g-breadcrumbs-item\" itemscope itemprop=\"itemListElement\" itemtype=\"http:\/\/schema.org\/ListItem\"><a itemprop=\"item\" href=\"https:\/\/www.heilig-group.com\/sk\/\"><span itemprop=\"name\">Domovsk\u00e1 str\u00e1nka<\/span><\/a><meta itemprop=\"position\" content=\"1\"\/><\/div><div class=\"g-breadcrumbs-separator\"><i class=\"far fa-angle-right\"><\/i><\/div><div class=\"g-breadcrumbs-item\">Str\u00e1nky<\/div><\/nav><\/div><\/div><\/div><\/div><\/section><section class=\"l-section wpb_row height_medium\"><div class=\"l-section-h i-cf\"><div class=\"g-cols vc_row via_grid cols_2 laptops-cols_inherit tablets-cols_inherit mobiles-cols_1 valign_top type_default stacking_default\"><div class=\"wpb_column vc_column_container\"><div class=\"vc_column-inner\"><div class=\"wpb_text_column\"><div class=\"wpb_wrapper\"><p>Pre prepravu, prekl\u00e1dku, skladovanie a spracovanie sypk\u00fdch materi\u00e1lov vyr\u00e1bame a dod\u00e1vame ako jednotliv\u00e9 jednotky, tak aj kompletn\u00e9 zariadenia na manipul\u00e1ciu s materi\u00e1lmi. V z\u00e1vislosti od konkr\u00e9tnych vlastnost\u00ed a objemovej hustoty materi\u00e1lov m\u00f4\u017eu tieto syst\u00e9my spracov\u00e1va\u0165 a\u017e 6000 ton za hodinu. \u010casto vy\u017eaduj\u00fa v\u00fdrobu strojov na mieru, ako napr\u00edklad: dopravn\u00edky, sit\u00e1 a triedi\u010dky, drvi\u010de, um\u00fdvacie bubny, stroje na mie\u0161anie, klasifik\u00e1ciu a triedenie. Usilujeme sa o najlep\u0161\u00ed v\u00fdkon pre ka\u017ed\u00fd stroj a zariadenie, ktor\u00e9 dod\u00e1vame. Nielen pre komplexn\u00e9 syst\u00e9my s ve\u013ekou kapacitou, ale aj pre \u0161tandardn\u00e9 aplik\u00e1cie, ktor\u00e9 sa uk\u00e1zali ako spo\u013eahliv\u00e9 rie\u0161enie.<\/p>\n<p>Pozrite si niektor\u00e9 z na\u0161ich referenci\u00ed.<\/p>\n<\/div><\/div><\/div><\/div><div class=\"wpb_column vc_column_container\"><div class=\"vc_column-inner\"><div class=\"w-video align_center ratio_16x9 has_iframe\"><div class=\"w-video-h\"><iframe title=\"Youtube video player\" src=\"\/\/www.youtube.com\/embed\/lvV7GdCRz7U?autoplay=0&controls=1&origin=https:\/\/www.heilig-group.com\/sk\/&loop=0&mute=0\" allowfullscreen=\"1\" loading=\"lazy\"><\/iframe><\/div><\/div><\/div><\/div><\/div><\/div><\/section><section class=\"l-section wpb_row us_custom_3fc25469 height_small\"><div class=\"l-section-h i-cf\"><div class=\"g-cols vc_row via_grid cols_4 laptops-cols_inherit tablets-cols_inherit mobiles-cols_1 valign_top type_default stacking_default\"><div class=\"wpb_column vc_column_container\"><div class=\"vc_column-inner\"><div class=\"wpb_text_column\"><div class=\"wpb_wrapper\"><p>[vc_single_image image=&#8220;8855&#8243; img_size=&#8220;310&#215;170&#8243; onclick=&#8220;custom_link&#8220; img_link_target=&#8220;_blank&#8220; css_animation=&#8220;fadeIn&#8220; link=&#8220;https:\/\/www.heiligbv.com\/projects\/mobile-radial-stacker-conveyors-for-shiploading\/&#8220;]<div class=\"wpb_text_column\"><div class=\"wpb_wrapper\"><\/div><\/div>\n<h4><strong><a href=\"https:\/\/www.heiligbv.com\/nl\/projecten\/mobiele-transportbanden-radial-stacker-voor-het-laden-van-steenstorters\/\" target=\"_blank\" rel=\"noopener noreferrer\">Mobiln\u00e9 dopravn\u00edky na n\u00e1kladanie materi\u00e1lu<\/a><\/strong><\/h4>\n<p>Odvetvie: Offshore<br \/>\nKapacita: 1.000 t\/h<\/p>\n<\/div><\/div><\/div><\/div><div class=\"wpb_column vc_column_container\"><div class=\"vc_column-inner\"><div class=\"wpb_text_column\"><div class=\"wpb_wrapper\"><p>[vc_single_image image=&#8220;8856&#8243; img_size=&#8220;310&#215;170&#8243; onclick=&#8220;custom_link&#8220; img_link_target=&#8220;_blank&#8220; css_animation=&#8220;fadeIn&#8220; link=&#8220;https:\/\/www.heiligbv.com\/projects\/mobile-belt-conveyor-loaders\/&#8220;]<div class=\"wpb_text_column\"><div class=\"wpb_wrapper\"><\/div><\/div>\n<h4><a href=\"https:\/\/www.heiligbv.com\/projects\/mobile-belt-conveyor-loaders\/\" target=\"_blank\" rel=\"noopener noreferrer\"><strong>Mobiln\u00e9 p\u00e1sov\u00e9 dopravn\u00edky<\/strong><\/a><\/h4>\n<p>Odvetvie: V\u00fdroba ocele<br \/>\nKapacita: 1.200 t\/h<\/p>\n<\/div><\/div><\/div><\/div><div class=\"wpb_column vc_column_container\"><div class=\"vc_column-inner\"><div class=\"wpb_text_column\"><div class=\"wpb_wrapper\"><p>[vc_single_image image=&#8220;8857&#8243; img_size=&#8220;310&#215;170&#8243; onclick=&#8220;custom_link&#8220; img_link_target=&#8220;_blank&#8220; css_animation=&#8220;fadeIn&#8220; link=&#8220;https:\/\/www.heiligbv.com\/projects\/washing-system-for-coal\/&#8220;]<div class=\"wpb_text_column\"><div class=\"wpb_wrapper\"><\/div><\/div>\n<h4><a href=\"https:\/\/www.heiligbv.com\/projects\/washing-system-for-coal\/\" target=\"_blank\" rel=\"noopener noreferrer\"><strong>Syst\u00e9m na \u010distenie\/ um\u00fdvanie uhlia<\/strong><\/a><\/h4>\n<p>Odvetvie: Uhlie<br \/>\nKapacita: najmenej 150 ton\/h<\/p>\n<\/div><\/div><\/div><\/div><div class=\"wpb_column vc_column_container\"><div class=\"vc_column-inner\"><div class=\"wpb_text_column\"><div class=\"wpb_wrapper\"><p>[vc_single_image image=&#8220;8858&#8243; img_size=&#8220;310&#215;170&#8243; onclick=&#8220;custom_link&#8220; img_link_target=&#8220;_blank&#8220; css_animation=&#8220;fadeIn&#8220; link=&#8220;https:\/\/www.heiligbv.com\/projects\/mobile-stacker-conveyor-for-steel-production-plant\/&#8220;]<div class=\"wpb_text_column\"><div class=\"wpb_wrapper\"><\/div><\/div>\n<h4><a href=\"https:\/\/www.heiligbv.com\/projects\/mobile-stacker-conveyor-for-steel-production-plant\/\" target=\"_blank\" rel=\"noopener noreferrer\"><strong>Mobiln\u00fd p\u00e1sov\u00fd dopravn\u00edk<\/strong><\/a><\/h4>\n<p>Odvetvie: V\u00fdroba ocele<br \/>\nKapacita: 1.500 t\/h<\/p>\n<\/div><\/div><\/div><\/div><\/div><\/div><\/section><section class=\"l-section wpb_row us_custom_bb8ea2a1 height_small\"><div class=\"l-section-h i-cf\"><div class=\"g-cols vc_row via_grid cols_4 laptops-cols_inherit tablets-cols_inherit mobiles-cols_1 valign_top type_default stacking_default\"><div class=\"wpb_column vc_column_container\"><div class=\"vc_column-inner\"><div class=\"wpb_text_column\"><div class=\"wpb_wrapper\"><p>[vc_single_image image=&#8220;8819&#8243; img_size=&#8220;310&#215;170&#8243; onclick=&#8220;custom_link&#8220; img_link_target=&#8220;_blank&#8220; css_animation=&#8220;fadeIn&#8220; link=&#8220;https:\/\/www.heiligbv.com\/nl\/projects\/mobiele-zeefinstallatie-voor-steenkool\/&#8220;]<div class=\"wpb_text_column\"><div class=\"wpb_wrapper\"><\/div><\/div>\n<h4><a href=\"https:\/\/www.heiligbv.com\/projects\/mobile-screening-system-coal\/\" target=\"_blank\" rel=\"noopener noreferrer\"><strong>Preosievac\u00ed syst\u00e9m na uhlie<\/strong><\/a><\/h4>\n<p>Ovetvie: Uhlie<\/p>\n<\/div><\/div><\/div><\/div><div class=\"wpb_column vc_column_container\"><div class=\"vc_column-inner\"><div class=\"wpb_text_column\"><div class=\"wpb_wrapper\"><p>[vc_single_image image=&#8220;8851&#8243; img_size=&#8220;310&#215;170&#8243; onclick=&#8220;custom_link&#8220; img_link_target=&#8220;_blank&#8220; css_animation=&#8220;fadeIn&#8220; link=&#8220;https:\/\/www.heiligbv.com\/projects\/salt-terminal-conveyor-systems\/&#8220;]<div class=\"wpb_text_column\"><div class=\"wpb_wrapper\"><\/div><\/div>\n<h4><a href=\"https:\/\/www.heiligbv.com\/projects\/salt-terminal-conveyor-systems\/\" target=\"_blank\" rel=\"noopener noreferrer\"><strong>Dopravn\u00edkov\u00fd syst\u00e9m<\/strong><\/a><\/h4>\n<p>Odvetvie: Miner\u00e1ly<br \/>\nKapacita: 500 t\/h<\/p>\n<\/div><\/div><\/div><\/div><div class=\"wpb_column vc_column_container\"><div class=\"vc_column-inner\"><div class=\"wpb_text_column\"><div class=\"wpb_wrapper\"><p>[vc_single_image image=&#8220;8852&#8243; img_size=&#8220;310&#215;170&#8243; onclick=&#8220;custom_link&#8220; img_link_target=&#8220;_blank&#8220; css_animation=&#8220;fadeIn&#8220; link=&#8220;https:\/\/www.heiligbv.com\/projects\/fertilizer-ship-loading-system\/&#8220;]<div class=\"wpb_text_column\"><div class=\"wpb_wrapper\"><\/div><\/div>\n<h4><a href=\"https:\/\/www.heiligbv.com\/projects\/fertilizer-ship-loading-system\/\" target=\"_blank\" rel=\"noopener noreferrer\"><strong>Nakladac\u00ed syst\u00e9m pre lode<\/strong><\/a><\/h4>\n<p>Odvetvie: Miner\u00e1ly<br \/>\nKapacita: 500 t\/h<\/p>\n<\/div><\/div><\/div><\/div><div class=\"wpb_column vc_column_container\"><div class=\"vc_column-inner\"><div class=\"wpb_text_column\"><div class=\"wpb_wrapper\"><p>[vc_single_image image=&#8220;8853&#8243; img_size=&#8220;310&#215;170&#8243; onclick=&#8220;custom_link&#8220; img_link_target=&#8220;_blank&#8220; css_animation=&#8220;fadeIn&#8220; link=&#8220;https:\/\/www.heiligbv.com\/projects\/granite-bulk-carrier-unloading-system\/&#8220;]<div class=\"wpb_text_column\"><div class=\"wpb_wrapper\"><\/div><\/div>\n<h4><a href=\"https:\/\/www.heiligbv.com\/projects\/granite-bulk-carrier-unloading-system\/\" target=\"_blank\" rel=\"noopener noreferrer\"><strong>Syst\u00e9m na vykladanie lod\u00ed na sypan\u00fd n\u00e1klad<\/strong><\/a><\/h4>\n<p>Odvetvie: \u017dula<br \/>\nKapacita: 3500 t\/h<\/p>\n<\/div><\/div><\/div><\/div><\/div><\/div><\/section><section class=\"l-section wpb_row us_custom_bb8ea2a1 height_small\"><div class=\"l-section-h i-cf\"><div class=\"g-cols vc_row via_grid cols_4 laptops-cols_inherit tablets-cols_inherit mobiles-cols_1 valign_top type_default stacking_default\"><div class=\"wpb_column vc_column_container\"><div class=\"vc_column-inner\"><div class=\"wpb_text_column\"><div class=\"wpb_wrapper\"><p>[vc_single_image image=&#8220;8850&#8243; img_size=&#8220;300&#215;170&#8243; onclick=&#8220;custom_link&#8220; img_link_target=&#8220;_blank&#8220; css_animation=&#8220;fadeIn&#8220; link=&#8220;https:\/\/www.heiligbv.com\/projects\/sand-gravel-unloading-installation\/&#8220;]<div class=\"wpb_text_column\"><div class=\"wpb_wrapper\"><\/div><\/div>\n<h4><a href=\"https:\/\/www.heiligbv.com\/projects\/sand-gravel-unloading-installation\/\" target=\"_blank\" rel=\"noopener noreferrer\"><strong>Vykladac\u00ed syst\u00e9m na \u0161trk a piesok<\/strong><\/a><\/h4>\n<p>Odvetvie: Piestok a \u0161trk<br \/>\nKapacita: 350 t\/h, frakcie 0 &#8211; 80 mm<\/p>\n<\/div><\/div><\/div><\/div><div class=\"wpb_column vc_column_container\"><div class=\"vc_column-inner\"><div class=\"wpb_text_column\"><div class=\"wpb_wrapper\"><p>[vc_single_image image=&#8220;9538&#8243; img_size=&#8220;300&#215;170&#8243; onclick=&#8220;custom_link&#8220; img_link_target=&#8220;_blank&#8220; css_animation=&#8220;fadeIn&#8220; link=&#8220;https:\/\/www.heiligbv.com\/projects\/coal-transshipment-conveyors-terminal-expansion\/&#8220;]<div class=\"wpb_text_column\"><div class=\"wpb_wrapper\"><\/div><\/div>\n<h4><a href=\"https:\/\/www.heiligbv.com\/projects\/coal-transshipment-conveyors-terminal-expansion\/\" target=\"_blank\" rel=\"noopener noreferrer\"><strong>P\u00e1sov\u00e9 dopravn\u00edky na prepravu uhlia<\/strong><\/a><\/h4>\n<p>Odvetvie: Uhlie<\/p>\n<\/div><\/div><\/div><\/div><div class=\"wpb_column vc_column_container\"><div class=\"vc_column-inner\"><div class=\"wpb_text_column\"><div class=\"wpb_wrapper\"><p>[vc_single_image image=&#8220;8854&#8243; img_size=&#8220;300&#215;170&#8243; onclick=&#8220;custom_link&#8220; img_link_target=&#8220;_blank&#8220; css_animation=&#8220;fadeIn&#8220; link=&#8220;https:\/\/www.heiligbv.com\/projects\/granite-grading-installation\/&#8220;]<div class=\"wpb_text_column\"><div class=\"wpb_wrapper\"><\/div><\/div>\n<h4><a href=\"https:\/\/www.heiligbv.com\/projects\/granite-grading-installation\/\" target=\"_blank\" rel=\"noopener noreferrer\"><strong>Syst\u00e9m na triedenie \u017euly<\/strong><\/a><\/h4>\n<p>Odvetvie: \u017dula<br \/>\nKapacita: 40 t\/h<\/p>\n<\/div><\/div><\/div><\/div><div class=\"wpb_column vc_column_container\"><div class=\"vc_column-inner\"><div class=\"wpb_text_column\"><div class=\"wpb_wrapper\"><p>[vc_single_image image=&#8220;8849&#8243; img_size=&#8220;300&#215;170&#8243; onclick=&#8220;custom_link&#8220; img_link_target=&#8220;_blank&#8220; css_animation=&#8220;fadeIn&#8220; link=&#8220;https:\/\/www.heiligbv.com\/projects\/coal-crushing-screening-plant\/&#8220;]<div class=\"wpb_text_column\"><div class=\"wpb_wrapper\"><\/div><\/div>\n<h4><a href=\"https:\/\/www.heiligbv.com\/projects\/coal-crushing-screening-plant\/\" target=\"_blank\" rel=\"noopener noreferrer\"><strong>Syst\u00e9m na triedenie a drvenie uhlia<\/strong><\/a><\/h4>\n<p>Odvetvie: Uhlie<br \/>\nKapacita: 300 t\/h pre 0-25 mm and 8-25 mm frakcie, 180 t\/h pre 6-15 mm frakcie<\/p>\n<\/div><\/div><\/div><\/div><\/div><\/div><\/section>\n","protected":false},"excerpt":{"rendered":"Manipul\u00e1cia a preprava sypk\u00fdch materi\u00e1lovDomovsk\u00e1 str\u00e1nkaStr\u00e1nkyPre prepravu, prekl\u00e1dku, skladovanie a spracovanie sypk\u00fdch materi\u00e1lov vyr\u00e1bame a dod\u00e1vame ako jednotliv\u00e9 jednotky, tak aj kompletn\u00e9 zariadenia na manipul\u00e1ciu s materi\u00e1lmi. V z\u00e1vislosti od konkr\u00e9tnych vlastnost\u00ed a objemovej hustoty materi\u00e1lov m\u00f4\u017eu tieto syst\u00e9my spracov\u00e1va\u0165 a\u017e 6000 ton za hodinu. \u010casto vy\u017eaduj\u00fa v\u00fdrobu strojov na mieru, ako napr\u00edklad: dopravn\u00edky, sit\u00e1...","protected":false},"author":56,"featured_media":0,"parent":8918,"menu_order":0,"comment_status":"closed","ping_status":"closed","template":"","meta":{"_acf_changed":false,"footnotes":""},"class_list":["post-8818","page","type-page","status-publish","hentry"],"acf":[],"yoast_head":"<!-- This site is optimized with the Yoast SEO plugin v27.5 - https:\/\/yoast.com\/product\/yoast-seo-wordpress\/ -->\n<title>Manipul\u00e1cia a preprava sypk\u00fdch materi\u00e1lov - Heilig Group<\/title>\n<meta name=\"description\" content=\"Pre prepravu, prekl\u00e1dku, skladovanie a spracovanie sypk\u00fdch materi\u00e1lov vyr\u00e1bame a dod\u00e1vame ako jednotliv\u00e9 jednotky, tak aj kompletn\u00e9 zariadenia na manipul\u00e1ciu s materi\u00e1lmi.\" \/>\n<meta name=\"robots\" content=\"index, follow, max-snippet:-1, max-image-preview:large, max-video-preview:-1\" \/>\n<link rel=\"canonical\" href=\"https:\/\/www.heilig-group.com\/sk\/referencie\/manipulacia-preprava-sypkych-materialov\/\" \/>\n<meta property=\"og:locale\" content=\"sk_SK\" \/>\n<meta property=\"og:type\" content=\"article\" \/>\n<meta property=\"og:title\" content=\"Manipul\u00e1cia a preprava sypk\u00fdch materi\u00e1lov - Heilig Group\" \/>\n<meta property=\"og:description\" content=\"Pre prepravu, prekl\u00e1dku, skladovanie a spracovanie sypk\u00fdch materi\u00e1lov vyr\u00e1bame a dod\u00e1vame ako jednotliv\u00e9 jednotky, tak aj kompletn\u00e9 zariadenia na manipul\u00e1ciu s materi\u00e1lmi.\" \/>\n<meta property=\"og:url\" content=\"https:\/\/www.heilig-group.com\/sk\/referencie\/manipulacia-preprava-sypkych-materialov\/\" \/>\n<meta property=\"og:site_name\" content=\"Heilig Group\" \/>\n<meta property=\"article:modified_time\" content=\"2025-08-05T07:55:06+00:00\" \/>\n<meta name=\"twitter:card\" content=\"summary_large_image\" \/>\n<meta name=\"twitter:label1\" content=\"Predpokladan\u00fd \u010das \u010d\u00edtania\" \/>\n\t<meta name=\"twitter:data1\" content=\"2 min\u00faty\" \/>\n<script type=\"application\/ld+json\" class=\"yoast-schema-graph\">{\"@context\":\"https:\\\/\\\/schema.org\",\"@graph\":[{\"@type\":\"WebPage\",\"@id\":\"https:\\\/\\\/www.heilig-group.com\\\/sk\\\/referencie\\\/manipulacia-preprava-sypkych-materialov\\\/\",\"url\":\"https:\\\/\\\/www.heilig-group.com\\\/sk\\\/referencie\\\/manipulacia-preprava-sypkych-materialov\\\/\",\"name\":\"Manipul\u00e1cia a preprava sypk\u00fdch materi\u00e1lov - Heilig Group\",\"isPartOf\":{\"@id\":\"https:\\\/\\\/www.heilig-group.com\\\/sk\\\/#website\"},\"datePublished\":\"2018-06-06T08:24:57+00:00\",\"dateModified\":\"2025-08-05T07:55:06+00:00\",\"description\":\"Pre prepravu, prekl\u00e1dku, skladovanie a spracovanie sypk\u00fdch materi\u00e1lov vyr\u00e1bame a dod\u00e1vame ako jednotliv\u00e9 jednotky, tak aj kompletn\u00e9 zariadenia na manipul\u00e1ciu s materi\u00e1lmi.\",\"breadcrumb\":{\"@id\":\"https:\\\/\\\/www.heilig-group.com\\\/sk\\\/referencie\\\/manipulacia-preprava-sypkych-materialov\\\/#breadcrumb\"},\"inLanguage\":\"sk-SK\",\"potentialAction\":[{\"@type\":\"ReadAction\",\"target\":[\"https:\\\/\\\/www.heilig-group.com\\\/sk\\\/referencie\\\/manipulacia-preprava-sypkych-materialov\\\/\"]}]},{\"@type\":\"BreadcrumbList\",\"@id\":\"https:\\\/\\\/www.heilig-group.com\\\/sk\\\/referencie\\\/manipulacia-preprava-sypkych-materialov\\\/#breadcrumb\",\"itemListElement\":[{\"@type\":\"ListItem\",\"position\":1,\"name\":\"Home\",\"item\":\"https:\\\/\\\/www.heilig-group.com\\\/sk\\\/\"},{\"@type\":\"ListItem\",\"position\":2,\"name\":\"Referencie\",\"item\":\"https:\\\/\\\/www.heilig-group.com\\\/sk\\\/referencie\\\/\"},{\"@type\":\"ListItem\",\"position\":3,\"name\":\"Manipul\u00e1cia a preprava sypk\u00fdch materi\u00e1lov\"}]},{\"@type\":\"WebSite\",\"@id\":\"https:\\\/\\\/www.heilig-group.com\\\/sk\\\/#website\",\"url\":\"https:\\\/\\\/www.heilig-group.com\\\/sk\\\/\",\"name\":\"Heilig Group\",\"description\":\"Werken bij Heilig Group\",\"potentialAction\":[{\"@type\":\"SearchAction\",\"target\":{\"@type\":\"EntryPoint\",\"urlTemplate\":\"https:\\\/\\\/www.heilig-group.com\\\/sk\\\/?s={search_term_string}\"},\"query-input\":{\"@type\":\"PropertyValueSpecification\",\"valueRequired\":true,\"valueName\":\"search_term_string\"}}],\"inLanguage\":\"sk-SK\"}]}<\/script>\n<!-- \/ Yoast SEO plugin. -->","yoast_head_json":{"title":"Manipul\u00e1cia a preprava sypk\u00fdch materi\u00e1lov - Heilig Group","description":"Pre prepravu, prekl\u00e1dku, skladovanie a spracovanie sypk\u00fdch materi\u00e1lov vyr\u00e1bame a dod\u00e1vame ako jednotliv\u00e9 jednotky, tak aj kompletn\u00e9 zariadenia na manipul\u00e1ciu s materi\u00e1lmi.","robots":{"index":"index","follow":"follow","max-snippet":"max-snippet:-1","max-image-preview":"max-image-preview:large","max-video-preview":"max-video-preview:-1"},"canonical":"https:\/\/www.heilig-group.com\/sk\/referencie\/manipulacia-preprava-sypkych-materialov\/","og_locale":"sk_SK","og_type":"article","og_title":"Manipul\u00e1cia a preprava sypk\u00fdch materi\u00e1lov - Heilig Group","og_description":"Pre prepravu, prekl\u00e1dku, skladovanie a spracovanie sypk\u00fdch materi\u00e1lov vyr\u00e1bame a dod\u00e1vame ako jednotliv\u00e9 jednotky, tak aj kompletn\u00e9 zariadenia na manipul\u00e1ciu s materi\u00e1lmi.","og_url":"https:\/\/www.heilig-group.com\/sk\/referencie\/manipulacia-preprava-sypkych-materialov\/","og_site_name":"Heilig Group","article_modified_time":"2025-08-05T07:55:06+00:00","twitter_card":"summary_large_image","twitter_misc":{"Predpokladan\u00fd \u010das \u010d\u00edtania":"2 min\u00faty"},"schema":{"@context":"https:\/\/schema.org","@graph":[{"@type":"WebPage","@id":"https:\/\/www.heilig-group.com\/sk\/referencie\/manipulacia-preprava-sypkych-materialov\/","url":"https:\/\/www.heilig-group.com\/sk\/referencie\/manipulacia-preprava-sypkych-materialov\/","name":"Manipul\u00e1cia a preprava sypk\u00fdch materi\u00e1lov - Heilig Group","isPartOf":{"@id":"https:\/\/www.heilig-group.com\/sk\/#website"},"datePublished":"2018-06-06T08:24:57+00:00","dateModified":"2025-08-05T07:55:06+00:00","description":"Pre prepravu, prekl\u00e1dku, skladovanie a spracovanie sypk\u00fdch materi\u00e1lov vyr\u00e1bame a dod\u00e1vame ako jednotliv\u00e9 jednotky, tak aj kompletn\u00e9 zariadenia na manipul\u00e1ciu s materi\u00e1lmi.","breadcrumb":{"@id":"https:\/\/www.heilig-group.com\/sk\/referencie\/manipulacia-preprava-sypkych-materialov\/#breadcrumb"},"inLanguage":"sk-SK","potentialAction":[{"@type":"ReadAction","target":["https:\/\/www.heilig-group.com\/sk\/referencie\/manipulacia-preprava-sypkych-materialov\/"]}]},{"@type":"BreadcrumbList","@id":"https:\/\/www.heilig-group.com\/sk\/referencie\/manipulacia-preprava-sypkych-materialov\/#breadcrumb","itemListElement":[{"@type":"ListItem","position":1,"name":"Home","item":"https:\/\/www.heilig-group.com\/sk\/"},{"@type":"ListItem","position":2,"name":"Referencie","item":"https:\/\/www.heilig-group.com\/sk\/referencie\/"},{"@type":"ListItem","position":3,"name":"Manipul\u00e1cia a preprava sypk\u00fdch materi\u00e1lov"}]},{"@type":"WebSite","@id":"https:\/\/www.heilig-group.com\/sk\/#website","url":"https:\/\/www.heilig-group.com\/sk\/","name":"Heilig Group","description":"Werken bij Heilig Group","potentialAction":[{"@type":"SearchAction","target":{"@type":"EntryPoint","urlTemplate":"https:\/\/www.heilig-group.com\/sk\/?s={search_term_string}"},"query-input":{"@type":"PropertyValueSpecification","valueRequired":true,"valueName":"search_term_string"}}],"inLanguage":"sk-SK"}]}},"_links":{"self":[{"href":"https:\/\/www.heilig-group.com\/sk\/wp-json\/wp\/v2\/pages\/8818","targetHints":{"allow":["GET"]}}],"collection":[{"href":"https:\/\/www.heilig-group.com\/sk\/wp-json\/wp\/v2\/pages"}],"about":[{"href":"https:\/\/www.heilig-group.com\/sk\/wp-json\/wp\/v2\/types\/page"}],"author":[{"embeddable":true,"href":"https:\/\/www.heilig-group.com\/sk\/wp-json\/wp\/v2\/users\/56"}],"replies":[{"embeddable":true,"href":"https:\/\/www.heilig-group.com\/sk\/wp-json\/wp\/v2\/comments?post=8818"}],"version-history":[{"count":3,"href":"https:\/\/www.heilig-group.com\/sk\/wp-json\/wp\/v2\/pages\/8818\/revisions"}],"predecessor-version":[{"id":23104,"href":"https:\/\/www.heilig-group.com\/sk\/wp-json\/wp\/v2\/pages\/8818\/revisions\/23104"}],"up":[{"embeddable":true,"href":"https:\/\/www.heilig-group.com\/sk\/wp-json\/wp\/v2\/pages\/8918"}],"wp:attachment":[{"href":"https:\/\/www.heilig-group.com\/sk\/wp-json\/wp\/v2\/media?parent=8818"}],"curies":[{"name":"wp","href":"https:\/\/api.w.org\/{rel}","templated":true}]}}