{"id":8816,"date":"2018-06-06T08:42:43","date_gmt":"2018-06-06T08:42:43","guid":{"rendered":"https:\/\/www.heilig-group.com\/industrial-mixers\/"},"modified":"2025-08-04T15:06:48","modified_gmt":"2025-08-04T15:06:48","slug":"priemyselne-miesadla","status":"publish","type":"page","link":"https:\/\/www.heilig-group.com\/sk\/referencie\/priemyselne-miesadla\/","title":{"rendered":"Priemyseln\u00e9 mie\u0161adl\u00e1"},"content":{"rendered":"<section class=\"l-section wpb_row height_large with_img\"><div class=\"l-section-img\" role=\"img\" aria-label=\"Obr\u00e1zok\" data-img-width=\"1920\" data-img-height=\"355\" style=\"background-image: url(https:\/\/www.heilig-group.com\/wp-content\/uploads\/2025\/05\/HeiligGroup_Header_IndustrieleMengers.jpg);\"><\/div><div class=\"l-section-h i-cf\"><div class=\"g-cols vc_row via_grid cols_1 laptops-cols_inherit tablets-cols_inherit mobiles-cols_1 valign_top type_default stacking_default\"><div class=\"wpb_column vc_column_container\"><div class=\"vc_column-inner\"><h1 class=\"w-post-elm post_title us_custom_8b3d6790 has_text_color align_left entry-title color_link_inherit\">Priemyseln\u00e9 mie\u0161adl\u00e1<\/h1><nav class=\"g-breadcrumbs us_custom_89e92469 has_text_color separator_icon align_left\" itemscope itemtype=\"http:\/\/schema.org\/BreadcrumbList\"><div class=\"g-breadcrumbs-item\" itemscope itemprop=\"itemListElement\" itemtype=\"http:\/\/schema.org\/ListItem\"><a itemprop=\"item\" href=\"https:\/\/www.heilig-group.com\/sk\/\"><span itemprop=\"name\">Domovsk\u00e1 str\u00e1nka<\/span><\/a><meta itemprop=\"position\" content=\"1\"\/><\/div><div class=\"g-breadcrumbs-separator\"><i class=\"far fa-angle-right\"><\/i><\/div><div class=\"g-breadcrumbs-item\">Str\u00e1nky<\/div><\/nav><\/div><\/div><\/div><\/div><\/section><section class=\"l-section wpb_row height_medium\"><div class=\"l-section-h i-cf\"><div class=\"g-cols vc_row via_grid cols_2 laptops-cols_inherit tablets-cols_inherit mobiles-cols_1 valign_top type_default stacking_default\"><div class=\"wpb_column vc_column_container\"><div class=\"vc_column-inner\"><div class=\"wpb_text_column\"><div class=\"wpb_wrapper\"><p>\u0160peci\u00e1lna div\u00edzia <a href=\"http:\/\/www.heiligmixers.com\" target=\"_blank\" rel=\"noopener noreferrer\"><strong>Heilig Mixing Technology<\/strong><\/a> sa zaober\u00e1 n\u00e1vrhom, v\u00fdrobou, in\u0161tal\u00e1ciou a tie\u017e \u00fadr\u017ebou k\u00f3nick\u00fdch mie\u0161ac\u00edch syst\u00e9mov a in\u00fdch priemyseln\u00fdch mie\u0161adiel. Okrem v\u00fdroby nov\u00fdch mie\u0161adiel poskytuje aj servis a opravy pre v\u0161etky typy priemyseln\u00fdch mie\u0161ac\u00edch syst\u00e9mov.<\/p>\n<\/div><\/div><\/div><\/div><div class=\"wpb_column vc_column_container\"><div class=\"vc_column-inner\"><div class=\"w-video align_center ratio_16x9 has_iframe\"><div class=\"w-video-h\"><iframe title=\"Youtube video player\" src=\"\/\/www.youtube.com\/embed\/27zd4ERiZPU?autoplay=0&controls=1&origin=https:\/\/www.heilig-group.com\/sk\/&loop=0&mute=0\" allowfullscreen=\"1\" loading=\"lazy\"><\/iframe><\/div><\/div><\/div><\/div><\/div><\/div><\/section><section class=\"l-section wpb_row us_custom_e5f1420c height_small\"><div class=\"l-section-h i-cf\"><div class=\"g-cols vc_row via_grid cols_4 laptops-cols_inherit tablets-cols_inherit mobiles-cols_1 valign_top type_default stacking_default\"><div class=\"wpb_column vc_column_container\"><div class=\"vc_column-inner\"><div class=\"wpb_text_column\"><div class=\"wpb_wrapper\"><p>[vc_single_image image=&#8220;8842&#8243; img_size=&#8220;310&#215;170&#8243; css_animation=&#8220;fadeIn&#8220;]<div class=\"wpb_text_column\"><div class=\"wpb_wrapper\"><\/div><\/div>\n<h4><strong>V-mixer typ 10.000-PLOR<\/strong><\/h4>\n<p>Kapacita: 10.000 litrov<br \/>\nKon\u0161trukcia aj rameno z nehrdzavej\u00facej ocele<\/p>\n<\/div><\/div><\/div><\/div><div class=\"wpb_column vc_column_container\"><div class=\"vc_column-inner\"><div class=\"wpb_text_column\"><div class=\"wpb_wrapper\"><p>[vc_single_image image=&#8220;8841&#8243; img_size=&#8220;310&#215;170&#8243; css_animation=&#8220;fadeIn&#8220;]<div class=\"wpb_text_column\"><div class=\"wpb_wrapper\"><\/div><\/div>\n<h4><strong>Oprava mie\u0161acieho ramena<\/strong><\/h4>\n<p>Gener\u00e1lne opravy priemyseln\u00fdch mie\u0161adiel nez\u00e1visle od typu \u010di zna\u010dky<\/p>\n<\/div><\/div><\/div><\/div><div class=\"wpb_column vc_column_container\"><div class=\"vc_column-inner\"><div class=\"wpb_text_column\"><div class=\"wpb_wrapper\"><p>[vc_single_image image=&#8220;8843&#8243; img_size=&#8220;310&#215;170&#8243; css_animation=&#8220;fadeIn&#8220;]<div class=\"wpb_text_column\"><div class=\"wpb_wrapper\"><\/div><\/div>\n<h4><strong>V-mixer typ 120-VDR<\/strong><\/h4>\n<p>Kapacita: 100 litrov<br \/>\nKon\u0161trukcia z nehrdzavej\u00facej ocele, rameno z m\u00e4kkej ocele<\/p>\n<\/div><\/div><\/div><\/div><div class=\"wpb_column vc_column_container\"><div class=\"vc_column-inner\"><div class=\"wpb_text_column\"><div class=\"wpb_wrapper\"><p>[vc_single_image image=&#8220;8844&#8243; img_size=&#8220;310&#215;170&#8243; css_animation=&#8220;fadeIn&#8220;]<div class=\"wpb_text_column\"><div class=\"wpb_wrapper\"><\/div><\/div>\n<h4><strong>N\u00e1hradn\u00e9 diely pre priemyseln\u00e9 mie\u0161adl\u00e1<\/strong><\/h4>\n<p>Najd\u00f4le\u017eitej\u0161ie diely m\u00e1me v\u017edy na sklade; \u0161pecifickej\u0161ie dok\u00e1\u017eeme r\u00fdchlo vyrobi\u0165 priamo u n\u00e1s na dielni<\/p>\n<\/div><\/div><\/div><\/div><\/div><\/div><\/section>\n","protected":false},"excerpt":{"rendered":"Priemyseln\u00e9 mie\u0161adl\u00e1Domovsk\u00e1 str\u00e1nkaStr\u00e1nky\u0160peci\u00e1lna div\u00edzia Heilig Mixing Technology sa zaober\u00e1 n\u00e1vrhom, v\u00fdrobou, in\u0161tal\u00e1ciou a tie\u017e \u00fadr\u017ebou k\u00f3nick\u00fdch mie\u0161ac\u00edch syst\u00e9mov a in\u00fdch priemyseln\u00fdch mie\u0161adiel. Okrem v\u00fdroby nov\u00fdch mie\u0161adiel poskytuje aj servis a opravy pre v\u0161etky typy priemyseln\u00fdch mie\u0161ac\u00edch syst\u00e9mov. [vc_single_image image=&#8220;8842&#8243; img_size=&#8220;310&#215;170&#8243; css_animation=&#8220;fadeIn&#8220;] V-mixer typ 10.000-PLOR Kapacita: 10.000 litrov Kon\u0161trukcia aj rameno z nehrdzavej\u00facej ocele [vc_single_image image=&#8220;8841&#8243;...","protected":false},"author":56,"featured_media":0,"parent":8918,"menu_order":0,"comment_status":"closed","ping_status":"closed","template":"","meta":{"_acf_changed":false,"footnotes":""},"class_list":["post-8816","page","type-page","status-publish","hentry"],"acf":[],"yoast_head":"<!-- This site is optimized with the Yoast SEO plugin v27.5 - https:\/\/yoast.com\/product\/yoast-seo-wordpress\/ -->\n<title>Priemyseln\u00e9 mie\u0161adl\u00e1 - Heilig Group<\/title>\n<meta name=\"description\" content=\"N\u00e1vrh, v\u00fdroba, in\u0161tal\u00e1cia a tie\u017e \u00fadr\u017eba k\u00f3nick\u00fdch mie\u0161ac\u00edch syst\u00e9mov a in\u00fdch priemyseln\u00fdch mie\u0161adiel.\" \/>\n<meta name=\"robots\" content=\"index, follow, max-snippet:-1, max-image-preview:large, max-video-preview:-1\" \/>\n<link rel=\"canonical\" href=\"https:\/\/www.heilig-group.com\/sk\/referencie\/priemyselne-miesadla\/\" \/>\n<meta property=\"og:locale\" content=\"sk_SK\" \/>\n<meta property=\"og:type\" content=\"article\" \/>\n<meta property=\"og:title\" content=\"Priemyseln\u00e9 mie\u0161adl\u00e1 - Heilig Group\" \/>\n<meta property=\"og:description\" content=\"N\u00e1vrh, v\u00fdroba, in\u0161tal\u00e1cia a tie\u017e \u00fadr\u017eba k\u00f3nick\u00fdch mie\u0161ac\u00edch syst\u00e9mov a in\u00fdch priemyseln\u00fdch mie\u0161adiel.\" \/>\n<meta property=\"og:url\" content=\"https:\/\/www.heilig-group.com\/sk\/referencie\/priemyselne-miesadla\/\" \/>\n<meta property=\"og:site_name\" content=\"Heilig Group\" \/>\n<meta property=\"article:modified_time\" content=\"2025-08-04T15:06:48+00:00\" \/>\n<meta name=\"twitter:card\" content=\"summary_large_image\" \/>\n<meta name=\"twitter:label1\" content=\"Predpokladan\u00fd \u010das \u010d\u00edtania\" \/>\n\t<meta name=\"twitter:data1\" content=\"1 min\u00fata\" \/>\n<script type=\"application\/ld+json\" class=\"yoast-schema-graph\">{\"@context\":\"https:\\\/\\\/schema.org\",\"@graph\":[{\"@type\":\"WebPage\",\"@id\":\"https:\\\/\\\/www.heilig-group.com\\\/sk\\\/referencie\\\/priemyselne-miesadla\\\/\",\"url\":\"https:\\\/\\\/www.heilig-group.com\\\/sk\\\/referencie\\\/priemyselne-miesadla\\\/\",\"name\":\"Priemyseln\u00e9 mie\u0161adl\u00e1 - Heilig Group\",\"isPartOf\":{\"@id\":\"https:\\\/\\\/www.heilig-group.com\\\/sk\\\/#website\"},\"datePublished\":\"2018-06-06T08:42:43+00:00\",\"dateModified\":\"2025-08-04T15:06:48+00:00\",\"description\":\"N\u00e1vrh, v\u00fdroba, in\u0161tal\u00e1cia a tie\u017e \u00fadr\u017eba k\u00f3nick\u00fdch mie\u0161ac\u00edch syst\u00e9mov a in\u00fdch priemyseln\u00fdch mie\u0161adiel.\",\"breadcrumb\":{\"@id\":\"https:\\\/\\\/www.heilig-group.com\\\/sk\\\/referencie\\\/priemyselne-miesadla\\\/#breadcrumb\"},\"inLanguage\":\"sk-SK\",\"potentialAction\":[{\"@type\":\"ReadAction\",\"target\":[\"https:\\\/\\\/www.heilig-group.com\\\/sk\\\/referencie\\\/priemyselne-miesadla\\\/\"]}]},{\"@type\":\"BreadcrumbList\",\"@id\":\"https:\\\/\\\/www.heilig-group.com\\\/sk\\\/referencie\\\/priemyselne-miesadla\\\/#breadcrumb\",\"itemListElement\":[{\"@type\":\"ListItem\",\"position\":1,\"name\":\"Home\",\"item\":\"https:\\\/\\\/www.heilig-group.com\\\/sk\\\/\"},{\"@type\":\"ListItem\",\"position\":2,\"name\":\"Referencie\",\"item\":\"https:\\\/\\\/www.heilig-group.com\\\/sk\\\/referencie\\\/\"},{\"@type\":\"ListItem\",\"position\":3,\"name\":\"Priemyseln\u00e9 mie\u0161adl\u00e1\"}]},{\"@type\":\"WebSite\",\"@id\":\"https:\\\/\\\/www.heilig-group.com\\\/sk\\\/#website\",\"url\":\"https:\\\/\\\/www.heilig-group.com\\\/sk\\\/\",\"name\":\"Heilig Group\",\"description\":\"Werken bij Heilig Group\",\"potentialAction\":[{\"@type\":\"SearchAction\",\"target\":{\"@type\":\"EntryPoint\",\"urlTemplate\":\"https:\\\/\\\/www.heilig-group.com\\\/sk\\\/?s={search_term_string}\"},\"query-input\":{\"@type\":\"PropertyValueSpecification\",\"valueRequired\":true,\"valueName\":\"search_term_string\"}}],\"inLanguage\":\"sk-SK\"}]}<\/script>\n<!-- \/ Yoast SEO plugin. -->","yoast_head_json":{"title":"Priemyseln\u00e9 mie\u0161adl\u00e1 - Heilig Group","description":"N\u00e1vrh, v\u00fdroba, in\u0161tal\u00e1cia a tie\u017e \u00fadr\u017eba k\u00f3nick\u00fdch mie\u0161ac\u00edch syst\u00e9mov a in\u00fdch priemyseln\u00fdch mie\u0161adiel.","robots":{"index":"index","follow":"follow","max-snippet":"max-snippet:-1","max-image-preview":"max-image-preview:large","max-video-preview":"max-video-preview:-1"},"canonical":"https:\/\/www.heilig-group.com\/sk\/referencie\/priemyselne-miesadla\/","og_locale":"sk_SK","og_type":"article","og_title":"Priemyseln\u00e9 mie\u0161adl\u00e1 - Heilig Group","og_description":"N\u00e1vrh, v\u00fdroba, in\u0161tal\u00e1cia a tie\u017e \u00fadr\u017eba k\u00f3nick\u00fdch mie\u0161ac\u00edch syst\u00e9mov a in\u00fdch priemyseln\u00fdch mie\u0161adiel.","og_url":"https:\/\/www.heilig-group.com\/sk\/referencie\/priemyselne-miesadla\/","og_site_name":"Heilig Group","article_modified_time":"2025-08-04T15:06:48+00:00","twitter_card":"summary_large_image","twitter_misc":{"Predpokladan\u00fd \u010das \u010d\u00edtania":"1 min\u00fata"},"schema":{"@context":"https:\/\/schema.org","@graph":[{"@type":"WebPage","@id":"https:\/\/www.heilig-group.com\/sk\/referencie\/priemyselne-miesadla\/","url":"https:\/\/www.heilig-group.com\/sk\/referencie\/priemyselne-miesadla\/","name":"Priemyseln\u00e9 mie\u0161adl\u00e1 - Heilig Group","isPartOf":{"@id":"https:\/\/www.heilig-group.com\/sk\/#website"},"datePublished":"2018-06-06T08:42:43+00:00","dateModified":"2025-08-04T15:06:48+00:00","description":"N\u00e1vrh, v\u00fdroba, in\u0161tal\u00e1cia a tie\u017e \u00fadr\u017eba k\u00f3nick\u00fdch mie\u0161ac\u00edch syst\u00e9mov a in\u00fdch priemyseln\u00fdch mie\u0161adiel.","breadcrumb":{"@id":"https:\/\/www.heilig-group.com\/sk\/referencie\/priemyselne-miesadla\/#breadcrumb"},"inLanguage":"sk-SK","potentialAction":[{"@type":"ReadAction","target":["https:\/\/www.heilig-group.com\/sk\/referencie\/priemyselne-miesadla\/"]}]},{"@type":"BreadcrumbList","@id":"https:\/\/www.heilig-group.com\/sk\/referencie\/priemyselne-miesadla\/#breadcrumb","itemListElement":[{"@type":"ListItem","position":1,"name":"Home","item":"https:\/\/www.heilig-group.com\/sk\/"},{"@type":"ListItem","position":2,"name":"Referencie","item":"https:\/\/www.heilig-group.com\/sk\/referencie\/"},{"@type":"ListItem","position":3,"name":"Priemyseln\u00e9 mie\u0161adl\u00e1"}]},{"@type":"WebSite","@id":"https:\/\/www.heilig-group.com\/sk\/#website","url":"https:\/\/www.heilig-group.com\/sk\/","name":"Heilig Group","description":"Werken bij Heilig Group","potentialAction":[{"@type":"SearchAction","target":{"@type":"EntryPoint","urlTemplate":"https:\/\/www.heilig-group.com\/sk\/?s={search_term_string}"},"query-input":{"@type":"PropertyValueSpecification","valueRequired":true,"valueName":"search_term_string"}}],"inLanguage":"sk-SK"}]}},"_links":{"self":[{"href":"https:\/\/www.heilig-group.com\/sk\/wp-json\/wp\/v2\/pages\/8816","targetHints":{"allow":["GET"]}}],"collection":[{"href":"https:\/\/www.heilig-group.com\/sk\/wp-json\/wp\/v2\/pages"}],"about":[{"href":"https:\/\/www.heilig-group.com\/sk\/wp-json\/wp\/v2\/types\/page"}],"author":[{"embeddable":true,"href":"https:\/\/www.heilig-group.com\/sk\/wp-json\/wp\/v2\/users\/56"}],"replies":[{"embeddable":true,"href":"https:\/\/www.heilig-group.com\/sk\/wp-json\/wp\/v2\/comments?post=8816"}],"version-history":[{"count":2,"href":"https:\/\/www.heilig-group.com\/sk\/wp-json\/wp\/v2\/pages\/8816\/revisions"}],"predecessor-version":[{"id":23037,"href":"https:\/\/www.heilig-group.com\/sk\/wp-json\/wp\/v2\/pages\/8816\/revisions\/23037"}],"up":[{"embeddable":true,"href":"https:\/\/www.heilig-group.com\/sk\/wp-json\/wp\/v2\/pages\/8918"}],"wp:attachment":[{"href":"https:\/\/www.heilig-group.com\/sk\/wp-json\/wp\/v2\/media?parent=8816"}],"curies":[{"name":"wp","href":"https:\/\/api.w.org\/{rel}","templated":true}]}}