{"id":8767,"date":"2018-06-06T09:15:03","date_gmt":"2018-06-06T09:15:03","guid":{"rendered":"https:\/\/www.heilig-group.com\/wood-processing-machines\/"},"modified":"2025-08-05T07:03:34","modified_gmt":"2025-08-05T07:03:34","slug":"drevospracujuce-stroje","status":"publish","type":"page","link":"https:\/\/www.heilig-group.com\/sk\/referencie\/drevospracujuce-stroje\/","title":{"rendered":"Drevospracuj\u00face stroje"},"content":{"rendered":"<section class=\"l-section wpb_row height_large with_img\"><div class=\"l-section-img\" role=\"img\" aria-label=\"Obr\u00e1zok\" data-img-width=\"1920\" data-img-height=\"355\" style=\"background-image: url(https:\/\/www.heilig-group.com\/wp-content\/uploads\/2025\/05\/HeiligGroup_Header_Houtverwerkingsmachines.jpg);\"><\/div><div class=\"l-section-h i-cf\"><div class=\"g-cols vc_row via_grid cols_1 laptops-cols_inherit tablets-cols_inherit mobiles-cols_1 valign_top type_default stacking_default\"><div class=\"wpb_column vc_column_container\"><div class=\"vc_column-inner\"><h1 class=\"w-post-elm post_title us_custom_8b3d6790 has_text_color align_left entry-title color_link_inherit\">Drevospracuj\u00face stroje<\/h1><nav class=\"g-breadcrumbs us_custom_89e92469 has_text_color separator_icon align_left\" itemscope itemtype=\"http:\/\/schema.org\/BreadcrumbList\"><div class=\"g-breadcrumbs-item\" itemscope itemprop=\"itemListElement\" itemtype=\"http:\/\/schema.org\/ListItem\"><a itemprop=\"item\" href=\"https:\/\/www.heilig-group.com\/sk\/\"><span itemprop=\"name\">Domovsk\u00e1 str\u00e1nka<\/span><\/a><meta itemprop=\"position\" content=\"1\"\/><\/div><div class=\"g-breadcrumbs-separator\"><i class=\"far fa-angle-right\"><\/i><\/div><div class=\"g-breadcrumbs-item\">Str\u00e1nky<\/div><\/nav><\/div><\/div><\/div><\/div><\/section><section class=\"l-section wpb_row height_medium\"><div class=\"l-section-h i-cf\"><div class=\"g-cols vc_row via_grid cols_2 laptops-cols_inherit tablets-cols_inherit mobiles-cols_1 valign_top type_default stacking_default\"><div class=\"wpb_column vc_column_container\"><div class=\"vc_column-inner\"><div class=\"wpb_text_column\"><div class=\"wpb_wrapper\"><p>Pon\u00fakame n\u00e1vrh a v\u00fdrobu r\u00f4znych strojov na kompletn\u00fdch rie\u0161en\u00ed pre spravdovanie dreva. Pozrite sa na niektor\u00e9 z na\u0161ich projektov.<\/p>\n<\/div><\/div><\/div><\/div><div class=\"wpb_column vc_column_container\"><div class=\"vc_column-inner\"><div class=\"w-video align_center ratio_16x9 has_iframe\"><div class=\"w-video-h\"><iframe title=\"Youtube video player\" src=\"\/\/www.youtube.com\/embed\/KJVEsVWf4LY?autoplay=0&controls=1&origin=https:\/\/www.heilig-group.com\/sk\/&loop=0&mute=0\" allowfullscreen=\"1\" loading=\"lazy\"><\/iframe><\/div><\/div><\/div><\/div><\/div><\/div><\/section><section class=\"l-section wpb_row us_custom_04a0b995 height_small\"><div class=\"l-section-h i-cf\"><div class=\"g-cols vc_row via_grid cols_4 laptops-cols_inherit tablets-cols_inherit mobiles-cols_1 valign_top type_default stacking_default\"><div class=\"wpb_column vc_column_container\"><div class=\"vc_column-inner\"><div class=\"wpb_text_column\"><div class=\"wpb_wrapper\"><p>[vc_single_image image=&#8220;8798&#8243; img_size=&#8220;310&#215;170&#8243; css_animation=&#8220;fadeIn&#8220;]<div class=\"wpb_text_column\"><div class=\"wpb_wrapper\"><\/div><\/div>\n<h4><strong>Stroj na odk\u00f4r\u0148ovanie<\/strong><\/h4>\n<\/div><\/div><\/div><\/div><div class=\"wpb_column vc_column_container\"><div class=\"vc_column-inner\"><div class=\"wpb_text_column\"><div class=\"wpb_wrapper\"><p>[vc_single_image image=&#8220;8799&#8243; img_size=&#8220;310&#215;170&#8243; css_animation=&#8220;fadeIn&#8220;]<div class=\"wpb_text_column\"><div class=\"wpb_wrapper\"><\/div><\/div>\n<h4><strong>Automatick\u00e9 p\u00edly na drevo<\/strong><\/h4>\n<\/div><\/div><\/div><\/div><div class=\"wpb_column vc_column_container\"><div class=\"vc_column-inner\"><div class=\"wpb_text_column\"><div class=\"wpb_wrapper\"><p>[vc_single_image image=&#8220;8801&#8243; img_size=&#8220;310&#215;170&#8243; css_animation=&#8220;fadeIn&#8220;]<div class=\"wpb_text_column\"><div class=\"wpb_wrapper\"><\/div><\/div>\n<h4><strong>Sharpeners for timber<\/strong><\/h4>\n<\/div><\/div><\/div><\/div><div class=\"wpb_column vc_column_container\"><div class=\"vc_column-inner\"><div class=\"wpb_text_column\"><div class=\"wpb_wrapper\"><p>[vc_single_image image=&#8220;8800&#8243; img_size=&#8220;310&#215;170&#8243; css_animation=&#8220;fadeIn&#8220;]<div class=\"wpb_text_column\"><div class=\"wpb_wrapper\"><\/div><\/div>\n<h4><strong>Profilovacie stroje<\/strong><\/h4>\n<\/div><\/div><\/div><\/div><\/div><\/div><\/section>\n","protected":false},"excerpt":{"rendered":"Drevospracuj\u00face strojeDomovsk\u00e1 str\u00e1nkaStr\u00e1nkyPon\u00fakame n\u00e1vrh a v\u00fdrobu r\u00f4znych strojov na kompletn\u00fdch rie\u0161en\u00ed pre spravdovanie dreva. Pozrite sa na niektor\u00e9 z na\u0161ich projektov. [vc_single_image image=&#8220;8798&#8243; img_size=&#8220;310&#215;170&#8243; css_animation=&#8220;fadeIn&#8220;] Stroj na odk\u00f4r\u0148ovanie [vc_single_image image=&#8220;8799&#8243; img_size=&#8220;310&#215;170&#8243; css_animation=&#8220;fadeIn&#8220;] Automatick\u00e9 p\u00edly na drevo [vc_single_image image=&#8220;8801&#8243; img_size=&#8220;310&#215;170&#8243; css_animation=&#8220;fadeIn&#8220;] Sharpeners for timber [vc_single_image image=&#8220;8800&#8243; img_size=&#8220;310&#215;170&#8243; css_animation=&#8220;fadeIn&#8220;] Profilovacie stroje","protected":false},"author":56,"featured_media":0,"parent":8918,"menu_order":0,"comment_status":"closed","ping_status":"closed","template":"","meta":{"_acf_changed":false,"footnotes":""},"class_list":["post-8767","page","type-page","status-publish","hentry"],"acf":[],"yoast_head":"<!-- This site is optimized with the Yoast SEO plugin v27.5 - https:\/\/yoast.com\/product\/yoast-seo-wordpress\/ -->\n<title>Drevospracuj\u00face stroje - Heilig Group<\/title>\n<meta name=\"description\" content=\"Vyr\u00e1bame stroje na spracovanie dreva - od jednoduch\u00fdch mal\u00fdch ma\u0161\u00edn po kompletn\u00e9 automatick\u00e9 linky.\" \/>\n<meta name=\"robots\" content=\"index, follow, max-snippet:-1, max-image-preview:large, max-video-preview:-1\" \/>\n<link rel=\"canonical\" href=\"https:\/\/www.heilig-group.com\/sk\/referencie\/drevospracujuce-stroje\/\" \/>\n<meta property=\"og:locale\" content=\"sk_SK\" \/>\n<meta property=\"og:type\" content=\"article\" \/>\n<meta property=\"og:title\" content=\"Drevospracuj\u00face stroje - Heilig Group\" \/>\n<meta property=\"og:description\" content=\"Vyr\u00e1bame stroje na spracovanie dreva - od jednoduch\u00fdch mal\u00fdch ma\u0161\u00edn po kompletn\u00e9 automatick\u00e9 linky.\" \/>\n<meta property=\"og:url\" content=\"https:\/\/www.heilig-group.com\/sk\/referencie\/drevospracujuce-stroje\/\" \/>\n<meta property=\"og:site_name\" content=\"Heilig Group\" \/>\n<meta property=\"article:modified_time\" content=\"2025-08-05T07:03:34+00:00\" \/>\n<meta name=\"twitter:card\" content=\"summary_large_image\" \/>\n<meta name=\"twitter:label1\" content=\"Predpokladan\u00fd \u010das \u010d\u00edtania\" \/>\n\t<meta name=\"twitter:data1\" content=\"1 min\u00fata\" \/>\n<script type=\"application\/ld+json\" class=\"yoast-schema-graph\">{\"@context\":\"https:\\\/\\\/schema.org\",\"@graph\":[{\"@type\":\"WebPage\",\"@id\":\"https:\\\/\\\/www.heilig-group.com\\\/sk\\\/referencie\\\/drevospracujuce-stroje\\\/\",\"url\":\"https:\\\/\\\/www.heilig-group.com\\\/sk\\\/referencie\\\/drevospracujuce-stroje\\\/\",\"name\":\"Drevospracuj\u00face stroje - Heilig Group\",\"isPartOf\":{\"@id\":\"https:\\\/\\\/www.heilig-group.com\\\/sk\\\/#website\"},\"datePublished\":\"2018-06-06T09:15:03+00:00\",\"dateModified\":\"2025-08-05T07:03:34+00:00\",\"description\":\"Vyr\u00e1bame stroje na spracovanie dreva - od jednoduch\u00fdch mal\u00fdch ma\u0161\u00edn po kompletn\u00e9 automatick\u00e9 linky.\",\"breadcrumb\":{\"@id\":\"https:\\\/\\\/www.heilig-group.com\\\/sk\\\/referencie\\\/drevospracujuce-stroje\\\/#breadcrumb\"},\"inLanguage\":\"sk-SK\",\"potentialAction\":[{\"@type\":\"ReadAction\",\"target\":[\"https:\\\/\\\/www.heilig-group.com\\\/sk\\\/referencie\\\/drevospracujuce-stroje\\\/\"]}]},{\"@type\":\"BreadcrumbList\",\"@id\":\"https:\\\/\\\/www.heilig-group.com\\\/sk\\\/referencie\\\/drevospracujuce-stroje\\\/#breadcrumb\",\"itemListElement\":[{\"@type\":\"ListItem\",\"position\":1,\"name\":\"Home\",\"item\":\"https:\\\/\\\/www.heilig-group.com\\\/sk\\\/\"},{\"@type\":\"ListItem\",\"position\":2,\"name\":\"Referencie\",\"item\":\"https:\\\/\\\/www.heilig-group.com\\\/sk\\\/referencie\\\/\"},{\"@type\":\"ListItem\",\"position\":3,\"name\":\"Drevospracuj\u00face stroje\"}]},{\"@type\":\"WebSite\",\"@id\":\"https:\\\/\\\/www.heilig-group.com\\\/sk\\\/#website\",\"url\":\"https:\\\/\\\/www.heilig-group.com\\\/sk\\\/\",\"name\":\"Heilig Group\",\"description\":\"Werken bij Heilig Group\",\"potentialAction\":[{\"@type\":\"SearchAction\",\"target\":{\"@type\":\"EntryPoint\",\"urlTemplate\":\"https:\\\/\\\/www.heilig-group.com\\\/sk\\\/?s={search_term_string}\"},\"query-input\":{\"@type\":\"PropertyValueSpecification\",\"valueRequired\":true,\"valueName\":\"search_term_string\"}}],\"inLanguage\":\"sk-SK\"}]}<\/script>\n<!-- \/ Yoast SEO plugin. -->","yoast_head_json":{"title":"Drevospracuj\u00face stroje - Heilig Group","description":"Vyr\u00e1bame stroje na spracovanie dreva - od jednoduch\u00fdch mal\u00fdch ma\u0161\u00edn po kompletn\u00e9 automatick\u00e9 linky.","robots":{"index":"index","follow":"follow","max-snippet":"max-snippet:-1","max-image-preview":"max-image-preview:large","max-video-preview":"max-video-preview:-1"},"canonical":"https:\/\/www.heilig-group.com\/sk\/referencie\/drevospracujuce-stroje\/","og_locale":"sk_SK","og_type":"article","og_title":"Drevospracuj\u00face stroje - Heilig Group","og_description":"Vyr\u00e1bame stroje na spracovanie dreva - od jednoduch\u00fdch mal\u00fdch ma\u0161\u00edn po kompletn\u00e9 automatick\u00e9 linky.","og_url":"https:\/\/www.heilig-group.com\/sk\/referencie\/drevospracujuce-stroje\/","og_site_name":"Heilig Group","article_modified_time":"2025-08-05T07:03:34+00:00","twitter_card":"summary_large_image","twitter_misc":{"Predpokladan\u00fd \u010das \u010d\u00edtania":"1 min\u00fata"},"schema":{"@context":"https:\/\/schema.org","@graph":[{"@type":"WebPage","@id":"https:\/\/www.heilig-group.com\/sk\/referencie\/drevospracujuce-stroje\/","url":"https:\/\/www.heilig-group.com\/sk\/referencie\/drevospracujuce-stroje\/","name":"Drevospracuj\u00face stroje - Heilig Group","isPartOf":{"@id":"https:\/\/www.heilig-group.com\/sk\/#website"},"datePublished":"2018-06-06T09:15:03+00:00","dateModified":"2025-08-05T07:03:34+00:00","description":"Vyr\u00e1bame stroje na spracovanie dreva - od jednoduch\u00fdch mal\u00fdch ma\u0161\u00edn po kompletn\u00e9 automatick\u00e9 linky.","breadcrumb":{"@id":"https:\/\/www.heilig-group.com\/sk\/referencie\/drevospracujuce-stroje\/#breadcrumb"},"inLanguage":"sk-SK","potentialAction":[{"@type":"ReadAction","target":["https:\/\/www.heilig-group.com\/sk\/referencie\/drevospracujuce-stroje\/"]}]},{"@type":"BreadcrumbList","@id":"https:\/\/www.heilig-group.com\/sk\/referencie\/drevospracujuce-stroje\/#breadcrumb","itemListElement":[{"@type":"ListItem","position":1,"name":"Home","item":"https:\/\/www.heilig-group.com\/sk\/"},{"@type":"ListItem","position":2,"name":"Referencie","item":"https:\/\/www.heilig-group.com\/sk\/referencie\/"},{"@type":"ListItem","position":3,"name":"Drevospracuj\u00face stroje"}]},{"@type":"WebSite","@id":"https:\/\/www.heilig-group.com\/sk\/#website","url":"https:\/\/www.heilig-group.com\/sk\/","name":"Heilig Group","description":"Werken bij Heilig Group","potentialAction":[{"@type":"SearchAction","target":{"@type":"EntryPoint","urlTemplate":"https:\/\/www.heilig-group.com\/sk\/?s={search_term_string}"},"query-input":{"@type":"PropertyValueSpecification","valueRequired":true,"valueName":"search_term_string"}}],"inLanguage":"sk-SK"}]}},"_links":{"self":[{"href":"https:\/\/www.heilig-group.com\/sk\/wp-json\/wp\/v2\/pages\/8767","targetHints":{"allow":["GET"]}}],"collection":[{"href":"https:\/\/www.heilig-group.com\/sk\/wp-json\/wp\/v2\/pages"}],"about":[{"href":"https:\/\/www.heilig-group.com\/sk\/wp-json\/wp\/v2\/types\/page"}],"author":[{"embeddable":true,"href":"https:\/\/www.heilig-group.com\/sk\/wp-json\/wp\/v2\/users\/56"}],"replies":[{"embeddable":true,"href":"https:\/\/www.heilig-group.com\/sk\/wp-json\/wp\/v2\/comments?post=8767"}],"version-history":[{"count":2,"href":"https:\/\/www.heilig-group.com\/sk\/wp-json\/wp\/v2\/pages\/8767\/revisions"}],"predecessor-version":[{"id":23075,"href":"https:\/\/www.heilig-group.com\/sk\/wp-json\/wp\/v2\/pages\/8767\/revisions\/23075"}],"up":[{"embeddable":true,"href":"https:\/\/www.heilig-group.com\/sk\/wp-json\/wp\/v2\/pages\/8918"}],"wp:attachment":[{"href":"https:\/\/www.heilig-group.com\/sk\/wp-json\/wp\/v2\/media?parent=8767"}],"curies":[{"name":"wp","href":"https:\/\/api.w.org\/{rel}","templated":true}]}}