{"id":8765,"date":"2018-06-06T09:30:16","date_gmt":"2018-06-06T09:30:16","guid":{"rendered":"https:\/\/www.heilig-group.com\/exploitation\/"},"modified":"2019-01-25T14:29:00","modified_gmt":"2019-01-25T14:29:00","slug":"exploitation","status":"publish","type":"page","link":"https:\/\/www.heilig-group.com\/sk\/exploitation\/","title":{"rendered":"Exploitation"},"content":{"rendered":"<section class=\"l-section wpb_row us_custom_9c090e8e height_small\"><div class=\"l-section-h i-cf\"><div class=\"g-cols vc_row via_grid cols_3 laptops-cols_inherit tablets-cols_inherit mobiles-cols_1 valign_top type_default stacking_default\" style=\"--columns-gap:calc(3rem + 1);\"><div class=\"wpb_column vc_column_container\"><div class=\"vc_column-inner\">[vc_single_image image=&#8220;6244&#8243; img_size=&#8220;370&#215;230&#8243; css_animation=&#8220;fadeIn&#8220;]<div class=\"wpb_text_column\"><div class=\"wpb_wrapper\"><h4>Financial and investment structures<\/h4>\n<p>We offer various financial and investment structures with regard to the processing installations for recycling and bulk handling we engineer and install.<\/p>\n<\/div><\/div><\/div><\/div><div class=\"wpb_column vc_column_container\"><div class=\"vc_column-inner\">[vc_single_image image=&#8220;6246&#8243; img_size=&#8220;370&#215;230&#8243; css_animation=&#8220;fadeIn&#8220;]<div class=\"wpb_text_column\"><div class=\"wpb_wrapper\"><h4>Operational management and maintenance<\/h4>\n<p>We supply processing systems for ship loading and unloading. At your choice we also offer the operational management and maintenance, as temporary solution or support durig start-up.<\/p>\n<\/div><\/div><\/div><\/div><div class=\"wpb_column vc_column_container\"><div class=\"vc_column-inner\">[vc_single_image image=&#8220;6248&#8243; img_size=&#8220;370&#215;230&#8243; css_animation=&#8220;fadeIn&#8220;]<div class=\"wpb_text_column\"><div class=\"wpb_wrapper\"><h4>Supply and operational management<\/h4>\n<p>We engineer, manufacture and install machinery and processing systems. At your choice we also offer the operational management, as well as the maintenance, can be carried out by us.<\/p>\n<\/div><\/div><\/div><\/div><\/div><\/div><\/section>\n","protected":false},"excerpt":{"rendered":"[vc_single_image image=\"6244\" img_size=\"370x230\" css_animation=\"fadeIn\"]Financial and investment structures We offer various financial and investment structures with regard to the processing installations for recycling and bulk handling we engineer and install. [vc_single_image image=\"6246\" img_size=\"370x230\" css_animation=\"fadeIn\"]Operational management and maintenance We supply processing systems for ship loading and unloading. At your choice we also offer the operational management and...","protected":false},"author":56,"featured_media":0,"parent":0,"menu_order":0,"comment_status":"closed","ping_status":"closed","template":"page-templates\/full-width-page.php","meta":{"_acf_changed":false,"footnotes":""},"class_list":["post-8765","page","type-page","status-publish","hentry"],"acf":[],"yoast_head":"<!-- This site is optimized with the Yoast SEO plugin v27.5 - https:\/\/yoast.com\/product\/yoast-seo-wordpress\/ -->\n<title>Exploitation - Heilig Group<\/title>\n<meta name=\"description\" content=\"We engineer, manufacture and install machinery and processing systems.\" \/>\n<meta name=\"robots\" content=\"index, follow, max-snippet:-1, max-image-preview:large, max-video-preview:-1\" \/>\n<link rel=\"canonical\" href=\"https:\/\/www.heilig-group.com\/sk\/exploitation\/\" \/>\n<meta property=\"og:locale\" content=\"sk_SK\" \/>\n<meta property=\"og:type\" content=\"article\" \/>\n<meta property=\"og:title\" content=\"Exploitation - Heilig Group\" \/>\n<meta property=\"og:description\" content=\"We engineer, manufacture and install machinery and processing systems.\" \/>\n<meta property=\"og:url\" content=\"https:\/\/www.heilig-group.com\/sk\/exploitation\/\" \/>\n<meta property=\"og:site_name\" content=\"Heilig Group\" \/>\n<meta property=\"article:modified_time\" content=\"2019-01-25T14:29:00+00:00\" \/>\n<meta name=\"twitter:card\" content=\"summary_large_image\" \/>\n<meta name=\"twitter:label1\" content=\"Predpokladan\u00fd \u010das \u010d\u00edtania\" \/>\n\t<meta name=\"twitter:data1\" content=\"1 min\u00fata\" \/>\n<script type=\"application\/ld+json\" class=\"yoast-schema-graph\">{\"@context\":\"https:\\\/\\\/schema.org\",\"@graph\":[{\"@type\":\"WebPage\",\"@id\":\"https:\\\/\\\/www.heilig-group.com\\\/sk\\\/exploitation\\\/\",\"url\":\"https:\\\/\\\/www.heilig-group.com\\\/sk\\\/exploitation\\\/\",\"name\":\"Exploitation - Heilig Group\",\"isPartOf\":{\"@id\":\"https:\\\/\\\/www.heilig-group.com\\\/sk\\\/#website\"},\"datePublished\":\"2018-06-06T09:30:16+00:00\",\"dateModified\":\"2019-01-25T14:29:00+00:00\",\"description\":\"We engineer, manufacture and install machinery and processing systems.\",\"breadcrumb\":{\"@id\":\"https:\\\/\\\/www.heilig-group.com\\\/sk\\\/exploitation\\\/#breadcrumb\"},\"inLanguage\":\"sk-SK\",\"potentialAction\":[{\"@type\":\"ReadAction\",\"target\":[\"https:\\\/\\\/www.heilig-group.com\\\/sk\\\/exploitation\\\/\"]}]},{\"@type\":\"BreadcrumbList\",\"@id\":\"https:\\\/\\\/www.heilig-group.com\\\/sk\\\/exploitation\\\/#breadcrumb\",\"itemListElement\":[{\"@type\":\"ListItem\",\"position\":1,\"name\":\"Home\",\"item\":\"https:\\\/\\\/www.heilig-group.com\\\/sk\\\/\"},{\"@type\":\"ListItem\",\"position\":2,\"name\":\"Exploitation\"}]},{\"@type\":\"WebSite\",\"@id\":\"https:\\\/\\\/www.heilig-group.com\\\/sk\\\/#website\",\"url\":\"https:\\\/\\\/www.heilig-group.com\\\/sk\\\/\",\"name\":\"Heilig Group\",\"description\":\"Werken bij Heilig Group\",\"potentialAction\":[{\"@type\":\"SearchAction\",\"target\":{\"@type\":\"EntryPoint\",\"urlTemplate\":\"https:\\\/\\\/www.heilig-group.com\\\/sk\\\/?s={search_term_string}\"},\"query-input\":{\"@type\":\"PropertyValueSpecification\",\"valueRequired\":true,\"valueName\":\"search_term_string\"}}],\"inLanguage\":\"sk-SK\"}]}<\/script>\n<!-- \/ Yoast SEO plugin. -->","yoast_head_json":{"title":"Exploitation - Heilig Group","description":"We engineer, manufacture and install machinery and processing systems.","robots":{"index":"index","follow":"follow","max-snippet":"max-snippet:-1","max-image-preview":"max-image-preview:large","max-video-preview":"max-video-preview:-1"},"canonical":"https:\/\/www.heilig-group.com\/sk\/exploitation\/","og_locale":"sk_SK","og_type":"article","og_title":"Exploitation - Heilig Group","og_description":"We engineer, manufacture and install machinery and processing systems.","og_url":"https:\/\/www.heilig-group.com\/sk\/exploitation\/","og_site_name":"Heilig Group","article_modified_time":"2019-01-25T14:29:00+00:00","twitter_card":"summary_large_image","twitter_misc":{"Predpokladan\u00fd \u010das \u010d\u00edtania":"1 min\u00fata"},"schema":{"@context":"https:\/\/schema.org","@graph":[{"@type":"WebPage","@id":"https:\/\/www.heilig-group.com\/sk\/exploitation\/","url":"https:\/\/www.heilig-group.com\/sk\/exploitation\/","name":"Exploitation - Heilig Group","isPartOf":{"@id":"https:\/\/www.heilig-group.com\/sk\/#website"},"datePublished":"2018-06-06T09:30:16+00:00","dateModified":"2019-01-25T14:29:00+00:00","description":"We engineer, manufacture and install machinery and processing systems.","breadcrumb":{"@id":"https:\/\/www.heilig-group.com\/sk\/exploitation\/#breadcrumb"},"inLanguage":"sk-SK","potentialAction":[{"@type":"ReadAction","target":["https:\/\/www.heilig-group.com\/sk\/exploitation\/"]}]},{"@type":"BreadcrumbList","@id":"https:\/\/www.heilig-group.com\/sk\/exploitation\/#breadcrumb","itemListElement":[{"@type":"ListItem","position":1,"name":"Home","item":"https:\/\/www.heilig-group.com\/sk\/"},{"@type":"ListItem","position":2,"name":"Exploitation"}]},{"@type":"WebSite","@id":"https:\/\/www.heilig-group.com\/sk\/#website","url":"https:\/\/www.heilig-group.com\/sk\/","name":"Heilig Group","description":"Werken bij Heilig Group","potentialAction":[{"@type":"SearchAction","target":{"@type":"EntryPoint","urlTemplate":"https:\/\/www.heilig-group.com\/sk\/?s={search_term_string}"},"query-input":{"@type":"PropertyValueSpecification","valueRequired":true,"valueName":"search_term_string"}}],"inLanguage":"sk-SK"}]}},"_links":{"self":[{"href":"https:\/\/www.heilig-group.com\/sk\/wp-json\/wp\/v2\/pages\/8765","targetHints":{"allow":["GET"]}}],"collection":[{"href":"https:\/\/www.heilig-group.com\/sk\/wp-json\/wp\/v2\/pages"}],"about":[{"href":"https:\/\/www.heilig-group.com\/sk\/wp-json\/wp\/v2\/types\/page"}],"author":[{"embeddable":true,"href":"https:\/\/www.heilig-group.com\/sk\/wp-json\/wp\/v2\/users\/56"}],"replies":[{"embeddable":true,"href":"https:\/\/www.heilig-group.com\/sk\/wp-json\/wp\/v2\/comments?post=8765"}],"version-history":[{"count":0,"href":"https:\/\/www.heilig-group.com\/sk\/wp-json\/wp\/v2\/pages\/8765\/revisions"}],"wp:attachment":[{"href":"https:\/\/www.heilig-group.com\/sk\/wp-json\/wp\/v2\/media?parent=8765"}],"curies":[{"name":"wp","href":"https:\/\/api.w.org\/{rel}","templated":true}]}}