{"id":8378,"date":"2018-03-09T15:05:02","date_gmt":"2018-03-09T15:05:02","guid":{"rendered":"https:\/\/www.heilig-group.com\/projects\/"},"modified":"2025-08-05T07:40:32","modified_gmt":"2025-08-05T07:40:32","slug":"projets","status":"publish","type":"page","link":"https:\/\/www.heilig-group.com\/fr\/projets\/","title":{"rendered":"Projets"},"content":{"rendered":"<section class=\"l-section wpb_row height_large with_img\"><div class=\"l-section-img\" role=\"img\" aria-label=\"Image\" data-img-width=\"1920\" data-img-height=\"355\" style=\"background-image: url(https:\/\/www.heilig-group.com\/wp-content\/uploads\/2025\/05\/HeiligGroup_Header_Fabricage.jpg);\"><\/div><div class=\"l-section-h i-cf\"><div class=\"g-cols vc_row via_grid cols_1 laptops-cols_inherit tablets-cols_inherit mobiles-cols_1 valign_top type_default stacking_default\"><div class=\"wpb_column vc_column_container\"><div class=\"vc_column-inner\"><h1 class=\"w-post-elm post_title us_custom_8b3d6790 has_text_color align_left entry-title color_link_inherit\">Projets<\/h1><nav class=\"g-breadcrumbs us_custom_89e92469 has_text_color separator_icon align_left\" itemscope itemtype=\"http:\/\/schema.org\/BreadcrumbList\"><div class=\"g-breadcrumbs-item\" itemscope itemprop=\"itemListElement\" itemtype=\"http:\/\/schema.org\/ListItem\"><a itemprop=\"item\" href=\"https:\/\/www.heilig-group.com\/fr\/\"><span itemprop=\"name\">Accueil<\/span><\/a><meta itemprop=\"position\" content=\"1\"\/><\/div><div class=\"g-breadcrumbs-separator\"><i class=\"far fa-angle-right\"><\/i><\/div><div class=\"g-breadcrumbs-item\">Pages<\/div><\/nav><\/div><\/div><\/div><\/div><\/section><section class=\"l-section wpb_row paddingnul height_medium\"><div class=\"l-section-h i-cf\"><div class=\"g-cols vc_row via_grid cols_2 laptops-cols_inherit tablets-cols_inherit mobiles-cols_1 valign_middle type_default stacking_default\"><div class=\"wpb_column vc_column_container\"><div class=\"vc_column-inner\"><div class=\"wpb_text_column\"><div class=\"wpb_wrapper\"><p>[vc_single_image image=\u00a0\u00bb8393&Prime; img_size=\u00a0\u00bbfull\u00a0\u00bb]<\/p>\n<\/div><\/div><\/div><\/div><div class=\"wpb_column vc_column_container\"><div class=\"vc_column-inner\"><div class=\"wpb_text_column us_custom_18bb81d9\"><div class=\"wpb_wrapper\"><h2><strong>RECYCLAGE ET TRAITEMENT DES D\u00c9CHETS <\/strong><\/h2>\n<p>Syst\u00e8mes de traitement, de transport, de tri, de s\u00e9paration, de lavage et de r\u00e9cup\u00e9ration de mat\u00e9riaux provenant de diff\u00e9rents flux de d\u00e9chets. Solutions pour les soci\u00e9t\u00e9s de tri des d\u00e9chets, les installations de revalorisation des d\u00e9chets en \u00e9nergie, d\u2019incin\u00e9ration des d\u00e9chets et de recyclage.<\/p>\n<\/div><\/div><div class=\"w-separator size_small\"><\/div><div class=\"w-btn-wrapper align_none\"><a class=\"w-btn us-btn-style_1\" href=\"\/fr\/projets\/recyclage-et-traitement-des-dechets\/\"><span class=\"w-btn-label\">En savoir plus<\/span><\/a><\/div><\/div><\/div><\/div><\/div><\/section><section class=\"l-section wpb_row paddingnul height_small\"><div class=\"l-section-h i-cf\"><div class=\"g-cols vc_row via_grid cols_2 laptops-cols_inherit tablets-cols_inherit mobiles-cols_1 valign_middle type_default stacking_default\"><div class=\"wpb_column vc_column_container\"><div class=\"vc_column-inner\"><div class=\"wpb_text_column us_custom_1a60e936\"><div class=\"wpb_wrapper\"><h2><strong>MANUTENTION DE MAT\u00c9RIAUX EN VRAC<\/strong><\/h2>\n<p>Solutions pour le transport, le convoyage, le tamisage, le m\u00e9lange, la r\u00e9duction, le lavage, le s\u00e9chage et le traitement des mati\u00e8res premi\u00e8res et des produits secs en vrac. Pour les processus de production o\u00f9 les mat\u00e9riaux sont transform\u00e9s en produits valorisables ou o\u00f9 le transbordement a lieu.<\/p>\n<\/div><\/div><div class=\"w-separator size_small\"><\/div><div class=\"w-btn-wrapper align_none\"><a class=\"w-btn us-btn-style_1\" href=\"\/fr\/projets\/manutention-de-materiaux-en-vrac\/\"><span class=\"w-btn-label\">En savoir plus<\/span><\/a><\/div><\/div><\/div><div class=\"wpb_column vc_column_container\"><div class=\"vc_column-inner\"><div class=\"wpb_text_column\"><div class=\"wpb_wrapper\"><p>[vc_single_image image=\u00a0\u00bb20950&Prime; img_size=\u00a0\u00bbfull\u00a0\u00bb]<\/p>\n<\/div><\/div><\/div><\/div><\/div><\/div><\/section><section class=\"l-section wpb_row paddingnul height_small\"><div class=\"l-section-h i-cf\"><div class=\"g-cols vc_row via_grid cols_2 laptops-cols_inherit tablets-cols_inherit mobiles-cols_1 valign_middle type_default stacking_default\"><div class=\"wpb_column vc_column_container\"><div class=\"vc_column-inner\"><div class=\"wpb_text_column\"><div class=\"wpb_wrapper\"><p>[vc_single_image image=\u00a0\u00bb8399&Prime; img_size=\u00a0\u00bbfull\u00a0\u00bb]<\/p>\n<\/div><\/div><\/div><\/div><div class=\"wpb_column vc_column_container\"><div class=\"vc_column-inner\"><div class=\"wpb_text_column us_custom_df74830b\"><div class=\"wpb_wrapper\"><h2><strong>M\u00c9LANGEURS INDUSTRIELS<\/strong><\/h2>\n<p>Sp\u00e9cialisation dans la conception, la fabrication, l\u2019installation et la maintenance de m\u00e9langeurs industriels avec une capacit\u00e9 allant jusqu\u2019\u00e0 75 000 Litres. M\u00e9langeurs pour mixer, homog\u00e9n\u00e9iser, refroidir, chauffer, enrober des poudres, p\u00e2tes et granul\u00e9s. \u00c9galement pour l&rsquo;injection de liquides ou le stockage de produits complexes \u00e0 charger.<\/p>\n<\/div><\/div><div class=\"w-separator size_small\"><\/div><div class=\"w-btn-wrapper align_none\"><a class=\"w-btn us-btn-style_1\" href=\"\/fr\/projets\/melangeurs-industriels\/\"><span class=\"w-btn-label\">En savoir plus<\/span><\/a><\/div><\/div><\/div><\/div><\/div><\/section><section class=\"l-section wpb_row paddingnul height_small\"><div class=\"l-section-h i-cf\"><div class=\"g-cols vc_row via_grid cols_2 laptops-cols_inherit tablets-cols_inherit mobiles-cols_1 valign_middle type_default stacking_default\"><div class=\"wpb_column vc_column_container\"><div class=\"vc_column-inner\"><div class=\"wpb_text_column us_custom_2168c912\"><div class=\"wpb_wrapper\"><h2><strong>\u00c9CHANGEURS DE CHALEUR <\/strong><\/h2>\n<p>\u00c9changeurs de chaleur industriels pour une utilisation efficiente de l&rsquo;\u00e9nergie et la r\u00e9cup\u00e9ration de chaleur. Conception et fabrication sur mesure d&rsquo;\u00e9changeurs de chaleur. De l&rsquo;ing\u00e9nierie thermique jusqu&rsquo;\u00e0 la fabrication et la livraison de l&rsquo;\u00e9quipement.<\/p>\n<\/div><\/div><div class=\"w-separator size_small\"><\/div><div class=\"w-btn-wrapper align_none\"><a class=\"w-btn us-btn-style_1\" href=\"\/fr\/projets\/echangeurs-de-chaleur\/\"><span class=\"w-btn-label\">En savoir plus<\/span><\/a><\/div><\/div><\/div><div class=\"wpb_column vc_column_container\"><div class=\"vc_column-inner\"><div class=\"wpb_text_column\"><div class=\"wpb_wrapper\"><p>[vc_single_image image=\u00a0\u00bb8400&Prime; img_size=\u00a0\u00bbfull\u00a0\u00bb]<\/p>\n<\/div><\/div><\/div><\/div><\/div><\/div><\/section><section class=\"l-section wpb_row paddingnul height_small\"><div class=\"l-section-h i-cf\"><div class=\"g-cols vc_row via_grid cols_2 laptops-cols_inherit tablets-cols_inherit mobiles-cols_1 valign_middle type_default stacking_default\"><div class=\"wpb_column vc_column_container\"><div class=\"vc_column-inner\"><div class=\"wpb_text_column\"><div class=\"wpb_wrapper\"><p>[vc_single_image image=\u00a0\u00bb8395&Prime; img_size=\u00a0\u00bbfull\u00a0\u00bb]<\/p>\n<\/div><\/div><\/div><\/div><div class=\"wpb_column vc_column_container\"><div class=\"vc_column-inner\"><div class=\"wpb_text_column us_custom_07728650\"><div class=\"wpb_wrapper\"><h2><strong>\u00c9LECTROTECHNIQUE<\/strong><\/h2>\n<p>Installations \u00e9lectriques dans les secteurs industriel, agricole et de la construction. Ing\u00e9nierie, gestion de projet, installation, mise en \u0153uvre et maintenance de tous types d&rsquo;installations \u00e9lectriques : b\u00e2timents avec installations basse tension, syst\u00e8mes de contr\u00f4le pour machines, visualisation de processus, syst\u00e8mes d&rsquo;\u00e9clairage, syst\u00e8mes de contr\u00f4le climatique dans l&rsquo;industrie agricole, syst\u00e8mes de d\u00e9tection incendie ou panneaux solaires.<\/p>\n<\/div><\/div><div class=\"w-separator size_small\"><\/div><div class=\"w-btn-wrapper align_none\"><a class=\"w-btn us-btn-style_1\" href=\"\/fr\/projets\/electrotechnique\/\"><span class=\"w-btn-label\">En savoir plus<\/span><\/a><\/div><\/div><\/div><\/div><\/div><\/section><section class=\"l-section wpb_row paddingnul height_small\"><div class=\"l-section-h i-cf\"><div class=\"g-cols vc_row via_grid cols_2 laptops-cols_inherit tablets-cols_inherit mobiles-cols_1 valign_middle type_default stacking_default\"><div class=\"wpb_column vc_column_container\"><div class=\"vc_column-inner\"><div class=\"wpb_text_column us_custom_5ee5a250\"><div class=\"wpb_wrapper\"><h2><strong>MACHINES DE TRAITEMENT DU BOIS<\/strong><\/h2>\n<p>Conception et construction de machines pour la transformation du bois provenant de l&rsquo;industrie foresti\u00e8re. Sp\u00e9cialisation dans les machines de scierie et les proc\u00e9d\u00e9s tels que l&rsquo;arrondissage, l&rsquo;\u00e9cor\u00e7age de rondins et de poteaux, le triage, le transport et le sciage du bois.<\/p>\n<\/div><\/div><div class=\"w-separator size_small\"><\/div><div class=\"w-btn-wrapper align_none\"><a class=\"w-btn us-btn-style_1\" href=\"\/fr\/projets\/machines-de-traitement-du-bois\/\"><span class=\"w-btn-label\">En savoir plus<\/span><\/a><\/div><\/div><\/div><div class=\"wpb_column vc_column_container\"><div class=\"vc_column-inner\"><div class=\"wpb_text_column\"><div class=\"wpb_wrapper\"><p>[vc_single_image image=\u00a0\u00bb8398&Prime; img_size=\u00a0\u00bbfull\u00a0\u00bb]<\/p>\n<\/div><\/div><\/div><\/div><\/div><\/div><\/section><section class=\"l-section wpb_row paddingnul height_small\"><div class=\"l-section-h i-cf\"><div class=\"g-cols vc_row via_grid cols_2 laptops-cols_inherit tablets-cols_inherit mobiles-cols_1 valign_middle type_default stacking_default\"><div class=\"wpb_column vc_column_container\"><div class=\"vc_column-inner\"><div class=\"wpb_text_column\"><div class=\"wpb_wrapper\"><p>[vc_single_image image=\u00a0\u00bb8397&Prime; img_size=\u00a0\u00bbfull\u00a0\u00bb]<\/p>\n<\/div><\/div><\/div><\/div><div class=\"wpb_column vc_column_container\"><div class=\"vc_column-inner\"><div class=\"wpb_text_column us_custom_354d71b3\"><div class=\"wpb_wrapper\"><h2><strong>FABRICATION ET PRODUCTION<\/strong><\/h2>\n<p>Nos sites de production dans toute l&rsquo;Europe fabriquent et produisent des machines, des \u00e9quipements et des syst\u00e8mes complets. Nous op\u00e9rons dans le cadre des certifications de gestion de la qualit\u00e9 requises, des certifications de qualit\u00e9 de soudage et des marquages CE sur les constructions, les machines et les \u00e9quipements sous pression.<br \/>\nLes installations sont \u00e9quip\u00e9es de mani\u00e8re \u00e0 pouvoir fabriquer des produits sur mesure, pour assurer l&rsquo;assemblage et l&rsquo;application de rev\u00eatements sur des produits de petite et grande taille.<br \/>\nTraitement de diff\u00e9rents types d&rsquo;acier et d&rsquo;acier inoxydable, ainsi que l&rsquo;assemblage de syst\u00e8mes hydrauliques, \u00e9lectrotechniques et pneumatiques. Les machines servent au travail de la t\u00f4le, au d\u00e9coupage et \u00e0 l&rsquo;assemblage, au soudage, et comprend des tours, fraiseuses et des machines de d\u00e9coupe ainsi que des cabines de peinture par pulv\u00e9risation.<\/p>\n<\/div><\/div><div class=\"w-separator size_small\"><\/div><div class=\"w-btn-wrapper align_none\"><a class=\"w-btn us-btn-style_1\" href=\"\/fr\/projets\/fabrication-et-production\/\"><span class=\"w-btn-label\">En savoir plus<\/span><\/a><\/div><\/div><\/div><\/div><\/div><\/section>\n","protected":false},"excerpt":{"rendered":"ProjetsAccueilPages[vc_single_image image=\u00a0\u00bb8393&Prime; img_size=\u00a0\u00bbfull\u00a0\u00bb] RECYCLAGE ET TRAITEMENT DES D\u00c9CHETS Syst\u00e8mes de traitement, de transport, de tri, de s\u00e9paration, de lavage et de r\u00e9cup\u00e9ration de mat\u00e9riaux provenant de diff\u00e9rents flux de d\u00e9chets. Solutions pour les soci\u00e9t\u00e9s de tri des d\u00e9chets, les installations de revalorisation des d\u00e9chets en \u00e9nergie, d\u2019incin\u00e9ration des d\u00e9chets et de recyclage. En savoir plusMANUTENTION...","protected":false},"author":30,"featured_media":0,"parent":0,"menu_order":28,"comment_status":"closed","ping_status":"closed","template":"","meta":{"_acf_changed":false,"footnotes":""},"class_list":["post-8378","page","type-page","status-publish","hentry"],"acf":[],"yoast_head":"<!-- This site is optimized with the Yoast SEO plugin v27.5 - https:\/\/yoast.com\/product\/yoast-seo-wordpress\/ -->\n<title>Projets concernant les processus de production industrielle - Heilig Group<\/title>\n<meta name=\"description\" content=\"Solutions bas\u00e9es sur des projets concernant les processus de production industrielle. Quelques exemples. D\u00e9couvrez les opportunit\u00e9s offertes par le Groupe Heilig.\" \/>\n<meta name=\"robots\" content=\"index, follow, max-snippet:-1, max-image-preview:large, max-video-preview:-1\" \/>\n<link rel=\"canonical\" href=\"https:\/\/www.heilig-group.com\/fr\/projets\/\" \/>\n<meta property=\"og:locale\" content=\"fr_FR\" \/>\n<meta property=\"og:type\" content=\"article\" \/>\n<meta property=\"og:title\" content=\"Projets concernant les processus de production industrielle - Heilig Group\" \/>\n<meta property=\"og:description\" content=\"Solutions bas\u00e9es sur des projets concernant les processus de production industrielle. Quelques exemples. D\u00e9couvrez les opportunit\u00e9s offertes par le Groupe Heilig.\" \/>\n<meta property=\"og:url\" content=\"https:\/\/www.heilig-group.com\/fr\/projets\/\" \/>\n<meta property=\"og:site_name\" content=\"Heilig Group\" \/>\n<meta property=\"article:modified_time\" content=\"2025-08-05T07:40:32+00:00\" \/>\n<meta name=\"twitter:card\" content=\"summary_large_image\" \/>\n<meta name=\"twitter:label1\" content=\"Dur\u00e9e de lecture estim\u00e9e\" \/>\n\t<meta name=\"twitter:data1\" content=\"3 minutes\" \/>\n<script type=\"application\/ld+json\" class=\"yoast-schema-graph\">{\"@context\":\"https:\\\/\\\/schema.org\",\"@graph\":[{\"@type\":\"WebPage\",\"@id\":\"https:\\\/\\\/www.heilig-group.com\\\/fr\\\/projets\\\/\",\"url\":\"https:\\\/\\\/www.heilig-group.com\\\/fr\\\/projets\\\/\",\"name\":\"Projets concernant les processus de production industrielle - Heilig Group\",\"isPartOf\":{\"@id\":\"https:\\\/\\\/www.heilig-group.com\\\/fr\\\/#website\"},\"datePublished\":\"2018-03-09T15:05:02+00:00\",\"dateModified\":\"2025-08-05T07:40:32+00:00\",\"description\":\"Solutions bas\u00e9es sur des projets concernant les processus de production industrielle. Quelques exemples. D\u00e9couvrez les opportunit\u00e9s offertes par le Groupe Heilig.\",\"breadcrumb\":{\"@id\":\"https:\\\/\\\/www.heilig-group.com\\\/fr\\\/projets\\\/#breadcrumb\"},\"inLanguage\":\"fr-FR\",\"potentialAction\":[{\"@type\":\"ReadAction\",\"target\":[\"https:\\\/\\\/www.heilig-group.com\\\/fr\\\/projets\\\/\"]}]},{\"@type\":\"BreadcrumbList\",\"@id\":\"https:\\\/\\\/www.heilig-group.com\\\/fr\\\/projets\\\/#breadcrumb\",\"itemListElement\":[{\"@type\":\"ListItem\",\"position\":1,\"name\":\"Home\",\"item\":\"https:\\\/\\\/www.heilig-group.com\\\/fr\\\/\"},{\"@type\":\"ListItem\",\"position\":2,\"name\":\"Projets\"}]},{\"@type\":\"WebSite\",\"@id\":\"https:\\\/\\\/www.heilig-group.com\\\/fr\\\/#website\",\"url\":\"https:\\\/\\\/www.heilig-group.com\\\/fr\\\/\",\"name\":\"Heilig Group\",\"description\":\"Werken bij Heilig Group\",\"potentialAction\":[{\"@type\":\"SearchAction\",\"target\":{\"@type\":\"EntryPoint\",\"urlTemplate\":\"https:\\\/\\\/www.heilig-group.com\\\/fr\\\/?s={search_term_string}\"},\"query-input\":{\"@type\":\"PropertyValueSpecification\",\"valueRequired\":true,\"valueName\":\"search_term_string\"}}],\"inLanguage\":\"fr-FR\"}]}<\/script>\n<!-- \/ Yoast SEO plugin. -->","yoast_head_json":{"title":"Projets concernant les processus de production industrielle - Heilig Group","description":"Solutions bas\u00e9es sur des projets concernant les processus de production industrielle. Quelques exemples. D\u00e9couvrez les opportunit\u00e9s offertes par le Groupe Heilig.","robots":{"index":"index","follow":"follow","max-snippet":"max-snippet:-1","max-image-preview":"max-image-preview:large","max-video-preview":"max-video-preview:-1"},"canonical":"https:\/\/www.heilig-group.com\/fr\/projets\/","og_locale":"fr_FR","og_type":"article","og_title":"Projets concernant les processus de production industrielle - Heilig Group","og_description":"Solutions bas\u00e9es sur des projets concernant les processus de production industrielle. Quelques exemples. D\u00e9couvrez les opportunit\u00e9s offertes par le Groupe Heilig.","og_url":"https:\/\/www.heilig-group.com\/fr\/projets\/","og_site_name":"Heilig Group","article_modified_time":"2025-08-05T07:40:32+00:00","twitter_card":"summary_large_image","twitter_misc":{"Dur\u00e9e de lecture estim\u00e9e":"3 minutes"},"schema":{"@context":"https:\/\/schema.org","@graph":[{"@type":"WebPage","@id":"https:\/\/www.heilig-group.com\/fr\/projets\/","url":"https:\/\/www.heilig-group.com\/fr\/projets\/","name":"Projets concernant les processus de production industrielle - Heilig Group","isPartOf":{"@id":"https:\/\/www.heilig-group.com\/fr\/#website"},"datePublished":"2018-03-09T15:05:02+00:00","dateModified":"2025-08-05T07:40:32+00:00","description":"Solutions bas\u00e9es sur des projets concernant les processus de production industrielle. Quelques exemples. D\u00e9couvrez les opportunit\u00e9s offertes par le Groupe Heilig.","breadcrumb":{"@id":"https:\/\/www.heilig-group.com\/fr\/projets\/#breadcrumb"},"inLanguage":"fr-FR","potentialAction":[{"@type":"ReadAction","target":["https:\/\/www.heilig-group.com\/fr\/projets\/"]}]},{"@type":"BreadcrumbList","@id":"https:\/\/www.heilig-group.com\/fr\/projets\/#breadcrumb","itemListElement":[{"@type":"ListItem","position":1,"name":"Home","item":"https:\/\/www.heilig-group.com\/fr\/"},{"@type":"ListItem","position":2,"name":"Projets"}]},{"@type":"WebSite","@id":"https:\/\/www.heilig-group.com\/fr\/#website","url":"https:\/\/www.heilig-group.com\/fr\/","name":"Heilig Group","description":"Werken bij Heilig Group","potentialAction":[{"@type":"SearchAction","target":{"@type":"EntryPoint","urlTemplate":"https:\/\/www.heilig-group.com\/fr\/?s={search_term_string}"},"query-input":{"@type":"PropertyValueSpecification","valueRequired":true,"valueName":"search_term_string"}}],"inLanguage":"fr-FR"}]}},"_links":{"self":[{"href":"https:\/\/www.heilig-group.com\/fr\/wp-json\/wp\/v2\/pages\/8378","targetHints":{"allow":["GET"]}}],"collection":[{"href":"https:\/\/www.heilig-group.com\/fr\/wp-json\/wp\/v2\/pages"}],"about":[{"href":"https:\/\/www.heilig-group.com\/fr\/wp-json\/wp\/v2\/types\/page"}],"author":[{"embeddable":true,"href":"https:\/\/www.heilig-group.com\/fr\/wp-json\/wp\/v2\/users\/30"}],"replies":[{"embeddable":true,"href":"https:\/\/www.heilig-group.com\/fr\/wp-json\/wp\/v2\/comments?post=8378"}],"version-history":[{"count":4,"href":"https:\/\/www.heilig-group.com\/fr\/wp-json\/wp\/v2\/pages\/8378\/revisions"}],"predecessor-version":[{"id":23098,"href":"https:\/\/www.heilig-group.com\/fr\/wp-json\/wp\/v2\/pages\/8378\/revisions\/23098"}],"wp:attachment":[{"href":"https:\/\/www.heilig-group.com\/fr\/wp-json\/wp\/v2\/media?parent=8378"}],"curies":[{"name":"wp","href":"https:\/\/api.w.org\/{rel}","templated":true}]}}