{"id":8251,"date":"2018-06-06T08:42:43","date_gmt":"2018-06-06T08:42:43","guid":{"rendered":"https:\/\/www.heilig-group.com\/industrial-mixers\/"},"modified":"2025-08-04T15:04:22","modified_gmt":"2025-08-04T15:04:22","slug":"melangeurs-industriels","status":"publish","type":"page","link":"https:\/\/www.heilig-group.com\/fr\/projets\/melangeurs-industriels\/","title":{"rendered":"M\u00e9langeurs industriels"},"content":{"rendered":"<section class=\"l-section wpb_row height_large with_img\"><div class=\"l-section-img\" role=\"img\" aria-label=\"Image\" data-img-width=\"1920\" data-img-height=\"355\" style=\"background-image: url(https:\/\/www.heilig-group.com\/wp-content\/uploads\/2025\/05\/HeiligGroup_Header_IndustrieleMengers.jpg);\"><\/div><div class=\"l-section-h i-cf\"><div class=\"g-cols vc_row via_grid cols_1 laptops-cols_inherit tablets-cols_inherit mobiles-cols_1 valign_top type_default stacking_default\"><div class=\"wpb_column vc_column_container\"><div class=\"vc_column-inner\"><h1 class=\"w-post-elm post_title us_custom_8b3d6790 has_text_color align_left entry-title color_link_inherit\">M\u00e9langeurs industriels<\/h1><nav class=\"g-breadcrumbs us_custom_89e92469 has_text_color separator_icon align_left\" itemscope itemtype=\"http:\/\/schema.org\/BreadcrumbList\"><div class=\"g-breadcrumbs-item\" itemscope itemprop=\"itemListElement\" itemtype=\"http:\/\/schema.org\/ListItem\"><a itemprop=\"item\" href=\"https:\/\/www.heilig-group.com\/fr\/\"><span itemprop=\"name\">Accueil<\/span><\/a><meta itemprop=\"position\" content=\"1\"\/><\/div><div class=\"g-breadcrumbs-separator\"><i class=\"far fa-angle-right\"><\/i><\/div><div class=\"g-breadcrumbs-item\">Pages<\/div><\/nav><\/div><\/div><\/div><\/div><\/section><section class=\"l-section wpb_row height_medium\"><div class=\"l-section-h i-cf\"><div class=\"g-cols vc_row via_grid cols_2 laptops-cols_inherit tablets-cols_inherit mobiles-cols_1 valign_top type_default stacking_default\"><div class=\"wpb_column vc_column_container\"><div class=\"vc_column-inner\"><div class=\"wpb_text_column\"><div class=\"wpb_wrapper\"><p>Notre division sp\u00e9ciale<strong> <a href=\"http:\/\/www.heiligmixers.com\">Heilig Mixing Technology<\/a> <\/strong>est sp\u00e9cialis\u00e9e dans la conception, la fabrication, l&rsquo;installation et la maintenance de syst\u00e8mes de m\u00e9lange coniques et autres m\u00e9langeurs industriels. Outre les nouveaux m\u00e9langeurs, la division assure \u00e9galement l&rsquo;entretien de tous les types et marques de syst\u00e8mes de m\u00e9lange industriels, y compris l&rsquo;entretien, la r\u00e9paration et la modification.<\/p>\n<\/div><\/div><\/div><\/div><div class=\"wpb_column vc_column_container\"><div class=\"vc_column-inner\"><div class=\"w-video align_center ratio_16x9 has_iframe\"><div class=\"w-video-h\"><iframe title=\"Youtube video player\" src=\"\/\/www.youtube.com\/embed\/27zd4ERiZPU?autoplay=0&controls=1&origin=https:\/\/www.heilig-group.com\/fr\/&loop=0&mute=0\" allowfullscreen=\"1\" loading=\"lazy\"><\/iframe><\/div><\/div><\/div><\/div><\/div><\/div><\/section><section class=\"l-section wpb_row us_custom_a92e38d4 height_small\"><div class=\"l-section-h i-cf\"><div class=\"g-cols vc_row via_grid cols_4 laptops-cols_inherit tablets-cols_inherit mobiles-cols_1 valign_top type_default stacking_default\"><div class=\"wpb_column vc_column_container\"><div class=\"vc_column-inner\"><div class=\"wpb_text_column\"><div class=\"wpb_wrapper\"><p>[vc_single_image image=\u00a0\u00bb8266&Prime; img_size=\u00a0\u00bb310&#215;170&Prime; css_animation=\u00a0\u00bbfadeIn\u00a0\u00bb]<div class=\"wpb_text_column\"><div class=\"wpb_wrapper\"><\/div><\/div>\n<h4><strong>V-mixer type 10.000-PLOR<\/strong><\/h4>\n<p>Capacit\u00e9: 10 000 l<br \/>\nC\u00f4ne en acier inoxydable, bras oscillant en acier inoxydable<\/p>\n<\/div><\/div><\/div><\/div><div class=\"wpb_column vc_column_container\"><div class=\"vc_column-inner\"><div class=\"wpb_text_column\"><div class=\"wpb_wrapper\"><p>[vc_single_image image=\u00a0\u00bb8261&Prime; img_size=\u00a0\u00bb310&#215;170&Prime; css_animation=\u00a0\u00bbfadeIn\u00a0\u00bb]<div class=\"wpb_text_column\"><div class=\"wpb_wrapper\"><\/div><\/div>\n<h4><strong>Reparation de bras oscillant de m\u00e9langeur<\/strong><\/h4>\n<p>R\u00e9vision et r\u00e9paration des bras oscillants, quelle que soit la marque<\/p>\n<\/div><\/div><\/div><\/div><div class=\"wpb_column vc_column_container\"><div class=\"vc_column-inner\"><div class=\"wpb_text_column\"><div class=\"wpb_wrapper\"><p>[vc_single_image image=\u00a0\u00bb8257&Prime; img_size=\u00a0\u00bb310&#215;170&Prime; css_animation=\u00a0\u00bbfadeIn\u00a0\u00bb]<div class=\"wpb_text_column\"><div class=\"wpb_wrapper\"><\/div><\/div>\n<h4><strong>V-mixer type 120-VDR<\/strong><\/h4>\n<p>Capacit\u00e9: 100 l<br \/>\nC\u00f4ne en acier inoxydable, bras oscillant en acier doux<br \/>\nComprend une vanne \u00e0 segment sph\u00e9rique avec rev\u00eatement en PU. Vis de m\u00e9lange avec rev\u00eatement en PU<\/p>\n<\/div><\/div><\/div><\/div><div class=\"wpb_column vc_column_container\"><div class=\"vc_column-inner\"><div class=\"wpb_text_column\"><div class=\"wpb_wrapper\"><p>[vc_single_image image=\u00a0\u00bb8253&Prime; img_size=\u00a0\u00bb310&#215;170&Prime; css_animation=\u00a0\u00bbfadeIn\u00a0\u00bb]<div class=\"wpb_text_column\"><div class=\"wpb_wrapper\"><\/div><\/div>\n<h4><strong>Pi\u00e8ces d\u00e9tach\u00e9es pour m\u00e9langeurs inductriels<\/strong><\/h4>\n<p>Les pi\u00e8ces de rechange les plus critiques sont en stock. Des composants particuliers peuvent \u00eatre produits imm\u00e9diatement par notre service de fabrication. Les pi\u00e8ces d&rsquo;usure typiques du m\u00e9langeur conique sont rapidement disponibles:<br \/>\n&#8211; lames de m\u00e9lange<br \/>\n&#8211; diff\u00e9rents types de roulements \u00e0 aiguilles<br \/>\n&#8211; pi\u00e8ces d&rsquo;usure de la vanne de d\u00e9charge<br \/>\n&#8211; roues dent\u00e9es du bras oscillant<br \/>\n&#8211; accouplements m\u00e9caniques<br \/>\n&#8211; jeux de roues dent\u00e9es pour la bo\u00eete de transfert \u00e0 vis sans fin<\/p>\n<\/div><\/div><\/div><\/div><\/div><\/div><\/section>\n","protected":false},"excerpt":{"rendered":"M\u00e9langeurs industrielsAccueilPagesNotre division sp\u00e9ciale Heilig Mixing Technology est sp\u00e9cialis\u00e9e dans la conception, la fabrication, l&rsquo;installation et la maintenance de syst\u00e8mes de m\u00e9lange coniques et autres m\u00e9langeurs industriels. Outre les nouveaux m\u00e9langeurs, la division assure \u00e9galement l&rsquo;entretien de tous les types et marques de syst\u00e8mes de m\u00e9lange industriels, y compris l&rsquo;entretien, la r\u00e9paration et la modification....","protected":false},"author":56,"featured_media":0,"parent":8378,"menu_order":0,"comment_status":"closed","ping_status":"closed","template":"","meta":{"_acf_changed":false,"footnotes":""},"class_list":["post-8251","page","type-page","status-publish","hentry"],"acf":[],"yoast_head":"<!-- This site is optimized with the Yoast SEO plugin v27.5 - https:\/\/yoast.com\/product\/yoast-seo-wordpress\/ -->\n<title>M\u00e9langeurs industriels - Heilig Group<\/title>\n<meta name=\"robots\" content=\"index, follow, max-snippet:-1, max-image-preview:large, max-video-preview:-1\" \/>\n<link rel=\"canonical\" href=\"https:\/\/www.heilig-group.com\/fr\/projets\/melangeurs-industriels\/\" \/>\n<meta property=\"og:locale\" content=\"fr_FR\" \/>\n<meta property=\"og:type\" content=\"article\" \/>\n<meta property=\"og:title\" content=\"M\u00e9langeurs industriels - Heilig Group\" \/>\n<meta property=\"og:url\" content=\"https:\/\/www.heilig-group.com\/fr\/projets\/melangeurs-industriels\/\" \/>\n<meta property=\"og:site_name\" content=\"Heilig Group\" \/>\n<meta property=\"article:modified_time\" content=\"2025-08-04T15:04:22+00:00\" \/>\n<meta name=\"twitter:card\" content=\"summary_large_image\" \/>\n<meta name=\"twitter:label1\" content=\"Dur\u00e9e de lecture estim\u00e9e\" \/>\n\t<meta name=\"twitter:data1\" content=\"2 minutes\" \/>\n<script type=\"application\/ld+json\" class=\"yoast-schema-graph\">{\"@context\":\"https:\\\/\\\/schema.org\",\"@graph\":[{\"@type\":\"WebPage\",\"@id\":\"https:\\\/\\\/www.heilig-group.com\\\/fr\\\/projets\\\/melangeurs-industriels\\\/\",\"url\":\"https:\\\/\\\/www.heilig-group.com\\\/fr\\\/projets\\\/melangeurs-industriels\\\/\",\"name\":\"M\u00e9langeurs industriels - Heilig Group\",\"isPartOf\":{\"@id\":\"https:\\\/\\\/www.heilig-group.com\\\/fr\\\/#website\"},\"datePublished\":\"2018-06-06T08:42:43+00:00\",\"dateModified\":\"2025-08-04T15:04:22+00:00\",\"breadcrumb\":{\"@id\":\"https:\\\/\\\/www.heilig-group.com\\\/fr\\\/projets\\\/melangeurs-industriels\\\/#breadcrumb\"},\"inLanguage\":\"fr-FR\",\"potentialAction\":[{\"@type\":\"ReadAction\",\"target\":[\"https:\\\/\\\/www.heilig-group.com\\\/fr\\\/projets\\\/melangeurs-industriels\\\/\"]}]},{\"@type\":\"BreadcrumbList\",\"@id\":\"https:\\\/\\\/www.heilig-group.com\\\/fr\\\/projets\\\/melangeurs-industriels\\\/#breadcrumb\",\"itemListElement\":[{\"@type\":\"ListItem\",\"position\":1,\"name\":\"Home\",\"item\":\"https:\\\/\\\/www.heilig-group.com\\\/fr\\\/\"},{\"@type\":\"ListItem\",\"position\":2,\"name\":\"Projets\",\"item\":\"https:\\\/\\\/www.heilig-group.com\\\/fr\\\/projets\\\/\"},{\"@type\":\"ListItem\",\"position\":3,\"name\":\"M\u00e9langeurs industriels\"}]},{\"@type\":\"WebSite\",\"@id\":\"https:\\\/\\\/www.heilig-group.com\\\/fr\\\/#website\",\"url\":\"https:\\\/\\\/www.heilig-group.com\\\/fr\\\/\",\"name\":\"Heilig Group\",\"description\":\"Werken bij Heilig Group\",\"potentialAction\":[{\"@type\":\"SearchAction\",\"target\":{\"@type\":\"EntryPoint\",\"urlTemplate\":\"https:\\\/\\\/www.heilig-group.com\\\/fr\\\/?s={search_term_string}\"},\"query-input\":{\"@type\":\"PropertyValueSpecification\",\"valueRequired\":true,\"valueName\":\"search_term_string\"}}],\"inLanguage\":\"fr-FR\"}]}<\/script>\n<!-- \/ Yoast SEO plugin. -->","yoast_head_json":{"title":"M\u00e9langeurs industriels - Heilig Group","robots":{"index":"index","follow":"follow","max-snippet":"max-snippet:-1","max-image-preview":"max-image-preview:large","max-video-preview":"max-video-preview:-1"},"canonical":"https:\/\/www.heilig-group.com\/fr\/projets\/melangeurs-industriels\/","og_locale":"fr_FR","og_type":"article","og_title":"M\u00e9langeurs industriels - Heilig Group","og_url":"https:\/\/www.heilig-group.com\/fr\/projets\/melangeurs-industriels\/","og_site_name":"Heilig Group","article_modified_time":"2025-08-04T15:04:22+00:00","twitter_card":"summary_large_image","twitter_misc":{"Dur\u00e9e de lecture estim\u00e9e":"2 minutes"},"schema":{"@context":"https:\/\/schema.org","@graph":[{"@type":"WebPage","@id":"https:\/\/www.heilig-group.com\/fr\/projets\/melangeurs-industriels\/","url":"https:\/\/www.heilig-group.com\/fr\/projets\/melangeurs-industriels\/","name":"M\u00e9langeurs industriels - Heilig Group","isPartOf":{"@id":"https:\/\/www.heilig-group.com\/fr\/#website"},"datePublished":"2018-06-06T08:42:43+00:00","dateModified":"2025-08-04T15:04:22+00:00","breadcrumb":{"@id":"https:\/\/www.heilig-group.com\/fr\/projets\/melangeurs-industriels\/#breadcrumb"},"inLanguage":"fr-FR","potentialAction":[{"@type":"ReadAction","target":["https:\/\/www.heilig-group.com\/fr\/projets\/melangeurs-industriels\/"]}]},{"@type":"BreadcrumbList","@id":"https:\/\/www.heilig-group.com\/fr\/projets\/melangeurs-industriels\/#breadcrumb","itemListElement":[{"@type":"ListItem","position":1,"name":"Home","item":"https:\/\/www.heilig-group.com\/fr\/"},{"@type":"ListItem","position":2,"name":"Projets","item":"https:\/\/www.heilig-group.com\/fr\/projets\/"},{"@type":"ListItem","position":3,"name":"M\u00e9langeurs industriels"}]},{"@type":"WebSite","@id":"https:\/\/www.heilig-group.com\/fr\/#website","url":"https:\/\/www.heilig-group.com\/fr\/","name":"Heilig Group","description":"Werken bij Heilig Group","potentialAction":[{"@type":"SearchAction","target":{"@type":"EntryPoint","urlTemplate":"https:\/\/www.heilig-group.com\/fr\/?s={search_term_string}"},"query-input":{"@type":"PropertyValueSpecification","valueRequired":true,"valueName":"search_term_string"}}],"inLanguage":"fr-FR"}]}},"_links":{"self":[{"href":"https:\/\/www.heilig-group.com\/fr\/wp-json\/wp\/v2\/pages\/8251","targetHints":{"allow":["GET"]}}],"collection":[{"href":"https:\/\/www.heilig-group.com\/fr\/wp-json\/wp\/v2\/pages"}],"about":[{"href":"https:\/\/www.heilig-group.com\/fr\/wp-json\/wp\/v2\/types\/page"}],"author":[{"embeddable":true,"href":"https:\/\/www.heilig-group.com\/fr\/wp-json\/wp\/v2\/users\/56"}],"replies":[{"embeddable":true,"href":"https:\/\/www.heilig-group.com\/fr\/wp-json\/wp\/v2\/comments?post=8251"}],"version-history":[{"count":2,"href":"https:\/\/www.heilig-group.com\/fr\/wp-json\/wp\/v2\/pages\/8251\/revisions"}],"predecessor-version":[{"id":23033,"href":"https:\/\/www.heilig-group.com\/fr\/wp-json\/wp\/v2\/pages\/8251\/revisions\/23033"}],"up":[{"embeddable":true,"href":"https:\/\/www.heilig-group.com\/fr\/wp-json\/wp\/v2\/pages\/8378"}],"wp:attachment":[{"href":"https:\/\/www.heilig-group.com\/fr\/wp-json\/wp\/v2\/media?parent=8251"}],"curies":[{"name":"wp","href":"https:\/\/api.w.org\/{rel}","templated":true}]}}