{"id":8208,"date":"2018-06-06T09:04:43","date_gmt":"2018-06-06T09:04:43","guid":{"rendered":"https:\/\/www.heilig-group.com\/electro-technology\/"},"modified":"2025-08-05T06:57:38","modified_gmt":"2025-08-05T06:57:38","slug":"electrotechnique","status":"publish","type":"page","link":"https:\/\/www.heilig-group.com\/fr\/projets\/electrotechnique\/","title":{"rendered":"\u00c9lectrotechnique"},"content":{"rendered":"<section class=\"l-section wpb_row height_large with_img\"><div class=\"l-section-img\" role=\"img\" aria-label=\"Image\" data-img-width=\"1920\" data-img-height=\"355\" style=\"background-image: url(https:\/\/www.heilig-group.com\/wp-content\/uploads\/2025\/05\/HeiligGroup_Header_Elektrotechniek.jpg);\"><\/div><div class=\"l-section-h i-cf\"><div class=\"g-cols vc_row via_grid cols_1 laptops-cols_inherit tablets-cols_inherit mobiles-cols_1 valign_top type_default stacking_default\"><div class=\"wpb_column vc_column_container\"><div class=\"vc_column-inner\"><h1 class=\"w-post-elm post_title us_custom_8b3d6790 has_text_color align_left entry-title color_link_inherit\">\u00c9lectrotechnique<\/h1><nav class=\"g-breadcrumbs us_custom_89e92469 has_text_color separator_icon align_left\" itemscope itemtype=\"http:\/\/schema.org\/BreadcrumbList\"><div class=\"g-breadcrumbs-item\" itemscope itemprop=\"itemListElement\" itemtype=\"http:\/\/schema.org\/ListItem\"><a itemprop=\"item\" href=\"https:\/\/www.heilig-group.com\/fr\/\"><span itemprop=\"name\">Accueil<\/span><\/a><meta itemprop=\"position\" content=\"1\"\/><\/div><div class=\"g-breadcrumbs-separator\"><i class=\"far fa-angle-right\"><\/i><\/div><div class=\"g-breadcrumbs-item\">Pages<\/div><\/nav><\/div><\/div><\/div><\/div><\/section><section class=\"l-section wpb_row height_medium\"><div class=\"l-section-h i-cf\"><div class=\"g-cols vc_row via_grid cols_2 laptops-cols_inherit tablets-cols_inherit mobiles-cols_1 valign_top type_default stacking_default\"><div class=\"wpb_column vc_column_container\"><div class=\"vc_column-inner\"><div class=\"wpb_text_column\"><div class=\"wpb_wrapper\"><p data-start=\"863\" data-end=\"1234\">Chez Heilig Group, nous concevons, installons et entretenons des syst\u00e8mes \u00e9lectrotechniques pour divers secteurs, allant de l\u2019industrie et du tertiaire aux applications agricoles. Nos solutions vont de la commande de machines, des armoires \u00e9lectriques et de la visualisation des processus jusqu\u2019aux installations photovolta\u00efques, \u00e0 l\u2019\u00e9clairage et \u00e0 la d\u00e9tection incendie.<\/p>\n<p data-start=\"1236\" data-end=\"1656\">Qu\u2019il s\u2019agisse d\u2019une installation de processus industriel, d\u2019un syst\u00e8me de r\u00e9gulation climatique agricole ou d\u2019une solution compl\u00e8te de panneaux solaires \u2013 nous proposons des solutions sur mesure adapt\u00e9es \u00e0 chaque application et environnement. Gr\u00e2ce \u00e0 notre expertise en installations basse tension, en automatisation et en surveillance, nous offrons une \u00e9lectrotechnique qui fonctionne \u2013 et qui continue de fonctionner.<\/p>\n<\/div><\/div><\/div><\/div><div class=\"wpb_column vc_column_container\"><div class=\"vc_column-inner\"><div class=\"w-video align_center ratio_16x9 has_iframe\"><div class=\"w-video-h\"><iframe title=\"Youtube video player\" src=\"\/\/www.youtube.com\/embed\/gFG-eFd_CDQ?autoplay=0&controls=1&origin=https:\/\/www.heilig-group.com\/fr\/&loop=0&mute=0\" allowfullscreen=\"1\" loading=\"lazy\"><\/iframe><\/div><\/div><\/div><\/div><\/div><\/div><\/section><section class=\"l-section wpb_row us_custom_17bee030 height_small\"><div class=\"l-section-h i-cf\"><div class=\"g-cols vc_row via_grid cols_4 laptops-cols_inherit tablets-cols_inherit mobiles-cols_1 valign_top type_default stacking_default\"><div class=\"wpb_column vc_column_container\"><div class=\"vc_column-inner\"><div class=\"wpb_text_column\"><div class=\"wpb_wrapper\"><p>[vc_single_image image=\u00a0\u00bb8223&Prime; img_size=\u00a0\u00bb310&#215;170&Prime; css_animation=\u00a0\u00bbfadeIn\u00a0\u00bb]<div class=\"wpb_text_column\"><div class=\"wpb_wrapper\"><\/div><\/div>\n<h4><strong>Secteur agricole<\/strong><\/h4>\n<p>Nous fournissons des solutions \u00e9lectriques telles que des syst\u00e8mes de climatisation, de contr\u00f4le de processus, de d\u00e9tection incendie, d&rsquo;\u00e9clairage, d&rsquo;installations photovolta\u00efques, de syst\u00e8mes \u00e0 basse tension dans des b\u00e2timents d&rsquo;entreprise, de contr\u00f4le de machines, d&rsquo;armoires \u00e9lectriques et de visualisation de processus.<\/p>\n<\/div><\/div><\/div><\/div><div class=\"wpb_column vc_column_container\"><div class=\"vc_column-inner\"><div class=\"wpb_text_column\"><div class=\"wpb_wrapper\"><p>[vc_single_image image=\u00a0\u00bb8218&Prime; img_size=\u00a0\u00bb310&#215;170&Prime; css_animation=\u00a0\u00bbfadeIn\u00a0\u00bb]<div class=\"wpb_text_column\"><div class=\"wpb_wrapper\"><\/div><\/div>\n<h4><strong>Secteur de la construction<\/strong><\/h4>\n<p>Installations \u00e9lectriques pour services publics et infrastructure dans le secteur de la construction. Les projets comprennent l\u2019automatisation, le contr\u00f4le des machines, les installations de processus, l\u2019\u00e9clairage, la d\u00e9tection incendie, les installations photovolta\u00efques et les installations basse tension.<\/p>\n<\/div><\/div><\/div><\/div><div class=\"wpb_column vc_column_container\"><div class=\"vc_column-inner\"><div class=\"wpb_text_column\"><div class=\"wpb_wrapper\"><p>[vc_single_image image=\u00a0\u00bb8214&Prime; img_size=\u00a0\u00bb310&#215;170&Prime; css_animation=\u00a0\u00bbfadeIn\u00a0\u00bb]<div class=\"wpb_text_column\"><div class=\"wpb_wrapper\"><\/div><\/div>\n<h4><strong>B\u00e2timents industriels et commande de machines<\/strong><\/h4>\n<p>Installations \u00e9lectriques pour l&rsquo;automatisation, la commande de machines, la visualisation de processus, les armoires de commande de moteurs, l&rsquo;\u00e9clairage, la d\u00e9tection incendie, les installations photovolta\u00efques et les installations basse tension.<\/p>\n<\/div><\/div><\/div><\/div><div class=\"wpb_column vc_column_container\"><div class=\"vc_column-inner\"><div class=\"wpb_text_column\"><div class=\"wpb_wrapper\"><p>[vc_single_image image=\u00a0\u00bb8210&Prime; img_size=\u00a0\u00bb310&#215;170&Prime; css_animation=\u00a0\u00bbfadeIn\u00a0\u00bb]<div class=\"wpb_text_column\"><div class=\"wpb_wrapper\"><\/div><\/div>\n<h4><strong>Panneaux solaires<\/strong><\/h4>\n<p>Fourniture et installation \u00e9lectrique compl\u00e8te de panneaux solaires et de modules d&rsquo;alimentation.<\/p>\n<\/div><\/div><\/div><\/div><\/div><\/div><\/section>\n","protected":false},"excerpt":{"rendered":"\u00c9lectrotechniqueAccueilPagesChez Heilig Group, nous concevons, installons et entretenons des syst\u00e8mes \u00e9lectrotechniques pour divers secteurs, allant de l\u2019industrie et du tertiaire aux applications agricoles. Nos solutions vont de la commande de machines, des armoires \u00e9lectriques et de la visualisation des processus jusqu\u2019aux installations photovolta\u00efques, \u00e0 l\u2019\u00e9clairage et \u00e0 la d\u00e9tection incendie. Qu\u2019il s\u2019agisse d\u2019une installation de...","protected":false},"author":56,"featured_media":0,"parent":8378,"menu_order":0,"comment_status":"closed","ping_status":"closed","template":"","meta":{"_acf_changed":false,"footnotes":""},"class_list":["post-8208","page","type-page","status-publish","hentry"],"acf":[],"yoast_head":"<!-- This site is optimized with the Yoast SEO plugin v27.5 - https:\/\/yoast.com\/product\/yoast-seo-wordpress\/ -->\n<title>\u00c9lectrotechnique - Heilig Group<\/title>\n<meta name=\"robots\" content=\"index, follow, max-snippet:-1, max-image-preview:large, max-video-preview:-1\" \/>\n<link rel=\"canonical\" href=\"https:\/\/www.heilig-group.com\/fr\/projets\/electrotechnique\/\" \/>\n<meta property=\"og:locale\" content=\"fr_FR\" \/>\n<meta property=\"og:type\" content=\"article\" \/>\n<meta property=\"og:title\" content=\"\u00c9lectrotechnique - Heilig Group\" \/>\n<meta property=\"og:url\" content=\"https:\/\/www.heilig-group.com\/fr\/projets\/electrotechnique\/\" \/>\n<meta property=\"og:site_name\" content=\"Heilig Group\" \/>\n<meta property=\"article:modified_time\" content=\"2025-08-05T06:57:38+00:00\" \/>\n<meta name=\"twitter:card\" content=\"summary_large_image\" \/>\n<meta name=\"twitter:label1\" content=\"Dur\u00e9e de lecture estim\u00e9e\" \/>\n\t<meta name=\"twitter:data1\" content=\"2 minutes\" \/>\n<script type=\"application\/ld+json\" class=\"yoast-schema-graph\">{\"@context\":\"https:\\\/\\\/schema.org\",\"@graph\":[{\"@type\":\"WebPage\",\"@id\":\"https:\\\/\\\/www.heilig-group.com\\\/fr\\\/projets\\\/electrotechnique\\\/\",\"url\":\"https:\\\/\\\/www.heilig-group.com\\\/fr\\\/projets\\\/electrotechnique\\\/\",\"name\":\"\u00c9lectrotechnique - Heilig Group\",\"isPartOf\":{\"@id\":\"https:\\\/\\\/www.heilig-group.com\\\/fr\\\/#website\"},\"datePublished\":\"2018-06-06T09:04:43+00:00\",\"dateModified\":\"2025-08-05T06:57:38+00:00\",\"breadcrumb\":{\"@id\":\"https:\\\/\\\/www.heilig-group.com\\\/fr\\\/projets\\\/electrotechnique\\\/#breadcrumb\"},\"inLanguage\":\"fr-FR\",\"potentialAction\":[{\"@type\":\"ReadAction\",\"target\":[\"https:\\\/\\\/www.heilig-group.com\\\/fr\\\/projets\\\/electrotechnique\\\/\"]}]},{\"@type\":\"BreadcrumbList\",\"@id\":\"https:\\\/\\\/www.heilig-group.com\\\/fr\\\/projets\\\/electrotechnique\\\/#breadcrumb\",\"itemListElement\":[{\"@type\":\"ListItem\",\"position\":1,\"name\":\"Home\",\"item\":\"https:\\\/\\\/www.heilig-group.com\\\/fr\\\/\"},{\"@type\":\"ListItem\",\"position\":2,\"name\":\"Projets\",\"item\":\"https:\\\/\\\/www.heilig-group.com\\\/fr\\\/projets\\\/\"},{\"@type\":\"ListItem\",\"position\":3,\"name\":\"\u00c9lectrotechnique\"}]},{\"@type\":\"WebSite\",\"@id\":\"https:\\\/\\\/www.heilig-group.com\\\/fr\\\/#website\",\"url\":\"https:\\\/\\\/www.heilig-group.com\\\/fr\\\/\",\"name\":\"Heilig Group\",\"description\":\"Werken bij Heilig Group\",\"potentialAction\":[{\"@type\":\"SearchAction\",\"target\":{\"@type\":\"EntryPoint\",\"urlTemplate\":\"https:\\\/\\\/www.heilig-group.com\\\/fr\\\/?s={search_term_string}\"},\"query-input\":{\"@type\":\"PropertyValueSpecification\",\"valueRequired\":true,\"valueName\":\"search_term_string\"}}],\"inLanguage\":\"fr-FR\"}]}<\/script>\n<!-- \/ Yoast SEO plugin. -->","yoast_head_json":{"title":"\u00c9lectrotechnique - Heilig Group","robots":{"index":"index","follow":"follow","max-snippet":"max-snippet:-1","max-image-preview":"max-image-preview:large","max-video-preview":"max-video-preview:-1"},"canonical":"https:\/\/www.heilig-group.com\/fr\/projets\/electrotechnique\/","og_locale":"fr_FR","og_type":"article","og_title":"\u00c9lectrotechnique - Heilig Group","og_url":"https:\/\/www.heilig-group.com\/fr\/projets\/electrotechnique\/","og_site_name":"Heilig Group","article_modified_time":"2025-08-05T06:57:38+00:00","twitter_card":"summary_large_image","twitter_misc":{"Dur\u00e9e de lecture estim\u00e9e":"2 minutes"},"schema":{"@context":"https:\/\/schema.org","@graph":[{"@type":"WebPage","@id":"https:\/\/www.heilig-group.com\/fr\/projets\/electrotechnique\/","url":"https:\/\/www.heilig-group.com\/fr\/projets\/electrotechnique\/","name":"\u00c9lectrotechnique - Heilig Group","isPartOf":{"@id":"https:\/\/www.heilig-group.com\/fr\/#website"},"datePublished":"2018-06-06T09:04:43+00:00","dateModified":"2025-08-05T06:57:38+00:00","breadcrumb":{"@id":"https:\/\/www.heilig-group.com\/fr\/projets\/electrotechnique\/#breadcrumb"},"inLanguage":"fr-FR","potentialAction":[{"@type":"ReadAction","target":["https:\/\/www.heilig-group.com\/fr\/projets\/electrotechnique\/"]}]},{"@type":"BreadcrumbList","@id":"https:\/\/www.heilig-group.com\/fr\/projets\/electrotechnique\/#breadcrumb","itemListElement":[{"@type":"ListItem","position":1,"name":"Home","item":"https:\/\/www.heilig-group.com\/fr\/"},{"@type":"ListItem","position":2,"name":"Projets","item":"https:\/\/www.heilig-group.com\/fr\/projets\/"},{"@type":"ListItem","position":3,"name":"\u00c9lectrotechnique"}]},{"@type":"WebSite","@id":"https:\/\/www.heilig-group.com\/fr\/#website","url":"https:\/\/www.heilig-group.com\/fr\/","name":"Heilig Group","description":"Werken bij Heilig Group","potentialAction":[{"@type":"SearchAction","target":{"@type":"EntryPoint","urlTemplate":"https:\/\/www.heilig-group.com\/fr\/?s={search_term_string}"},"query-input":{"@type":"PropertyValueSpecification","valueRequired":true,"valueName":"search_term_string"}}],"inLanguage":"fr-FR"}]}},"_links":{"self":[{"href":"https:\/\/www.heilig-group.com\/fr\/wp-json\/wp\/v2\/pages\/8208","targetHints":{"allow":["GET"]}}],"collection":[{"href":"https:\/\/www.heilig-group.com\/fr\/wp-json\/wp\/v2\/pages"}],"about":[{"href":"https:\/\/www.heilig-group.com\/fr\/wp-json\/wp\/v2\/types\/page"}],"author":[{"embeddable":true,"href":"https:\/\/www.heilig-group.com\/fr\/wp-json\/wp\/v2\/users\/56"}],"replies":[{"embeddable":true,"href":"https:\/\/www.heilig-group.com\/fr\/wp-json\/wp\/v2\/comments?post=8208"}],"version-history":[{"count":2,"href":"https:\/\/www.heilig-group.com\/fr\/wp-json\/wp\/v2\/pages\/8208\/revisions"}],"predecessor-version":[{"id":23065,"href":"https:\/\/www.heilig-group.com\/fr\/wp-json\/wp\/v2\/pages\/8208\/revisions\/23065"}],"up":[{"embeddable":true,"href":"https:\/\/www.heilig-group.com\/fr\/wp-json\/wp\/v2\/pages\/8378"}],"wp:attachment":[{"href":"https:\/\/www.heilig-group.com\/fr\/wp-json\/wp\/v2\/media?parent=8208"}],"curies":[{"name":"wp","href":"https:\/\/api.w.org\/{rel}","templated":true}]}}