{"id":8167,"date":"2018-06-06T09:30:16","date_gmt":"2018-06-06T09:30:16","guid":{"rendered":"https:\/\/www.heilig-group.com\/exploitation\/"},"modified":"2019-01-22T08:37:52","modified_gmt":"2019-01-22T08:37:52","slug":"exploitation","status":"publish","type":"page","link":"https:\/\/www.heilig-group.com\/fr\/exploitation\/","title":{"rendered":"Exploitation"},"content":{"rendered":"<section class=\"l-section wpb_row us_custom_9c090e8e height_small\"><div class=\"l-section-h i-cf\"><div class=\"g-cols vc_row via_grid cols_3 laptops-cols_inherit tablets-cols_inherit mobiles-cols_1 valign_top type_default stacking_default\" style=\"--columns-gap:calc(3rem + 1);\"><div class=\"wpb_column vc_column_container\"><div class=\"vc_column-inner\">[vc_single_image image=\u00a0\u00bb8177&Prime; img_size=\u00a0\u00bb370&#215;230&Prime; css_animation=\u00a0\u00bbfadeIn\u00a0\u00bb]<div class=\"wpb_text_column\"><div class=\"wpb_wrapper\"><h4>Structures financi\u00e8res et d&rsquo;investissement<\/h4>\n<p>Nous proposons diverses structures financi\u00e8res et d\u2019investissement en ce qui concerne les installations de traitement pour le recyclage et la manutention en vrac que nous concevons et installons.<\/p>\n<\/div><\/div><\/div><\/div><div class=\"wpb_column vc_column_container\"><div class=\"vc_column-inner\">[vc_single_image image=\u00a0\u00bb8173&Prime; img_size=\u00a0\u00bb370&#215;230&Prime; css_animation=\u00a0\u00bbfadeIn\u00a0\u00bb]<div class=\"wpb_text_column\"><div class=\"wpb_wrapper\"><h4>Gestion op\u00e9rationnelle et maintenance<\/h4>\n<p>Nous fournissons des syst\u00e8mes complets pour le chargement et le d\u00e9chargement des navires. \u00c0 votre choix, nous proposons \u00e9galement la gestion op\u00e9rationnelle et la maintenance, en tant que solution temporaire ou assistance lors de la mise en route.<\/p>\n<\/div><\/div><\/div><\/div><div class=\"wpb_column vc_column_container\"><div class=\"vc_column-inner\">[vc_single_image image=\u00a0\u00bb8169&Prime; img_size=\u00a0\u00bb370&#215;230&Prime; css_animation=\u00a0\u00bbfadeIn\u00a0\u00bb]<div class=\"wpb_text_column\"><div class=\"wpb_wrapper\"><h4>Approvisionnement et gestion op\u00e9rationnelle<\/h4>\n<p>Nous concevons, fabriquons et installons des machines et des syst\u00e8mes de traitement. \u00c0 votre choix, nous proposons \u00e9galement la gestion op\u00e9rationnelle, ainsi que la maintenance, que nous pouvons effectuer.<\/p>\n<\/div><\/div><\/div><\/div><\/div><\/div><\/section>\n","protected":false},"excerpt":{"rendered":"[vc_single_image image=\"8177\" img_size=\"370x230\" css_animation=\"fadeIn\"]Structures financi\u00e8res et d&rsquo;investissement Nous proposons diverses structures financi\u00e8res et d\u2019investissement en ce qui concerne les installations de traitement pour le recyclage et la manutention en vrac que nous concevons et installons. [vc_single_image image=\"8173\" img_size=\"370x230\" css_animation=\"fadeIn\"]Gestion op\u00e9rationnelle et maintenance Nous fournissons des syst\u00e8mes complets pour le chargement et le d\u00e9chargement des navires....","protected":false},"author":56,"featured_media":0,"parent":0,"menu_order":0,"comment_status":"closed","ping_status":"closed","template":"page-templates\/full-width-page.php","meta":{"_acf_changed":false,"footnotes":""},"class_list":["post-8167","page","type-page","status-publish","hentry"],"acf":[],"yoast_head":"<!-- This site is optimized with the Yoast SEO plugin v27.5 - https:\/\/yoast.com\/product\/yoast-seo-wordpress\/ -->\n<title>Exploitation - Heilig Group<\/title>\n<meta name=\"description\" content=\"We engineer, manufacture and install machinery and processing systems.\" \/>\n<meta name=\"robots\" content=\"index, follow, max-snippet:-1, max-image-preview:large, max-video-preview:-1\" \/>\n<link rel=\"canonical\" href=\"https:\/\/www.heilig-group.com\/fr\/exploitation\/\" \/>\n<meta property=\"og:locale\" content=\"fr_FR\" \/>\n<meta property=\"og:type\" content=\"article\" \/>\n<meta property=\"og:title\" content=\"Exploitation - Heilig Group\" \/>\n<meta property=\"og:description\" content=\"We engineer, manufacture and install machinery and processing systems.\" \/>\n<meta property=\"og:url\" content=\"https:\/\/www.heilig-group.com\/fr\/exploitation\/\" \/>\n<meta property=\"og:site_name\" content=\"Heilig Group\" \/>\n<meta property=\"article:modified_time\" content=\"2019-01-22T08:37:52+00:00\" \/>\n<meta name=\"twitter:card\" content=\"summary_large_image\" \/>\n<meta name=\"twitter:label1\" content=\"Dur\u00e9e de lecture estim\u00e9e\" \/>\n\t<meta name=\"twitter:data1\" content=\"1 minute\" \/>\n<script type=\"application\/ld+json\" class=\"yoast-schema-graph\">{\"@context\":\"https:\\\/\\\/schema.org\",\"@graph\":[{\"@type\":\"WebPage\",\"@id\":\"https:\\\/\\\/www.heilig-group.com\\\/fr\\\/exploitation\\\/\",\"url\":\"https:\\\/\\\/www.heilig-group.com\\\/fr\\\/exploitation\\\/\",\"name\":\"Exploitation - Heilig Group\",\"isPartOf\":{\"@id\":\"https:\\\/\\\/www.heilig-group.com\\\/fr\\\/#website\"},\"datePublished\":\"2018-06-06T09:30:16+00:00\",\"dateModified\":\"2019-01-22T08:37:52+00:00\",\"description\":\"We engineer, manufacture and install machinery and processing systems.\",\"breadcrumb\":{\"@id\":\"https:\\\/\\\/www.heilig-group.com\\\/fr\\\/exploitation\\\/#breadcrumb\"},\"inLanguage\":\"fr-FR\",\"potentialAction\":[{\"@type\":\"ReadAction\",\"target\":[\"https:\\\/\\\/www.heilig-group.com\\\/fr\\\/exploitation\\\/\"]}]},{\"@type\":\"BreadcrumbList\",\"@id\":\"https:\\\/\\\/www.heilig-group.com\\\/fr\\\/exploitation\\\/#breadcrumb\",\"itemListElement\":[{\"@type\":\"ListItem\",\"position\":1,\"name\":\"Home\",\"item\":\"https:\\\/\\\/www.heilig-group.com\\\/fr\\\/\"},{\"@type\":\"ListItem\",\"position\":2,\"name\":\"Exploitation\"}]},{\"@type\":\"WebSite\",\"@id\":\"https:\\\/\\\/www.heilig-group.com\\\/fr\\\/#website\",\"url\":\"https:\\\/\\\/www.heilig-group.com\\\/fr\\\/\",\"name\":\"Heilig Group\",\"description\":\"Werken bij Heilig Group\",\"potentialAction\":[{\"@type\":\"SearchAction\",\"target\":{\"@type\":\"EntryPoint\",\"urlTemplate\":\"https:\\\/\\\/www.heilig-group.com\\\/fr\\\/?s={search_term_string}\"},\"query-input\":{\"@type\":\"PropertyValueSpecification\",\"valueRequired\":true,\"valueName\":\"search_term_string\"}}],\"inLanguage\":\"fr-FR\"}]}<\/script>\n<!-- \/ Yoast SEO plugin. -->","yoast_head_json":{"title":"Exploitation - Heilig Group","description":"We engineer, manufacture and install machinery and processing systems.","robots":{"index":"index","follow":"follow","max-snippet":"max-snippet:-1","max-image-preview":"max-image-preview:large","max-video-preview":"max-video-preview:-1"},"canonical":"https:\/\/www.heilig-group.com\/fr\/exploitation\/","og_locale":"fr_FR","og_type":"article","og_title":"Exploitation - Heilig Group","og_description":"We engineer, manufacture and install machinery and processing systems.","og_url":"https:\/\/www.heilig-group.com\/fr\/exploitation\/","og_site_name":"Heilig Group","article_modified_time":"2019-01-22T08:37:52+00:00","twitter_card":"summary_large_image","twitter_misc":{"Dur\u00e9e de lecture estim\u00e9e":"1 minute"},"schema":{"@context":"https:\/\/schema.org","@graph":[{"@type":"WebPage","@id":"https:\/\/www.heilig-group.com\/fr\/exploitation\/","url":"https:\/\/www.heilig-group.com\/fr\/exploitation\/","name":"Exploitation - Heilig Group","isPartOf":{"@id":"https:\/\/www.heilig-group.com\/fr\/#website"},"datePublished":"2018-06-06T09:30:16+00:00","dateModified":"2019-01-22T08:37:52+00:00","description":"We engineer, manufacture and install machinery and processing systems.","breadcrumb":{"@id":"https:\/\/www.heilig-group.com\/fr\/exploitation\/#breadcrumb"},"inLanguage":"fr-FR","potentialAction":[{"@type":"ReadAction","target":["https:\/\/www.heilig-group.com\/fr\/exploitation\/"]}]},{"@type":"BreadcrumbList","@id":"https:\/\/www.heilig-group.com\/fr\/exploitation\/#breadcrumb","itemListElement":[{"@type":"ListItem","position":1,"name":"Home","item":"https:\/\/www.heilig-group.com\/fr\/"},{"@type":"ListItem","position":2,"name":"Exploitation"}]},{"@type":"WebSite","@id":"https:\/\/www.heilig-group.com\/fr\/#website","url":"https:\/\/www.heilig-group.com\/fr\/","name":"Heilig Group","description":"Werken bij Heilig Group","potentialAction":[{"@type":"SearchAction","target":{"@type":"EntryPoint","urlTemplate":"https:\/\/www.heilig-group.com\/fr\/?s={search_term_string}"},"query-input":{"@type":"PropertyValueSpecification","valueRequired":true,"valueName":"search_term_string"}}],"inLanguage":"fr-FR"}]}},"_links":{"self":[{"href":"https:\/\/www.heilig-group.com\/fr\/wp-json\/wp\/v2\/pages\/8167","targetHints":{"allow":["GET"]}}],"collection":[{"href":"https:\/\/www.heilig-group.com\/fr\/wp-json\/wp\/v2\/pages"}],"about":[{"href":"https:\/\/www.heilig-group.com\/fr\/wp-json\/wp\/v2\/types\/page"}],"author":[{"embeddable":true,"href":"https:\/\/www.heilig-group.com\/fr\/wp-json\/wp\/v2\/users\/56"}],"replies":[{"embeddable":true,"href":"https:\/\/www.heilig-group.com\/fr\/wp-json\/wp\/v2\/comments?post=8167"}],"version-history":[{"count":0,"href":"https:\/\/www.heilig-group.com\/fr\/wp-json\/wp\/v2\/pages\/8167\/revisions"}],"wp:attachment":[{"href":"https:\/\/www.heilig-group.com\/fr\/wp-json\/wp\/v2\/media?parent=8167"}],"curies":[{"name":"wp","href":"https:\/\/api.w.org\/{rel}","templated":true}]}}