{"id":7740,"date":"2018-06-05T13:56:38","date_gmt":"2018-06-05T13:56:38","guid":{"rendered":"https:\/\/www.heilig-group.com\/our-core-values\/"},"modified":"2021-12-21T09:21:47","modified_gmt":"2021-12-21T09:21:47","slug":"unsere-werte","status":"publish","type":"page","link":"https:\/\/www.heilig-group.com\/de\/unsere-werte\/","title":{"rendered":"Unsere Werte"},"content":{"rendered":"<section class=\"l-section wpb_row us_custom_ea291a5a height_small\"><div class=\"l-section-h i-cf\"><div class=\"g-cols vc_row via_grid cols_1 laptops-cols_inherit tablets-cols_inherit mobiles-cols_1 valign_top type_default stacking_default\"><div class=\"wpb_column vc_column_container us_custom_f598a2a9\"><div class=\"vc_column-inner\"><div class=\"wpb_text_column\"><div class=\"wpb_wrapper\"><h1>Unsere Werte und unsere Identit\u00e4t<\/h1>\n<\/div><\/div><\/div><\/div><\/div><\/div><\/section><section class=\"l-section wpb_row us_custom_6b9f1f45 height_small\"><div class=\"l-section-h i-cf\"><div class=\"g-cols vc_row via_grid cols_2 laptops-cols_inherit tablets-cols_inherit mobiles-cols_1 valign_top type_default stacking_default\"><div class=\"wpb_column vc_column_container us_custom_a50c6bf8\"><div class=\"vc_column-inner\"><div class=\"wpb_text_column\"><div class=\"wpb_wrapper\"><p>Die Unternehmen der Heilig Group stellen sich selbst als progressive Organisationen dar, die sowohl f\u00fcr Ihre Kunden als auch f\u00fcr die Mitarbeiter der Heilig Group in ausgew\u00e4hlten Branchen einen Mehrwert schaffen.<\/p>\n<p>Wir bieten L\u00f6sungen an, die nicht nur innovativ, effizient und nachhaltig sind, sondern auch einen effektiven Produktionsprozess gew\u00e4hrleisten.<\/p>\n<p>Bei uns entstehen effektive L\u00f6sungen, weil wir die Menschen, das Wissen und die notwendigen Mittel f\u00fcr den Transports von Sch\u00fcttgut, das Recycling, die Dienstleistungen und die notwendige Prozesstechnologie zusammenbringen.<\/p>\n<p>Die Heilig Group erzielt gesunde Gewinne und verf\u00fcgt \u00fcber eine starke Bilanz; sie ist mit dem gesamten technologischen Prozess ihrer Gesellschaften in ganz Europa und in ausgew\u00e4hlten M\u00e4rkten au\u00dferhalb Europas aktiv.<\/p>\n<\/div><\/div><\/div><\/div><div class=\"wpb_column vc_column_container\"><div class=\"vc_column-inner\">[vc_single_image image=&#8220;12640&#8243; img_size=&#8220;540&#215;320&#8243; alignment=&#8220;right&#8220;]<\/div><\/div><\/div><\/div><\/section><section class=\"l-section wpb_row us_custom_cdfff054 height_small\"><div class=\"l-section-h i-cf\"><div class=\"g-cols vc_row via_grid cols_1 laptops-cols_inherit tablets-cols_inherit mobiles-cols_1 valign_top type_default stacking_default\"><div class=\"wpb_column vc_column_container us_custom_f598a2a9\"><div class=\"vc_column-inner\"><div class=\"wpb_text_column\"><div class=\"wpb_wrapper\"><h3><strong>Wir bieten:<\/strong><\/h3>\n<\/div><\/div><\/div><\/div><\/div><\/div><\/section><section class=\"l-section wpb_row us_custom_3d796b72 height_small\"><div class=\"l-section-h i-cf\"><div class=\"g-cols vc_row via_grid cols_1 laptops-cols_inherit tablets-cols_inherit mobiles-cols_1 valign_top type_default stacking_default\"><div class=\"wpb_column vc_column_container us_custom_af41c7f7\"><div class=\"vc_column-inner\"><div class=\"wpb_text_column\"><div class=\"wpb_wrapper\"><p style=\"text-align: left;\">&#8211; Systeme mit hohen Kapazit\u00e4ten f\u00fcr den Transport und die <a href=\"https:\/\/www.heiligbv.com\/de\/products\/umschlaganlagen\/\" target=\"_blank\" rel=\"noopener noreferrer\"><strong>Umladung von trockenen Sch\u00fcttg\u00fctern<\/strong><\/a><br \/>\n&#8211; Modernste Maschinen und Anlagen zur Verarbeitung von Materialien in wertvolle Produkte<br \/>\n&#8211; Wirksame L\u00f6sungen f\u00fcr den Transport und zum <a href=\"http:\/\/www.bezner.com\" target=\"_blank\" rel=\"noopener noreferrer\"><strong>Trennen<\/strong><\/a>, <a href=\"https:\/\/www.heiligmixers.com\/\" target=\"_blank\" rel=\"noopener noreferrer\"><strong>Mischen<\/strong><\/a>, <a href=\"https:\/\/www.bub-anlagenbau.de\/\" target=\"_blank\" rel=\"noopener noreferrer\"><strong>Trocknen<\/strong><\/a>, <a href=\"https:\/\/www.geurtsheatexchangers.com\/\" target=\"_blank\" rel=\"noopener noreferrer\"><strong>Erhitzen<\/strong><\/a> oder <a href=\"https:\/\/www.geurtsheatexchangers.com\/\" target=\"_blank\" rel=\"noopener noreferrer\"><strong>R\u00fcckgewinnen<\/strong><\/a> von <a href=\"https:\/\/www.nonferrousrecycling.com\/\" target=\"_blank\" rel=\"noopener noreferrer\"><strong>Wertstoffen aus Abfallstr\u00f6men<\/strong><\/a><br \/>\n&#8211; Zuverl\u00e4ssige und innovative <a href=\"http:\/\/www.beemster.nl\" target=\"_blank\" rel=\"noopener noreferrer\"><strong>elektrotechnische Systeme<\/strong><\/a> f\u00fcr Geb\u00e4ude, Anlagen und Maschinenparks<br \/>\n&#8211; Robuste <a href=\"https:\/\/www.bezner-oswald.com\/\" target=\"_blank\" rel=\"noopener noreferrer\"><strong>Maschinen f\u00fcr die Holzverarbeitung<\/strong><\/a> in S\u00e4gem\u00fchlen<br \/>\n&#8211; <a href=\"https:\/\/www.heiligmixers.com\/\" target=\"_blank\" rel=\"noopener noreferrer\"><strong>Hochpr\u00e4zise Mischer<\/strong><\/a> mit einer Kapazit\u00e4t von bis zu 75.000 Litern<br \/>\n&#8211; Nachhaltige L\u00f6sungen f\u00fcr den effizienten Einsatz von Energie und <a href=\"https:\/\/www.geurtsheatexchangers.com\/\" target=\"_blank\" rel=\"noopener noreferrer\">W\u00e4rmer\u00fcckgewinnung<\/a> durch den Einsatz von W\u00e4rmetauschern in verschiedensten Branchen<br \/>\n&#8211; Expertise bei der Gewinnung verwendbarer Materialien aus Abfallstr\u00f6men f\u00fcr die Kreislaufwirtschaft<br \/>\n&#8211; Moderne <a href=\"http:\/\/www.nmh-sro.com\/\" target=\"_blank\" rel=\"noopener noreferrer\"><strong>Maschinen und Produktionsanlagen zur Herstellung<\/strong><\/a> von Qualit\u00e4tsprodukten<\/p>\n<\/div><\/div><\/div><\/div><\/div><\/div><\/section>\n","protected":false},"excerpt":{"rendered":"Unsere Werte und unsere Identit\u00e4t Die Unternehmen der Heilig Group stellen sich selbst als progressive Organisationen dar, die sowohl f\u00fcr Ihre Kunden als auch f\u00fcr die Mitarbeiter der Heilig Group in ausgew\u00e4hlten Branchen einen Mehrwert schaffen. Wir bieten L\u00f6sungen an, die nicht nur innovativ, effizient und nachhaltig sind, sondern auch einen effektiven Produktionsprozess gew\u00e4hrleisten. Bei...","protected":false},"author":56,"featured_media":0,"parent":0,"menu_order":0,"comment_status":"closed","ping_status":"closed","template":"","meta":{"_acf_changed":false,"footnotes":""},"class_list":["post-7740","page","type-page","status-publish","hentry"],"acf":[],"yoast_head":"<!-- This site is optimized with the Yoast SEO plugin v27.5 - https:\/\/yoast.com\/product\/yoast-seo-wordpress\/ -->\n<title>Unsere Werte - Heilig Group<\/title>\n<meta name=\"description\" content=\"The Heilig Group companies project themselves as progressive organisations which enhance the values for their customers and Heilig Group employees in selected industries.\" \/>\n<meta name=\"robots\" content=\"index, follow, max-snippet:-1, max-image-preview:large, max-video-preview:-1\" \/>\n<link rel=\"canonical\" href=\"https:\/\/www.heilig-group.com\/de\/unsere-werte\/\" \/>\n<meta property=\"og:locale\" content=\"de_DE\" \/>\n<meta property=\"og:type\" content=\"article\" \/>\n<meta property=\"og:title\" content=\"Unsere Werte - Heilig Group\" \/>\n<meta property=\"og:description\" content=\"The Heilig Group companies project themselves as progressive organisations which enhance the values for their customers and Heilig Group employees in selected industries.\" \/>\n<meta property=\"og:url\" content=\"https:\/\/www.heilig-group.com\/de\/unsere-werte\/\" \/>\n<meta property=\"og:site_name\" content=\"Heilig Group\" \/>\n<meta property=\"article:modified_time\" content=\"2021-12-21T09:21:47+00:00\" \/>\n<meta name=\"twitter:card\" content=\"summary_large_image\" \/>\n<meta name=\"twitter:label1\" content=\"Gesch\u00e4tzte Lesezeit\" \/>\n\t<meta name=\"twitter:data1\" content=\"2\u00a0Minuten\" \/>\n<script type=\"application\/ld+json\" class=\"yoast-schema-graph\">{\"@context\":\"https:\\\/\\\/schema.org\",\"@graph\":[{\"@type\":\"WebPage\",\"@id\":\"https:\\\/\\\/www.heilig-group.com\\\/de\\\/unsere-werte\\\/\",\"url\":\"https:\\\/\\\/www.heilig-group.com\\\/de\\\/unsere-werte\\\/\",\"name\":\"Unsere Werte - Heilig Group\",\"isPartOf\":{\"@id\":\"https:\\\/\\\/www.heilig-group.com\\\/de\\\/#website\"},\"datePublished\":\"2018-06-05T13:56:38+00:00\",\"dateModified\":\"2021-12-21T09:21:47+00:00\",\"description\":\"The Heilig Group companies project themselves as progressive organisations which enhance the values for their customers and Heilig Group employees in selected industries.\",\"breadcrumb\":{\"@id\":\"https:\\\/\\\/www.heilig-group.com\\\/de\\\/unsere-werte\\\/#breadcrumb\"},\"inLanguage\":\"de\",\"potentialAction\":[{\"@type\":\"ReadAction\",\"target\":[\"https:\\\/\\\/www.heilig-group.com\\\/de\\\/unsere-werte\\\/\"]}]},{\"@type\":\"BreadcrumbList\",\"@id\":\"https:\\\/\\\/www.heilig-group.com\\\/de\\\/unsere-werte\\\/#breadcrumb\",\"itemListElement\":[{\"@type\":\"ListItem\",\"position\":1,\"name\":\"Home\",\"item\":\"https:\\\/\\\/www.heilig-group.com\\\/de\\\/\"},{\"@type\":\"ListItem\",\"position\":2,\"name\":\"Unsere Werte\"}]},{\"@type\":\"WebSite\",\"@id\":\"https:\\\/\\\/www.heilig-group.com\\\/de\\\/#website\",\"url\":\"https:\\\/\\\/www.heilig-group.com\\\/de\\\/\",\"name\":\"Heilig Group\",\"description\":\"Werken bij Heilig Group\",\"potentialAction\":[{\"@type\":\"SearchAction\",\"target\":{\"@type\":\"EntryPoint\",\"urlTemplate\":\"https:\\\/\\\/www.heilig-group.com\\\/de\\\/?s={search_term_string}\"},\"query-input\":{\"@type\":\"PropertyValueSpecification\",\"valueRequired\":true,\"valueName\":\"search_term_string\"}}],\"inLanguage\":\"de\"}]}<\/script>\n<!-- \/ Yoast SEO plugin. -->","yoast_head_json":{"title":"Unsere Werte - Heilig Group","description":"The Heilig Group companies project themselves as progressive organisations which enhance the values for their customers and Heilig Group employees in selected industries.","robots":{"index":"index","follow":"follow","max-snippet":"max-snippet:-1","max-image-preview":"max-image-preview:large","max-video-preview":"max-video-preview:-1"},"canonical":"https:\/\/www.heilig-group.com\/de\/unsere-werte\/","og_locale":"de_DE","og_type":"article","og_title":"Unsere Werte - Heilig Group","og_description":"The Heilig Group companies project themselves as progressive organisations which enhance the values for their customers and Heilig Group employees in selected industries.","og_url":"https:\/\/www.heilig-group.com\/de\/unsere-werte\/","og_site_name":"Heilig Group","article_modified_time":"2021-12-21T09:21:47+00:00","twitter_card":"summary_large_image","twitter_misc":{"Gesch\u00e4tzte Lesezeit":"2\u00a0Minuten"},"schema":{"@context":"https:\/\/schema.org","@graph":[{"@type":"WebPage","@id":"https:\/\/www.heilig-group.com\/de\/unsere-werte\/","url":"https:\/\/www.heilig-group.com\/de\/unsere-werte\/","name":"Unsere Werte - Heilig Group","isPartOf":{"@id":"https:\/\/www.heilig-group.com\/de\/#website"},"datePublished":"2018-06-05T13:56:38+00:00","dateModified":"2021-12-21T09:21:47+00:00","description":"The Heilig Group companies project themselves as progressive organisations which enhance the values for their customers and Heilig Group employees in selected industries.","breadcrumb":{"@id":"https:\/\/www.heilig-group.com\/de\/unsere-werte\/#breadcrumb"},"inLanguage":"de","potentialAction":[{"@type":"ReadAction","target":["https:\/\/www.heilig-group.com\/de\/unsere-werte\/"]}]},{"@type":"BreadcrumbList","@id":"https:\/\/www.heilig-group.com\/de\/unsere-werte\/#breadcrumb","itemListElement":[{"@type":"ListItem","position":1,"name":"Home","item":"https:\/\/www.heilig-group.com\/de\/"},{"@type":"ListItem","position":2,"name":"Unsere Werte"}]},{"@type":"WebSite","@id":"https:\/\/www.heilig-group.com\/de\/#website","url":"https:\/\/www.heilig-group.com\/de\/","name":"Heilig Group","description":"Werken bij Heilig Group","potentialAction":[{"@type":"SearchAction","target":{"@type":"EntryPoint","urlTemplate":"https:\/\/www.heilig-group.com\/de\/?s={search_term_string}"},"query-input":{"@type":"PropertyValueSpecification","valueRequired":true,"valueName":"search_term_string"}}],"inLanguage":"de"}]}},"_links":{"self":[{"href":"https:\/\/www.heilig-group.com\/de\/wp-json\/wp\/v2\/pages\/7740","targetHints":{"allow":["GET"]}}],"collection":[{"href":"https:\/\/www.heilig-group.com\/de\/wp-json\/wp\/v2\/pages"}],"about":[{"href":"https:\/\/www.heilig-group.com\/de\/wp-json\/wp\/v2\/types\/page"}],"author":[{"embeddable":true,"href":"https:\/\/www.heilig-group.com\/de\/wp-json\/wp\/v2\/users\/56"}],"replies":[{"embeddable":true,"href":"https:\/\/www.heilig-group.com\/de\/wp-json\/wp\/v2\/comments?post=7740"}],"version-history":[{"count":0,"href":"https:\/\/www.heilig-group.com\/de\/wp-json\/wp\/v2\/pages\/7740\/revisions"}],"wp:attachment":[{"href":"https:\/\/www.heilig-group.com\/de\/wp-json\/wp\/v2\/media?parent=7740"}],"curies":[{"name":"wp","href":"https:\/\/api.w.org\/{rel}","templated":true}]}}