{"id":7665,"date":"2018-06-06T08:24:57","date_gmt":"2018-06-06T08:24:57","guid":{"rendered":"https:\/\/www.heilig-group.com\/bulk-material-handling\/"},"modified":"2025-08-05T07:56:41","modified_gmt":"2025-08-05T07:56:41","slug":"schuettgut-und-materialtransport","status":"publish","type":"page","link":"https:\/\/www.heilig-group.com\/de\/projekte\/schuettgut-und-materialtransport\/","title":{"rendered":"Sch\u00fcttgut- und Materialtransport"},"content":{"rendered":"<section class=\"l-section wpb_row height_large with_img\"><div class=\"l-section-img\" role=\"img\" aria-label=\"Bild\" data-img-width=\"1920\" data-img-height=\"355\" style=\"background-image: url(https:\/\/www.heilig-group.com\/wp-content\/uploads\/2025\/05\/HeiligGroup_Header_Projecten_Bulk.jpg);\"><\/div><div class=\"l-section-h i-cf\"><div class=\"g-cols vc_row via_grid cols_1 laptops-cols_inherit tablets-cols_inherit mobiles-cols_1 valign_top type_default stacking_default\"><div class=\"wpb_column vc_column_container\"><div class=\"vc_column-inner\"><h1 class=\"w-post-elm post_title us_custom_8b3d6790 has_text_color align_left entry-title color_link_inherit\">Sch\u00fcttgut- und Materialtransport<\/h1><nav class=\"g-breadcrumbs us_custom_89e92469 has_text_color separator_icon align_left\" itemscope itemtype=\"http:\/\/schema.org\/BreadcrumbList\"><div class=\"g-breadcrumbs-item\" itemscope itemprop=\"itemListElement\" itemtype=\"http:\/\/schema.org\/ListItem\"><a itemprop=\"item\" href=\"https:\/\/www.heilig-group.com\/de\/\"><span itemprop=\"name\">Start<\/span><\/a><meta itemprop=\"position\" content=\"1\"\/><\/div><div class=\"g-breadcrumbs-separator\"><i class=\"far fa-angle-right\"><\/i><\/div><div class=\"g-breadcrumbs-item\">Seiten<\/div><\/nav><\/div><\/div><\/div><\/div><\/section><section class=\"l-section wpb_row height_medium\"><div class=\"l-section-h i-cf\"><div class=\"g-cols vc_row via_grid cols_2 laptops-cols_inherit tablets-cols_inherit mobiles-cols_1 valign_top type_default stacking_default\"><div class=\"wpb_column vc_column_container\"><div class=\"vc_column-inner\"><div class=\"wpb_text_column\"><div class=\"wpb_wrapper\"><p>NM Heilig baut und liefert sowohl einzelne Maschinen als auch schl\u00fcsselfertige Komplettanlagen f\u00fcr den Transport, Umschlag, die Lagerung und Behandlung von Sch\u00fcttgut. Je nach Eigenschaft und Dichte des Sch\u00fcttguts k\u00f6nnen <a href=\"https:\/\/www.heiligbv.com\/de\/products\/umschlaganlagen-fur-schuttgut\/\" target=\"_blank\" rel=\"noopener\"><strong>Umschlaganlagen<\/strong><\/a> bis zu 6000 Tonnen Material pro Stunde verarbeiten.<\/p>\n<p>H\u00e4ufig ben\u00f6tigen diese Anlagen individuell angefertigte Maschinen wie <a href=\"https:\/\/www.heiligbv.com\/de\/products\/fordersysteme\/\" target=\"_blank\" rel=\"noopener\"><strong>F\u00f6rdersysteme<\/strong><\/a>, <a href=\"https:\/\/www.heiligbv.com\/de\/products\/siebanlagen\/\" target=\"_blank\" rel=\"noopener\"><strong>Siebe<\/strong><\/a>, <a href=\"https:\/\/www.heiligbv.com\/de\/products\/brecheranlagen\/\" target=\"_blank\" rel=\"noopener\"><strong>Brecher<\/strong><\/a>, <a href=\"https:\/\/www.heiligbv.com\/de\/products\/waschanlagen\/\" target=\"_blank\" rel=\"noopener\"><strong>Waschtrommeln<\/strong><\/a> und Mischer sowie Maschinen zum Entsalzen, Klassifizieren und Fraktionieren.<\/p>\n<\/div><\/div><div class=\"wpb_text_column\"><div class=\"wpb_wrapper\"><p>Wir streben nach der besten Leistung f\u00fcr jede Maschine und Anlage, die wir liefern. Nicht nur f\u00fcr komplexe Systeme mit gro\u00dfer Kapazit\u00e4t, sondern auch f\u00fcr Standardanwendungen, die sich als starke L\u00f6sung erweisen.<\/p>\n<p>Einige der Projektreferenzen finden Sie hier.<\/p>\n<\/div><\/div><\/div><\/div><div class=\"wpb_column vc_column_container\"><div class=\"vc_column-inner\"><div class=\"w-video align_center ratio_16x9 has_iframe\"><div class=\"w-video-h\"><iframe title=\"Youtube video player\" src=\"\/\/www.youtube.com\/embed\/lvV7GdCRz7U?autoplay=0&controls=1&origin=https:\/\/www.heilig-group.com\/de\/&loop=0&mute=0\" allowfullscreen=\"1\" loading=\"lazy\"><\/iframe><\/div><\/div><\/div><\/div><\/div><\/div><\/section><section class=\"l-section wpb_row us_custom_bdd55df5 height_small\"><div class=\"l-section-h i-cf\"><div class=\"g-cols vc_row via_grid cols_4 laptops-cols_inherit tablets-cols_inherit mobiles-cols_1 valign_top type_default stacking_default\"><div class=\"wpb_column vc_column_container\"><div class=\"vc_column-inner\"><div class=\"wpb_text_column\"><div class=\"wpb_wrapper\"><p>[vc_single_image image=&#8220;7479&#8243; img_size=&#8220;310&#215;170&#8243; onclick=&#8220;custom_link&#8220; img_link_target=&#8220;_blank&#8220; css_animation=&#8220;fadeIn&#8220; link=&#8220;https:\/\/www.heiligbv.com\/projects\/mobile-radial-stacker-conveyors-for-shiploading\/&#8220;]<div class=\"wpb_text_column\"><div class=\"wpb_wrapper\"><\/div><\/div>\n<h4><strong><a href=\"https:\/\/www.heiligbv.com\/nl\/projecten\/mobiele-transportbanden-radial-stacker-voor-het-laden-van-steenstorters\/\" target=\"_blank\" rel=\"noopener\">MOBILE RADIAL STAPLER F\u00d6RDERB\u00c4NDER F\u00dcR SCHIFFSBELADUNG<\/a><\/strong><\/h4>\n<p>Industrie: Offshore<br \/>\nKapazit\u00e4t: 1.000 t\/h<\/p>\n<\/div><\/div><\/div><\/div><div class=\"wpb_column vc_column_container\"><div class=\"vc_column-inner\"><div class=\"wpb_text_column\"><div class=\"wpb_wrapper\"><p>[vc_single_image image=&#8220;7478&#8243; img_size=&#8220;310&#215;170&#8243; onclick=&#8220;custom_link&#8220; img_link_target=&#8220;_blank&#8220; css_animation=&#8220;fadeIn&#8220; link=&#8220;https:\/\/www.heiligbv.com\/projects\/mobile-belt-conveyor-loaders\/&#8220;]<div class=\"wpb_text_column\"><div class=\"wpb_wrapper\"><\/div><\/div>\n<h4><a href=\"https:\/\/www.heiligbv.com\/projects\/mobile-belt-conveyor-loaders\/\" target=\"_blank\" rel=\"noopener\"><strong>MOBILE F\u00d6RDERBAND BELADER<\/strong><\/a><\/h4>\n<p>Industrie: Stahlherstellung<br \/>\nKapazit\u00e4t: 1.200 t\/h<\/p>\n<\/div><\/div><\/div><\/div><div class=\"wpb_column vc_column_container\"><div class=\"vc_column-inner\"><div class=\"wpb_text_column\"><div class=\"wpb_wrapper\"><p>[vc_single_image image=&#8220;7477&#8243; img_size=&#8220;310&#215;170&#8243; onclick=&#8220;custom_link&#8220; img_link_target=&#8220;_blank&#8220; css_animation=&#8220;fadeIn&#8220; link=&#8220;https:\/\/www.heiligbv.com\/projects\/washing-system-for-coal\/&#8220;]<div class=\"wpb_text_column\"><div class=\"wpb_wrapper\"><\/div><\/div>\n<h4><a href=\"https:\/\/www.heiligbv.com\/projects\/washing-system-for-coal\/\" target=\"_blank\" rel=\"noopener\"><strong>WASCHSYSTEM F\u00dcR KOHLE<\/strong><\/a><\/h4>\n<p>Industrie: Kohle<br \/>\nKapazit\u00e4t: min. 150 t\/h<\/p>\n<\/div><\/div><\/div><\/div><div class=\"wpb_column vc_column_container\"><div class=\"vc_column-inner\"><div class=\"wpb_text_column\"><div class=\"wpb_wrapper\"><p>[vc_single_image image=&#8220;7476&#8243; img_size=&#8220;310&#215;170&#8243; onclick=&#8220;custom_link&#8220; img_link_target=&#8220;_blank&#8220; css_animation=&#8220;fadeIn&#8220; link=&#8220;https:\/\/www.heiligbv.com\/projects\/mobile-stacker-conveyor-for-steel-production-plant\/&#8220;]<div class=\"wpb_text_column\"><div class=\"wpb_wrapper\"><\/div><\/div>\n<h4><a href=\"https:\/\/www.heiligbv.com\/projects\/mobile-stacker-conveyor-for-steel-production-plant\/\" target=\"_blank\" rel=\"noopener\"><strong>MOBILES STAPLER F\u00d6RDERBAND F\u00dcR STAHLHERSTELLUNG<\/strong><\/a><\/h4>\n<p>Industrie: Stahlherstellung<br \/>\nKapazit\u00e4t: 1.500 t\/h<\/p>\n<\/div><\/div><\/div><\/div><\/div><\/div><\/section><section class=\"l-section wpb_row us_custom_bb8ea2a1 height_small\"><div class=\"l-section-h i-cf\"><div class=\"g-cols vc_row via_grid cols_4 laptops-cols_inherit tablets-cols_inherit mobiles-cols_1 valign_top type_default stacking_default\"><div class=\"wpb_column vc_column_container\"><div class=\"vc_column-inner\"><div class=\"wpb_text_column\"><div class=\"wpb_wrapper\"><p>[vc_single_image image=&#8220;7666&#8243; img_size=&#8220;310&#215;170&#8243; onclick=&#8220;custom_link&#8220; img_link_target=&#8220;_blank&#8220; css_animation=&#8220;fadeIn&#8220; link=&#8220;https:\/\/www.heiligbv.com\/nl\/projects\/mobiele-zeefinstallatie-voor-steenkool\/&#8220;]<div class=\"wpb_text_column\"><div class=\"wpb_wrapper\"><\/div><\/div>\n<h4><a href=\"https:\/\/www.heiligbv.com\/projects\/mobile-screening-system-coal\/\" target=\"_blank\" rel=\"noopener\"><strong>MOBILES SIEBSYSTEM F\u00dcR KOHLE<\/strong><\/a><\/h4>\n<p>Industrie: Kohle<\/p>\n<\/div><\/div><\/div><\/div><div class=\"wpb_column vc_column_container\"><div class=\"vc_column-inner\"><div class=\"wpb_text_column\"><div class=\"wpb_wrapper\"><p>[vc_single_image image=&#8220;7669&#8243; img_size=&#8220;310&#215;170&#8243; onclick=&#8220;custom_link&#8220; img_link_target=&#8220;_blank&#8220; css_animation=&#8220;fadeIn&#8220; link=&#8220;https:\/\/www.heiligbv.com\/projects\/salt-terminal-conveyor-systems\/&#8220;]<div class=\"wpb_text_column\"><div class=\"wpb_wrapper\"><\/div><\/div>\n<h4><a href=\"https:\/\/www.heiligbv.com\/projects\/salt-terminal-conveyor-systems\/\" target=\"_blank\" rel=\"noopener\"><strong>F\u00d6RDERSYSTEM F\u00dcR SALZ TERMINAL<\/strong><\/a><\/h4>\n<p>Industrie: Mineralien<br \/>\nKapazit\u00e4t: 500 t\/h<\/p>\n<\/div><\/div><\/div><\/div><div class=\"wpb_column vc_column_container\"><div class=\"vc_column-inner\"><div class=\"wpb_text_column\"><div class=\"wpb_wrapper\"><p>[vc_single_image image=&#8220;7670&#8243; img_size=&#8220;310&#215;170&#8243; onclick=&#8220;custom_link&#8220; img_link_target=&#8220;_blank&#8220; css_animation=&#8220;fadeIn&#8220; link=&#8220;https:\/\/www.heiligbv.com\/projects\/fertilizer-ship-loading-system\/&#8220;]<div class=\"wpb_text_column\"><div class=\"wpb_wrapper\"><\/div><\/div>\n<h4><a href=\"https:\/\/www.heiligbv.com\/projects\/fertilizer-ship-loading-system\/\" target=\"_blank\" rel=\"noopener\"><strong>SCHIFFSBELADESYSTEM F\u00dcR D\u00dcNGER<\/strong><\/a><\/h4>\n<p>Industrie: Mineralien (D\u00fcnger)<br \/>\nKapazit\u00e4t: 500 t\/h<\/p>\n<\/div><\/div><\/div><\/div><div class=\"wpb_column vc_column_container\"><div class=\"vc_column-inner\"><div class=\"wpb_text_column\"><div class=\"wpb_wrapper\"><p>[vc_single_image image=&#8220;7518&#8243; img_size=&#8220;310&#215;170&#8243; onclick=&#8220;custom_link&#8220; img_link_target=&#8220;_blank&#8220; css_animation=&#8220;fadeIn&#8220; link=&#8220;https:\/\/www.heiligbv.com\/projects\/granite-bulk-carrier-unloading-system\/&#8220;]<div class=\"wpb_text_column\"><div class=\"wpb_wrapper\"><\/div><\/div>\n<h4><a href=\"https:\/\/www.heiligbv.com\/projects\/granite-bulk-carrier-unloading-system\/\" target=\"_blank\" rel=\"noopener\"><strong>ENTLADESYSTEM F\u00dcR GRANIT FRACHTSCHIFFE<\/strong><\/a><\/h4>\n<p>Industrie: Granit<br \/>\nKapazit\u00e4t: 3.500 t\/h<\/p>\n<\/div><\/div><\/div><\/div><\/div><\/div><\/section><section class=\"l-section wpb_row us_custom_bb8ea2a1 height_small\"><div class=\"l-section-h i-cf\"><div class=\"g-cols vc_row via_grid cols_4 laptops-cols_inherit tablets-cols_inherit mobiles-cols_1 valign_top type_default stacking_default\"><div class=\"wpb_column vc_column_container\"><div class=\"vc_column-inner\"><div class=\"wpb_text_column\"><div class=\"wpb_wrapper\"><p>[vc_single_image image=&#8220;7517&#8243; img_size=&#8220;300&#215;170&#8243; onclick=&#8220;custom_link&#8220; img_link_target=&#8220;_blank&#8220; css_animation=&#8220;fadeIn&#8220; link=&#8220;https:\/\/www.heiligbv.com\/projects\/sand-gravel-unloading-installation\/&#8220;]<div class=\"wpb_text_column\"><div class=\"wpb_wrapper\"><\/div><\/div>\n<h4><a href=\"https:\/\/www.heiligbv.com\/projects\/sand-gravel-unloading-installation\/\" target=\"_blank\" rel=\"noopener\"><strong>SAND UND SCHOTTER ENTLADEVORRICHTUNG<\/strong><\/a><\/h4>\n<p>Industrie: Sand und Schotter<br \/>\nKapazit\u00e4t: 350 t\/h, Fraktion 0 &#8211; 80 mm<\/p>\n<\/div><\/div><\/div><\/div><div class=\"wpb_column vc_column_container\"><div class=\"vc_column-inner\"><div class=\"wpb_text_column\"><div class=\"wpb_wrapper\"><p>[vc_single_image image=&#8220;19734&#8243; img_size=&#8220;300&#215;170&#8243; onclick=&#8220;custom_link&#8220; img_link_target=&#8220;_blank&#8220; css_animation=&#8220;fadeIn&#8220; link=&#8220;https:\/\/www.heiligbv.com\/projects\/coal-transshipment-conveyors-terminal-expansion\/&#8220;]<div class=\"wpb_text_column\"><div class=\"wpb_wrapper\"><\/div><\/div>\n<h4><a href=\"https:\/\/www.heiligbv.com\/projects\/coal-transshipment-conveyors-terminal-expansion\/\" target=\"_blank\" rel=\"noopener\"><strong>KOHLE UMSCHLAGF\u00d6RDERER F\u00dcR TERMINAL ERWEITERUNG<\/strong><\/a><\/h4>\n<p>Industrie: Kohle<\/p>\n<\/div><\/div><\/div><\/div><div class=\"wpb_column vc_column_container\"><div class=\"vc_column-inner\"><div class=\"wpb_text_column\"><div class=\"wpb_wrapper\"><p>[vc_single_image image=&#8220;7516&#8243; img_size=&#8220;300&#215;170&#8243; onclick=&#8220;custom_link&#8220; img_link_target=&#8220;_blank&#8220; css_animation=&#8220;fadeIn&#8220; link=&#8220;https:\/\/www.heiligbv.com\/projects\/granite-grading-installation\/&#8220;]<div class=\"wpb_text_column\"><div class=\"wpb_wrapper\"><\/div><\/div>\n<h4><a href=\"https:\/\/www.heiligbv.com\/projects\/granite-grading-installation\/\" target=\"_blank\" rel=\"noopener\"><strong>ANLAGE ZUR GRANIT SIEBUNG<\/strong><\/a><\/h4>\n<p>Industrie: Granit<br \/>\nKapazit\u00e4t: 40 t\/h<\/p>\n<\/div><\/div><\/div><\/div><div class=\"wpb_column vc_column_container\"><div class=\"vc_column-inner\"><div class=\"wpb_text_column\"><div class=\"wpb_wrapper\"><p>[vc_single_image image=&#8220;7515&#8243; img_size=&#8220;300&#215;170&#8243; onclick=&#8220;custom_link&#8220; img_link_target=&#8220;_blank&#8220; css_animation=&#8220;fadeIn&#8220; link=&#8220;https:\/\/www.heiligbv.com\/projects\/coal-crushing-screening-plant\/&#8220;]<div class=\"wpb_text_column\"><div class=\"wpb_wrapper\"><\/div><\/div>\n<h4><a href=\"https:\/\/www.heiligbv.com\/projects\/coal-crushing-screening-plant\/\" target=\"_blank\" rel=\"noopener\"><strong>ANLAGE ZUR ZERKLEINERUNG UND SIEBUNG VON KOHLE<\/strong><\/a><\/h4>\n<p>Industrie: Kohlesiebung<br \/>\nKapazit\u00e4t: 300 t\/h f\u00fcr 0-25 mm und 8-25 mm Fraktion, 180 t\/h f\u00fcr 6-15 mm Fraktion<\/p>\n<\/div><\/div><\/div><\/div><\/div><\/div><\/section>\n","protected":false},"excerpt":{"rendered":"Sch\u00fcttgut- und MaterialtransportStartSeitenNM Heilig baut und liefert sowohl einzelne Maschinen als auch schl\u00fcsselfertige Komplettanlagen f\u00fcr den Transport, Umschlag, die Lagerung und Behandlung von Sch\u00fcttgut. Je nach Eigenschaft und Dichte des Sch\u00fcttguts k\u00f6nnen Umschlaganlagen bis zu 6000 Tonnen Material pro Stunde verarbeiten. H\u00e4ufig ben\u00f6tigen diese Anlagen individuell angefertigte Maschinen wie F\u00f6rdersysteme, Siebe, Brecher, Waschtrommeln und Mischer...","protected":false},"author":56,"featured_media":0,"parent":7575,"menu_order":0,"comment_status":"closed","ping_status":"closed","template":"","meta":{"_acf_changed":false,"footnotes":""},"class_list":["post-7665","page","type-page","status-publish","hentry"],"acf":[],"yoast_head":"<!-- This site is optimized with the Yoast SEO plugin v27.5 - https:\/\/yoast.com\/product\/yoast-seo-wordpress\/ -->\n<title>Sch\u00fcttgut- und Materialtransport Projektreferenzen - Heilig Group<\/title>\n<meta name=\"robots\" content=\"index, follow, max-snippet:-1, max-image-preview:large, max-video-preview:-1\" \/>\n<link rel=\"canonical\" href=\"https:\/\/www.heilig-group.com\/de\/projekte\/schuettgut-und-materialtransport\/\" \/>\n<meta property=\"og:locale\" content=\"de_DE\" \/>\n<meta property=\"og:type\" content=\"article\" \/>\n<meta property=\"og:title\" content=\"Sch\u00fcttgut- und Materialtransport Projektreferenzen - Heilig Group\" \/>\n<meta property=\"og:url\" content=\"https:\/\/www.heilig-group.com\/de\/projekte\/schuettgut-und-materialtransport\/\" \/>\n<meta property=\"og:site_name\" content=\"Heilig Group\" \/>\n<meta property=\"article:modified_time\" content=\"2025-08-05T07:56:41+00:00\" \/>\n<meta name=\"twitter:card\" content=\"summary_large_image\" \/>\n<meta name=\"twitter:label1\" content=\"Gesch\u00e4tzte Lesezeit\" \/>\n\t<meta name=\"twitter:data1\" content=\"3\u00a0Minuten\" \/>\n<script type=\"application\/ld+json\" class=\"yoast-schema-graph\">{\"@context\":\"https:\\\/\\\/schema.org\",\"@graph\":[{\"@type\":\"WebPage\",\"@id\":\"https:\\\/\\\/www.heilig-group.com\\\/de\\\/projekte\\\/schuettgut-und-materialtransport\\\/\",\"url\":\"https:\\\/\\\/www.heilig-group.com\\\/de\\\/projekte\\\/schuettgut-und-materialtransport\\\/\",\"name\":\"Sch\u00fcttgut- und Materialtransport Projektreferenzen - Heilig Group\",\"isPartOf\":{\"@id\":\"https:\\\/\\\/www.heilig-group.com\\\/de\\\/#website\"},\"datePublished\":\"2018-06-06T08:24:57+00:00\",\"dateModified\":\"2025-08-05T07:56:41+00:00\",\"breadcrumb\":{\"@id\":\"https:\\\/\\\/www.heilig-group.com\\\/de\\\/projekte\\\/schuettgut-und-materialtransport\\\/#breadcrumb\"},\"inLanguage\":\"de\",\"potentialAction\":[{\"@type\":\"ReadAction\",\"target\":[\"https:\\\/\\\/www.heilig-group.com\\\/de\\\/projekte\\\/schuettgut-und-materialtransport\\\/\"]}]},{\"@type\":\"BreadcrumbList\",\"@id\":\"https:\\\/\\\/www.heilig-group.com\\\/de\\\/projekte\\\/schuettgut-und-materialtransport\\\/#breadcrumb\",\"itemListElement\":[{\"@type\":\"ListItem\",\"position\":1,\"name\":\"Home\",\"item\":\"https:\\\/\\\/www.heilig-group.com\\\/de\\\/\"},{\"@type\":\"ListItem\",\"position\":2,\"name\":\"Projekte\",\"item\":\"https:\\\/\\\/www.heilig-group.com\\\/de\\\/projekte\\\/\"},{\"@type\":\"ListItem\",\"position\":3,\"name\":\"Sch\u00fcttgut- und Materialtransport\"}]},{\"@type\":\"WebSite\",\"@id\":\"https:\\\/\\\/www.heilig-group.com\\\/de\\\/#website\",\"url\":\"https:\\\/\\\/www.heilig-group.com\\\/de\\\/\",\"name\":\"Heilig Group\",\"description\":\"Werken bij Heilig Group\",\"potentialAction\":[{\"@type\":\"SearchAction\",\"target\":{\"@type\":\"EntryPoint\",\"urlTemplate\":\"https:\\\/\\\/www.heilig-group.com\\\/de\\\/?s={search_term_string}\"},\"query-input\":{\"@type\":\"PropertyValueSpecification\",\"valueRequired\":true,\"valueName\":\"search_term_string\"}}],\"inLanguage\":\"de\"}]}<\/script>\n<!-- \/ Yoast SEO plugin. -->","yoast_head_json":{"title":"Sch\u00fcttgut- und Materialtransport Projektreferenzen - Heilig Group","robots":{"index":"index","follow":"follow","max-snippet":"max-snippet:-1","max-image-preview":"max-image-preview:large","max-video-preview":"max-video-preview:-1"},"canonical":"https:\/\/www.heilig-group.com\/de\/projekte\/schuettgut-und-materialtransport\/","og_locale":"de_DE","og_type":"article","og_title":"Sch\u00fcttgut- und Materialtransport Projektreferenzen - Heilig Group","og_url":"https:\/\/www.heilig-group.com\/de\/projekte\/schuettgut-und-materialtransport\/","og_site_name":"Heilig Group","article_modified_time":"2025-08-05T07:56:41+00:00","twitter_card":"summary_large_image","twitter_misc":{"Gesch\u00e4tzte Lesezeit":"3\u00a0Minuten"},"schema":{"@context":"https:\/\/schema.org","@graph":[{"@type":"WebPage","@id":"https:\/\/www.heilig-group.com\/de\/projekte\/schuettgut-und-materialtransport\/","url":"https:\/\/www.heilig-group.com\/de\/projekte\/schuettgut-und-materialtransport\/","name":"Sch\u00fcttgut- und Materialtransport Projektreferenzen - Heilig Group","isPartOf":{"@id":"https:\/\/www.heilig-group.com\/de\/#website"},"datePublished":"2018-06-06T08:24:57+00:00","dateModified":"2025-08-05T07:56:41+00:00","breadcrumb":{"@id":"https:\/\/www.heilig-group.com\/de\/projekte\/schuettgut-und-materialtransport\/#breadcrumb"},"inLanguage":"de","potentialAction":[{"@type":"ReadAction","target":["https:\/\/www.heilig-group.com\/de\/projekte\/schuettgut-und-materialtransport\/"]}]},{"@type":"BreadcrumbList","@id":"https:\/\/www.heilig-group.com\/de\/projekte\/schuettgut-und-materialtransport\/#breadcrumb","itemListElement":[{"@type":"ListItem","position":1,"name":"Home","item":"https:\/\/www.heilig-group.com\/de\/"},{"@type":"ListItem","position":2,"name":"Projekte","item":"https:\/\/www.heilig-group.com\/de\/projekte\/"},{"@type":"ListItem","position":3,"name":"Sch\u00fcttgut- und Materialtransport"}]},{"@type":"WebSite","@id":"https:\/\/www.heilig-group.com\/de\/#website","url":"https:\/\/www.heilig-group.com\/de\/","name":"Heilig Group","description":"Werken bij Heilig Group","potentialAction":[{"@type":"SearchAction","target":{"@type":"EntryPoint","urlTemplate":"https:\/\/www.heilig-group.com\/de\/?s={search_term_string}"},"query-input":{"@type":"PropertyValueSpecification","valueRequired":true,"valueName":"search_term_string"}}],"inLanguage":"de"}]}},"_links":{"self":[{"href":"https:\/\/www.heilig-group.com\/de\/wp-json\/wp\/v2\/pages\/7665","targetHints":{"allow":["GET"]}}],"collection":[{"href":"https:\/\/www.heilig-group.com\/de\/wp-json\/wp\/v2\/pages"}],"about":[{"href":"https:\/\/www.heilig-group.com\/de\/wp-json\/wp\/v2\/types\/page"}],"author":[{"embeddable":true,"href":"https:\/\/www.heilig-group.com\/de\/wp-json\/wp\/v2\/users\/56"}],"replies":[{"embeddable":true,"href":"https:\/\/www.heilig-group.com\/de\/wp-json\/wp\/v2\/comments?post=7665"}],"version-history":[{"count":3,"href":"https:\/\/www.heilig-group.com\/de\/wp-json\/wp\/v2\/pages\/7665\/revisions"}],"predecessor-version":[{"id":23105,"href":"https:\/\/www.heilig-group.com\/de\/wp-json\/wp\/v2\/pages\/7665\/revisions\/23105"}],"up":[{"embeddable":true,"href":"https:\/\/www.heilig-group.com\/de\/wp-json\/wp\/v2\/pages\/7575"}],"wp:attachment":[{"href":"https:\/\/www.heilig-group.com\/de\/wp-json\/wp\/v2\/media?parent=7665"}],"curies":[{"name":"wp","href":"https:\/\/api.w.org\/{rel}","templated":true}]}}