{"id":7612,"date":"2018-06-25T15:00:25","date_gmt":"2018-06-25T15:00:25","guid":{"rendered":"https:\/\/www.heilig-group.com\/privacy-statement\/"},"modified":"2019-01-17T12:09:01","modified_gmt":"2019-01-17T12:09:01","slug":"datenschutzerklaerung","status":"publish","type":"page","link":"https:\/\/www.heilig-group.com\/de\/datenschutzerklaerung\/","title":{"rendered":"Datenschutzerkl\u00e4rung"},"content":{"rendered":"<section class=\"l-section wpb_row us_custom_2c85a676 height_small\"><div class=\"l-section-h i-cf\"><div class=\"g-cols vc_row via_grid cols_1 laptops-cols_inherit tablets-cols_inherit mobiles-cols_1 valign_top type_default stacking_default\"><div class=\"wpb_column vc_column_container\"><div class=\"vc_column-inner\"><div class=\"wpb_text_column\"><div class=\"wpb_wrapper\"><p><strong>Verantwortlicher<\/strong><\/p>\n<p><strong>Die Heilig Group und Tochtergesellschaften der Heilig Group<\/strong>sind verantwortlich f\u00fcr die Verarbeitung Ihrer personenbezogenen Daten. In dieser Datenschutzerkl\u00e4rung informieren wir Sie dar\u00fcber, wie wir Ihre personenbezogenen Daten verarbeiten und welche Rechte Sie haben.<\/p>\n<p><strong> <\/strong><strong>Personenbezogene Daten und Ziele ihrer Verarbeitung<br \/>\n<\/strong>Die Heilig Group verarbeitet personenbezogene Daten, die f\u00fcr das Auswahl- und Einstellungsverfahren sachdienlich sein k\u00f6nnen. Diese Daten wurden uns von Ihnen \u00fcber das Bewerbungsformular oder per E-Mail \u00fcbermittelt. Folgende personenbezogenen Daten werden in jedem Fall verarbeitet: Name, Adresse (Anschrift, Wohnort, Land), Geschlecht, Geburtsdatum, Telefonnummer und E-Mail-Adresse. Zus\u00e4tzlich werden weitere Daten aus Ihrem Lebenslauf verarbeitet, wie Bildung (Ausbildung, Studium) und Ihr beruflicher Werdegang (ehemalige Arbeitgeber, Referenzen, etc).<\/p>\n<p>Wir erheben die personenbezogenen Daten zum Zweck der Ausf\u00fchrung des Auswahl- und Einstellungsverfahrens. Wir verarbeiten Ihre personenbezogenen Daten ausschlie\u00dflich, wenn die Rechtsgrundlage es uns gestattet. Wir haben ein berechtigtes Interesse an der Verarbeitung Ihrer personenbezogenen Daten, da diese notwendig sind, um zu beurteilen, ob Sie f\u00fcr die Stelle geeignet sind.<\/p>\n<p>Wir verarbeiten Ihre personenbezogenen Daten auf der Grundlage Ihrer Einwilligung.<\/p>\n<p><strong>Aufbewahrungszeitraum<br \/>\n<\/strong>Wir l\u00f6schen alle personenbezogenen Daten sechs Wochen nach Beendigung des Auswahlverfahrens, es sei denn, Sie geben uns Ihre Einwilligung, Ihre an uns \u00fcbermittelten personenbezogenen Daten f\u00fcr den Zeitraum von h\u00f6chstens einem Jahr zu speichern. Sie k\u00f6nnen diese Einwilligung jederzeit widerufen. Bitte kontaktieren Sie unsere Personalabteilung f\u00fcr weitere Informationen.<\/p>\n<p><strong>Dritte<br \/>\n<\/strong>Wir legen Ihre Daten keinen Dritten offen und teilen sie auch nicht mit Dritten, soweit nicht gesetzlich etwas anderes bestimmt ist.<\/p>\n<p><strong>Sicherheit Ihrer personenbezogenen Daten<br \/>\n<\/strong>Die sichere Verarbeitung Ihrer personenbezogenen Daten ist uns sehr wichtig. Aus diesem Grund haben wir alle erforderlichen technischen und organisatorischen Ma\u00dfnahmen getroffen, um Ihre personenbezogenen Daten zu sch\u00fctzen.<\/p>\n<p><strong>Rechte<br \/>\n<\/strong>Gem\u00e4\u00df der Datenschutzgrundverordnung (DSGVO ) haben Sie das Recht auf Auskunft \u00fcber Ihre personenbezogenen Daten. Sie k\u00f6nnen Ihre Auskunftsanfrage an unsere Personalabteilung senden. Innerhalb eines Monats nach Erhalt Ihrer Anfrage erhalten Sie von uns eine Kopie der personenbezogenen Daten, die wir verarbeiten. Wenn Ihre Daten inkorrekt oder unvollst\u00e4ndig sind, haben Sie das Recht auf Berichtigung, Vervollst\u00e4ndigung, L\u00f6schung oder Einschr\u00e4nkung der Verarbeitung Ihrer personenbezogenen Daten.<\/p>\n<p><strong>Kontaktdaten<br \/>\n<\/strong>Wenn Sie Fragen bez\u00fcglich dieser Datenschtuzerkl\u00e4rung haben, k\u00f6nnen Sie sich per E-Mail an die folgende Adresse an uns wenden: <a href=\"mailto:info@heiligbv.com\">info@heiligbv.com<\/a>.<\/p>\n<p><strong>N.M. Heilig B.V.<br \/>\n<\/strong>Newtonstraat 17<br \/>\n1704 SB Heerhugowaard<br \/>\nT: +31 (0) 72 571 66 88<\/p>\n<p>Wir aktualisieren unsere Datenschutzerkl\u00e4rung regelm\u00e4\u00dfig. Sie finden die aktuelle Version auf unserer Webseite.<\/p>\n<\/div><\/div><\/div><\/div><\/div><\/div><\/section>\n","protected":false},"excerpt":{"rendered":"Verantwortlicher Die Heilig Group und Tochtergesellschaften der Heilig Groupsind verantwortlich f\u00fcr die Verarbeitung Ihrer personenbezogenen Daten. In dieser Datenschutzerkl\u00e4rung informieren wir Sie dar\u00fcber, wie wir Ihre personenbezogenen Daten verarbeiten und welche Rechte Sie haben. Personenbezogene Daten und Ziele ihrer Verarbeitung Die Heilig Group verarbeitet personenbezogene Daten, die f\u00fcr das Auswahl- und Einstellungsverfahren sachdienlich sein k\u00f6nnen....","protected":false},"author":26,"featured_media":0,"parent":0,"menu_order":0,"comment_status":"closed","ping_status":"closed","template":"page-templates\/full-width-page.php","meta":{"_acf_changed":false,"footnotes":""},"class_list":["post-7612","page","type-page","status-publish","hentry"],"acf":[],"yoast_head":"<!-- This site is optimized with the Yoast SEO plugin v27.5 - https:\/\/yoast.com\/product\/yoast-seo-wordpress\/ -->\n<title>Datenschutzerkl\u00e4rung - Heilig Group<\/title>\n<meta name=\"robots\" content=\"index, follow, max-snippet:-1, max-image-preview:large, max-video-preview:-1\" \/>\n<link rel=\"canonical\" href=\"https:\/\/www.heilig-group.com\/de\/datenschutzerklaerung\/\" \/>\n<meta property=\"og:locale\" content=\"de_DE\" \/>\n<meta property=\"og:type\" content=\"article\" \/>\n<meta property=\"og:title\" content=\"Datenschutzerkl\u00e4rung - Heilig Group\" \/>\n<meta property=\"og:url\" content=\"https:\/\/www.heilig-group.com\/de\/datenschutzerklaerung\/\" \/>\n<meta property=\"og:site_name\" content=\"Heilig Group\" \/>\n<meta property=\"article:modified_time\" content=\"2019-01-17T12:09:01+00:00\" \/>\n<meta name=\"twitter:card\" content=\"summary_large_image\" \/>\n<meta name=\"twitter:label1\" content=\"Gesch\u00e4tzte Lesezeit\" \/>\n\t<meta name=\"twitter:data1\" content=\"2\u00a0Minuten\" \/>\n<script type=\"application\/ld+json\" class=\"yoast-schema-graph\">{\"@context\":\"https:\\\/\\\/schema.org\",\"@graph\":[{\"@type\":\"WebPage\",\"@id\":\"https:\\\/\\\/www.heilig-group.com\\\/de\\\/datenschutzerklaerung\\\/\",\"url\":\"https:\\\/\\\/www.heilig-group.com\\\/de\\\/datenschutzerklaerung\\\/\",\"name\":\"Datenschutzerkl\u00e4rung - Heilig Group\",\"isPartOf\":{\"@id\":\"https:\\\/\\\/www.heilig-group.com\\\/de\\\/#website\"},\"datePublished\":\"2018-06-25T15:00:25+00:00\",\"dateModified\":\"2019-01-17T12:09:01+00:00\",\"breadcrumb\":{\"@id\":\"https:\\\/\\\/www.heilig-group.com\\\/de\\\/datenschutzerklaerung\\\/#breadcrumb\"},\"inLanguage\":\"de\",\"potentialAction\":[{\"@type\":\"ReadAction\",\"target\":[\"https:\\\/\\\/www.heilig-group.com\\\/de\\\/datenschutzerklaerung\\\/\"]}]},{\"@type\":\"BreadcrumbList\",\"@id\":\"https:\\\/\\\/www.heilig-group.com\\\/de\\\/datenschutzerklaerung\\\/#breadcrumb\",\"itemListElement\":[{\"@type\":\"ListItem\",\"position\":1,\"name\":\"Home\",\"item\":\"https:\\\/\\\/www.heilig-group.com\\\/de\\\/\"},{\"@type\":\"ListItem\",\"position\":2,\"name\":\"Datenschutzerkl\u00e4rung\"}]},{\"@type\":\"WebSite\",\"@id\":\"https:\\\/\\\/www.heilig-group.com\\\/de\\\/#website\",\"url\":\"https:\\\/\\\/www.heilig-group.com\\\/de\\\/\",\"name\":\"Heilig Group\",\"description\":\"Werken bij Heilig Group\",\"potentialAction\":[{\"@type\":\"SearchAction\",\"target\":{\"@type\":\"EntryPoint\",\"urlTemplate\":\"https:\\\/\\\/www.heilig-group.com\\\/de\\\/?s={search_term_string}\"},\"query-input\":{\"@type\":\"PropertyValueSpecification\",\"valueRequired\":true,\"valueName\":\"search_term_string\"}}],\"inLanguage\":\"de\"}]}<\/script>\n<!-- \/ Yoast SEO plugin. -->","yoast_head_json":{"title":"Datenschutzerkl\u00e4rung - Heilig Group","robots":{"index":"index","follow":"follow","max-snippet":"max-snippet:-1","max-image-preview":"max-image-preview:large","max-video-preview":"max-video-preview:-1"},"canonical":"https:\/\/www.heilig-group.com\/de\/datenschutzerklaerung\/","og_locale":"de_DE","og_type":"article","og_title":"Datenschutzerkl\u00e4rung - Heilig Group","og_url":"https:\/\/www.heilig-group.com\/de\/datenschutzerklaerung\/","og_site_name":"Heilig Group","article_modified_time":"2019-01-17T12:09:01+00:00","twitter_card":"summary_large_image","twitter_misc":{"Gesch\u00e4tzte Lesezeit":"2\u00a0Minuten"},"schema":{"@context":"https:\/\/schema.org","@graph":[{"@type":"WebPage","@id":"https:\/\/www.heilig-group.com\/de\/datenschutzerklaerung\/","url":"https:\/\/www.heilig-group.com\/de\/datenschutzerklaerung\/","name":"Datenschutzerkl\u00e4rung - Heilig Group","isPartOf":{"@id":"https:\/\/www.heilig-group.com\/de\/#website"},"datePublished":"2018-06-25T15:00:25+00:00","dateModified":"2019-01-17T12:09:01+00:00","breadcrumb":{"@id":"https:\/\/www.heilig-group.com\/de\/datenschutzerklaerung\/#breadcrumb"},"inLanguage":"de","potentialAction":[{"@type":"ReadAction","target":["https:\/\/www.heilig-group.com\/de\/datenschutzerklaerung\/"]}]},{"@type":"BreadcrumbList","@id":"https:\/\/www.heilig-group.com\/de\/datenschutzerklaerung\/#breadcrumb","itemListElement":[{"@type":"ListItem","position":1,"name":"Home","item":"https:\/\/www.heilig-group.com\/de\/"},{"@type":"ListItem","position":2,"name":"Datenschutzerkl\u00e4rung"}]},{"@type":"WebSite","@id":"https:\/\/www.heilig-group.com\/de\/#website","url":"https:\/\/www.heilig-group.com\/de\/","name":"Heilig Group","description":"Werken bij Heilig Group","potentialAction":[{"@type":"SearchAction","target":{"@type":"EntryPoint","urlTemplate":"https:\/\/www.heilig-group.com\/de\/?s={search_term_string}"},"query-input":{"@type":"PropertyValueSpecification","valueRequired":true,"valueName":"search_term_string"}}],"inLanguage":"de"}]}},"_links":{"self":[{"href":"https:\/\/www.heilig-group.com\/de\/wp-json\/wp\/v2\/pages\/7612","targetHints":{"allow":["GET"]}}],"collection":[{"href":"https:\/\/www.heilig-group.com\/de\/wp-json\/wp\/v2\/pages"}],"about":[{"href":"https:\/\/www.heilig-group.com\/de\/wp-json\/wp\/v2\/types\/page"}],"author":[{"embeddable":true,"href":"https:\/\/www.heilig-group.com\/de\/wp-json\/wp\/v2\/users\/26"}],"replies":[{"embeddable":true,"href":"https:\/\/www.heilig-group.com\/de\/wp-json\/wp\/v2\/comments?post=7612"}],"version-history":[{"count":0,"href":"https:\/\/www.heilig-group.com\/de\/wp-json\/wp\/v2\/pages\/7612\/revisions"}],"wp:attachment":[{"href":"https:\/\/www.heilig-group.com\/de\/wp-json\/wp\/v2\/media?parent=7612"}],"curies":[{"name":"wp","href":"https:\/\/api.w.org\/{rel}","templated":true}]}}