{"id":7559,"date":"2019-01-11T13:04:41","date_gmt":"2019-01-11T13:04:41","guid":{"rendered":"https:\/\/www.heilig-group.com\/?page_id=7559"},"modified":"2025-08-05T07:08:15","modified_gmt":"2025-08-05T07:08:15","slug":"herstellung-und-produktion","status":"publish","type":"page","link":"https:\/\/www.heilig-group.com\/de\/projekte\/herstellung-und-produktion\/","title":{"rendered":"Herstellung und Produktion"},"content":{"rendered":"<section class=\"l-section wpb_row height_large with_img\"><div class=\"l-section-img\" role=\"img\" aria-label=\"Bild\" data-img-width=\"1920\" data-img-height=\"355\" style=\"background-image: url(https:\/\/www.heilig-group.com\/wp-content\/uploads\/2025\/05\/HeiligGroup_Header_Fabricage.jpg);\"><\/div><div class=\"l-section-h i-cf\"><div class=\"g-cols vc_row via_grid cols_1 laptops-cols_inherit tablets-cols_inherit mobiles-cols_1 valign_top type_default stacking_default\"><div class=\"wpb_column vc_column_container\"><div class=\"vc_column-inner\"><h1 class=\"w-post-elm post_title us_custom_8b3d6790 has_text_color align_left entry-title color_link_inherit\">Herstellung und Produktion<\/h1><nav class=\"g-breadcrumbs us_custom_89e92469 has_text_color separator_icon align_left\" itemscope itemtype=\"http:\/\/schema.org\/BreadcrumbList\"><div class=\"g-breadcrumbs-item\" itemscope itemprop=\"itemListElement\" itemtype=\"http:\/\/schema.org\/ListItem\"><a itemprop=\"item\" href=\"https:\/\/www.heilig-group.com\/de\/\"><span itemprop=\"name\">Start<\/span><\/a><meta itemprop=\"position\" content=\"1\"\/><\/div><div class=\"g-breadcrumbs-separator\"><i class=\"far fa-angle-right\"><\/i><\/div><div class=\"g-breadcrumbs-item\">Seiten<\/div><\/nav><\/div><\/div><\/div><\/div><\/section><section class=\"l-section wpb_row height_medium\"><div class=\"l-section-h i-cf\"><div class=\"g-cols vc_row via_grid cols_2 laptops-cols_inherit tablets-cols_inherit mobiles-cols_1 valign_top type_default stacking_default\"><div class=\"wpb_column vc_column_container\"><div class=\"vc_column-inner\"><div class=\"wpb_text_column\"><div class=\"wpb_wrapper\"><p>Bei der Heilig Group verf\u00fcgen wir \u00fcber moderne Einrichtungen f\u00fcr hochwertige Metallverarbeitung, Schwei\u00dfarbeiten und Maschinenbau. Wir bieten sowohl ma\u00dfgeschneiderte L\u00f6sungen als auch Fertigung im Auftrag Dritter \u2013 von Standardkomponenten bis hin zu Spezialmaschinen und Konstruktionen.<\/p>\n<\/div><\/div><\/div><\/div><div class=\"wpb_column vc_column_container\"><div class=\"vc_column-inner\"><div class=\"w-video align_center ratio_16x9 has_iframe\"><div class=\"w-video-h\"><iframe title=\"Youtube video player\" src=\"\/\/www.youtube.com\/embed\/F8FVjks0Fdw?autoplay=0&controls=1&origin=https:\/\/www.heilig-group.com\/de\/&loop=0&mute=0\" allowfullscreen=\"1\" loading=\"lazy\"><\/iframe><\/div><\/div><\/div><\/div><\/div><\/div><\/section><section class=\"l-section wpb_row us_custom_053bb79d height_small\"><div class=\"l-section-h i-cf\"><div class=\"g-cols vc_row via_grid cols_4 laptops-cols_inherit tablets-cols_inherit mobiles-cols_1 valign_top type_default stacking_default\"><div class=\"wpb_column vc_column_container\"><div class=\"vc_column-inner\"><div class=\"wpb_text_column\"><div class=\"wpb_wrapper\"><p>[vc_single_image image=&#8220;7490&#8243; img_size=&#8220;310&#215;170&#8243; css_animation=&#8220;fadeIn&#8220;]<div class=\"wpb_text_column\"><div class=\"wpb_wrapper\"><\/div><\/div>\n<h4><strong>Schwei\u00dfarbeiten<\/strong><\/h4>\n<p>Mit unserem Fachwissen und professionellen Maschinen bieten wir Ihnen Schwei\u00dfarbeiten von h\u00f6chster Qualit\u00e4t gem\u00e4\u00df Din EN 1090 und DIN EN ISO 3834-2. Wir bieten MIG\/MAG- und WIG-Schwei\u00dfarbeiten, zertifizierte Schwei\u00dfaufsichtspersonen (IWT\/IWE) und zerst\u00f6rungsfreie Pr\u00fcfungen (ZfP bzw. NDT).<\/p>\n<\/div><\/div><\/div><\/div><div class=\"wpb_column vc_column_container\"><div class=\"vc_column-inner\"><div class=\"wpb_text_column\"><div class=\"wpb_wrapper\"><p>[vc_single_image image=&#8220;7489&#8243; img_size=&#8220;310&#215;170&#8243; css_animation=&#8220;fadeIn&#8220;]<div class=\"wpb_text_column\"><div class=\"wpb_wrapper\"><\/div><\/div>\n<h4><strong>Erstausr\u00fcster (OEM)<\/strong><\/h4>\n<p>Unsere Produktionsst\u00e4tten erbringen ihre Dienstleistungen nicht nur f\u00fcr die Unternehmen der Heilig Group. Sie sind unabh\u00e4ngig voneinander als Erstausr\u00fcster von Industriemaschinen, Ausr\u00fcstungen und im Stahlbau t\u00e4tig. Entwicklung und Produktion f\u00fcr Drittmarken.<\/p>\n<\/div><\/div><\/div><\/div><div class=\"wpb_column vc_column_container\"><div class=\"vc_column-inner\"><div class=\"wpb_text_column\"><div class=\"wpb_wrapper\"><p>[vc_single_image image=&#8220;7488&#8243; img_size=&#8220;310&#215;170&#8243; css_animation=&#8220;fadeIn&#8220;]<div class=\"wpb_text_column\"><div class=\"wpb_wrapper\"><\/div><\/div>\n<h4><strong>Metallverarbeitung Service<\/strong><\/h4>\n<p>Wir bieten eine Reihe von L\u00f6sungen f\u00fcr die Metallbearbeitung. Unsere Dienstleistungen umfassen Laserschneiden, Plasmaschneiden, CNC-Biegen, Drehen und Fr\u00e4sen.<br \/>\nHerstellung von Halbfabrikaten f\u00fcr die Weiterverarbeitung, Maschinen, Anlagen und Ersatzteilen f\u00fcr verschiedene Branchen.<\/p>\n<\/div><\/div><\/div><\/div><div class=\"wpb_column vc_column_container\"><div class=\"vc_column-inner\"><div class=\"wpb_text_column\"><div class=\"wpb_wrapper\"><p>[vc_single_image image=&#8220;7487&#8243; img_size=&#8220;310&#215;170&#8243; css_animation=&#8220;fadeIn&#8220;]<div class=\"wpb_text_column\"><div class=\"wpb_wrapper\"><\/div><\/div>\n<h4><strong>Herstellung von Spezialausr\u00fcstungen<\/strong><\/h4>\n<p>Nicht alle L\u00f6sungen sind standardm\u00e4\u00dfig auf dem Markt verf\u00fcgbar. Wir planen und fertigen Spezialausr\u00fcstungen einschlie\u00dflich elektrischer Steuerungen und Hydrauliksysteme.<\/p>\n<\/div><\/div><\/div><\/div><\/div><\/div><\/section>\n","protected":false},"excerpt":{"rendered":"Herstellung und ProduktionStartSeitenBei der Heilig Group verf\u00fcgen wir \u00fcber moderne Einrichtungen f\u00fcr hochwertige Metallverarbeitung, Schwei\u00dfarbeiten und Maschinenbau. Wir bieten sowohl ma\u00dfgeschneiderte L\u00f6sungen als auch Fertigung im Auftrag Dritter \u2013 von Standardkomponenten bis hin zu Spezialmaschinen und Konstruktionen. [vc_single_image image=&#8220;7490&#8243; img_size=&#8220;310&#215;170&#8243; css_animation=&#8220;fadeIn&#8220;] Schwei\u00dfarbeiten Mit unserem Fachwissen und professionellen Maschinen bieten wir Ihnen Schwei\u00dfarbeiten von h\u00f6chster Qualit\u00e4t...","protected":false},"author":56,"featured_media":0,"parent":7575,"menu_order":0,"comment_status":"closed","ping_status":"closed","template":"","meta":{"_acf_changed":false,"footnotes":""},"class_list":["post-7559","page","type-page","status-publish","hentry"],"acf":[],"yoast_head":"<!-- This site is optimized with the Yoast SEO plugin v27.5 - https:\/\/yoast.com\/product\/yoast-seo-wordpress\/ -->\n<title>Herstellung und Produktion - Heilig Group<\/title>\n<meta name=\"robots\" content=\"index, follow, max-snippet:-1, max-image-preview:large, max-video-preview:-1\" \/>\n<link rel=\"canonical\" href=\"https:\/\/www.heilig-group.com\/de\/projekte\/herstellung-und-produktion\/\" \/>\n<meta property=\"og:locale\" content=\"de_DE\" \/>\n<meta property=\"og:type\" content=\"article\" \/>\n<meta property=\"og:title\" content=\"Herstellung und Produktion - Heilig Group\" \/>\n<meta property=\"og:url\" content=\"https:\/\/www.heilig-group.com\/de\/projekte\/herstellung-und-produktion\/\" \/>\n<meta property=\"og:site_name\" content=\"Heilig Group\" \/>\n<meta property=\"article:modified_time\" content=\"2025-08-05T07:08:15+00:00\" \/>\n<meta name=\"twitter:card\" content=\"summary_large_image\" \/>\n<meta name=\"twitter:label1\" content=\"Gesch\u00e4tzte Lesezeit\" \/>\n\t<meta name=\"twitter:data1\" content=\"1\u00a0Minute\" \/>\n<script type=\"application\/ld+json\" class=\"yoast-schema-graph\">{\"@context\":\"https:\\\/\\\/schema.org\",\"@graph\":[{\"@type\":\"WebPage\",\"@id\":\"https:\\\/\\\/www.heilig-group.com\\\/de\\\/projekte\\\/herstellung-und-produktion\\\/\",\"url\":\"https:\\\/\\\/www.heilig-group.com\\\/de\\\/projekte\\\/herstellung-und-produktion\\\/\",\"name\":\"Herstellung und Produktion - Heilig Group\",\"isPartOf\":{\"@id\":\"https:\\\/\\\/www.heilig-group.com\\\/de\\\/#website\"},\"datePublished\":\"2019-01-11T13:04:41+00:00\",\"dateModified\":\"2025-08-05T07:08:15+00:00\",\"breadcrumb\":{\"@id\":\"https:\\\/\\\/www.heilig-group.com\\\/de\\\/projekte\\\/herstellung-und-produktion\\\/#breadcrumb\"},\"inLanguage\":\"de\",\"potentialAction\":[{\"@type\":\"ReadAction\",\"target\":[\"https:\\\/\\\/www.heilig-group.com\\\/de\\\/projekte\\\/herstellung-und-produktion\\\/\"]}]},{\"@type\":\"BreadcrumbList\",\"@id\":\"https:\\\/\\\/www.heilig-group.com\\\/de\\\/projekte\\\/herstellung-und-produktion\\\/#breadcrumb\",\"itemListElement\":[{\"@type\":\"ListItem\",\"position\":1,\"name\":\"Home\",\"item\":\"https:\\\/\\\/www.heilig-group.com\\\/de\\\/\"},{\"@type\":\"ListItem\",\"position\":2,\"name\":\"Projekte\",\"item\":\"https:\\\/\\\/www.heilig-group.com\\\/de\\\/projekte\\\/\"},{\"@type\":\"ListItem\",\"position\":3,\"name\":\"Herstellung und Produktion\"}]},{\"@type\":\"WebSite\",\"@id\":\"https:\\\/\\\/www.heilig-group.com\\\/de\\\/#website\",\"url\":\"https:\\\/\\\/www.heilig-group.com\\\/de\\\/\",\"name\":\"Heilig Group\",\"description\":\"Werken bij Heilig Group\",\"potentialAction\":[{\"@type\":\"SearchAction\",\"target\":{\"@type\":\"EntryPoint\",\"urlTemplate\":\"https:\\\/\\\/www.heilig-group.com\\\/de\\\/?s={search_term_string}\"},\"query-input\":{\"@type\":\"PropertyValueSpecification\",\"valueRequired\":true,\"valueName\":\"search_term_string\"}}],\"inLanguage\":\"de\"}]}<\/script>\n<!-- \/ Yoast SEO plugin. -->","yoast_head_json":{"title":"Herstellung und Produktion - Heilig Group","robots":{"index":"index","follow":"follow","max-snippet":"max-snippet:-1","max-image-preview":"max-image-preview:large","max-video-preview":"max-video-preview:-1"},"canonical":"https:\/\/www.heilig-group.com\/de\/projekte\/herstellung-und-produktion\/","og_locale":"de_DE","og_type":"article","og_title":"Herstellung und Produktion - Heilig Group","og_url":"https:\/\/www.heilig-group.com\/de\/projekte\/herstellung-und-produktion\/","og_site_name":"Heilig Group","article_modified_time":"2025-08-05T07:08:15+00:00","twitter_card":"summary_large_image","twitter_misc":{"Gesch\u00e4tzte Lesezeit":"1\u00a0Minute"},"schema":{"@context":"https:\/\/schema.org","@graph":[{"@type":"WebPage","@id":"https:\/\/www.heilig-group.com\/de\/projekte\/herstellung-und-produktion\/","url":"https:\/\/www.heilig-group.com\/de\/projekte\/herstellung-und-produktion\/","name":"Herstellung und Produktion - Heilig Group","isPartOf":{"@id":"https:\/\/www.heilig-group.com\/de\/#website"},"datePublished":"2019-01-11T13:04:41+00:00","dateModified":"2025-08-05T07:08:15+00:00","breadcrumb":{"@id":"https:\/\/www.heilig-group.com\/de\/projekte\/herstellung-und-produktion\/#breadcrumb"},"inLanguage":"de","potentialAction":[{"@type":"ReadAction","target":["https:\/\/www.heilig-group.com\/de\/projekte\/herstellung-und-produktion\/"]}]},{"@type":"BreadcrumbList","@id":"https:\/\/www.heilig-group.com\/de\/projekte\/herstellung-und-produktion\/#breadcrumb","itemListElement":[{"@type":"ListItem","position":1,"name":"Home","item":"https:\/\/www.heilig-group.com\/de\/"},{"@type":"ListItem","position":2,"name":"Projekte","item":"https:\/\/www.heilig-group.com\/de\/projekte\/"},{"@type":"ListItem","position":3,"name":"Herstellung und Produktion"}]},{"@type":"WebSite","@id":"https:\/\/www.heilig-group.com\/de\/#website","url":"https:\/\/www.heilig-group.com\/de\/","name":"Heilig Group","description":"Werken bij Heilig Group","potentialAction":[{"@type":"SearchAction","target":{"@type":"EntryPoint","urlTemplate":"https:\/\/www.heilig-group.com\/de\/?s={search_term_string}"},"query-input":{"@type":"PropertyValueSpecification","valueRequired":true,"valueName":"search_term_string"}}],"inLanguage":"de"}]}},"_links":{"self":[{"href":"https:\/\/www.heilig-group.com\/de\/wp-json\/wp\/v2\/pages\/7559","targetHints":{"allow":["GET"]}}],"collection":[{"href":"https:\/\/www.heilig-group.com\/de\/wp-json\/wp\/v2\/pages"}],"about":[{"href":"https:\/\/www.heilig-group.com\/de\/wp-json\/wp\/v2\/types\/page"}],"author":[{"embeddable":true,"href":"https:\/\/www.heilig-group.com\/de\/wp-json\/wp\/v2\/users\/56"}],"replies":[{"embeddable":true,"href":"https:\/\/www.heilig-group.com\/de\/wp-json\/wp\/v2\/comments?post=7559"}],"version-history":[{"count":2,"href":"https:\/\/www.heilig-group.com\/de\/wp-json\/wp\/v2\/pages\/7559\/revisions"}],"predecessor-version":[{"id":23080,"href":"https:\/\/www.heilig-group.com\/de\/wp-json\/wp\/v2\/pages\/7559\/revisions\/23080"}],"up":[{"embeddable":true,"href":"https:\/\/www.heilig-group.com\/de\/wp-json\/wp\/v2\/pages\/7575"}],"wp:attachment":[{"href":"https:\/\/www.heilig-group.com\/de\/wp-json\/wp\/v2\/media?parent=7559"}],"curies":[{"name":"wp","href":"https:\/\/api.w.org\/{rel}","templated":true}]}}