{"id":19867,"date":"2022-01-12T13:24:11","date_gmt":"2022-01-12T13:24:11","guid":{"rendered":"https:\/\/www.heilig-group.com\/arbeiten-bei-heilig-group\/"},"modified":"2025-08-22T09:07:20","modified_gmt":"2025-08-22T09:07:20","slug":"arbeiten-bei-heilig-group","status":"publish","type":"page","link":"https:\/\/www.heilig-group.com\/de\/arbeiten-bei-heilig-group\/","title":{"rendered":"Arbeiten bei Heilig Group"},"content":{"rendered":"<section class=\"l-section wpb_row height_auto width_full\"><div class=\"l-section-h i-cf\"><div class=\"g-cols vc_row via_grid cols_1 laptops-cols_inherit tablets-cols_inherit mobiles-cols_1 valign_top type_default stacking_default\"><div class=\"wpb_column vc_column_container\"><div class=\"vc_column-inner\">\n\t\t\t<!-- START Home HG EN REVOLUTION SLIDER 6.7.41 --><p class=\"rs-p-wp-fix\"><\/p>\n\t\t\t<rs-module-wrap id=\"rev_slider_10_1_wrapper\" data-source=\"gallery\" style=\"visibility:hidden;background:transparent;padding:0;margin:0px auto;margin-top:0;margin-bottom:0;\">\n\t\t\t\t<rs-module id=\"rev_slider_10_1\" style=\"\" data-version=\"6.7.41\">\n\t\t\t\t\t<rs-slides style=\"overflow: hidden; position: absolute;\">\n\t\t\t\t\t\t<rs-slide style=\"position: absolute;\" data-key=\"rs-10\" data-title=\"Slide\" data-anim=\"adpr:false;\" data-in=\"o:0;\" data-out=\"a:false;\">\n\t\t\t\t\t\t\t<img decoding=\"async\" src=\"\/\/www.heilig-group.com\/wp-content\/plugins\/revslider\/sr6\/assets\/assets\/dummy.png\" alt=\"\" title=\"Arbeiten bei Heilig Group\" class=\"rev-slidebg tp-rs-img rs-lazyload\" data-lazyload=\"\/\/www.heilig-group.com\/wp-content\/plugins\/revslider\/sr6\/assets\/assets\/transparent.png\" data-no-retina>\n\t\t\t\t\t\t\t<rs-bgvideo \n\t\t\t\t\t\t\t\tdata-video=\"vc:none;w:100%;h:100%;nse:false;l:true;ptimer:false;\"\n\t\t\t\t\t\t\t\tdata-vimeoid=\"1109688007?controls=0\"\n\t\t\t\t\t\t\t\tdata-vatr=\"background=1&amp;title=0&amp;byline=0&amp;portrait=0&amp;api=1\"\n\t\t\t\t\t\t\t><\/rs-bgvideo>\n<!---->\t\t\t\t\t<\/rs-slide>\n\t\t\t\t\t<\/rs-slides>\n\t\t\t\t<\/rs-module>\n\t\t\t\t<script>\n\t\t\t\t\tsetREVStartSize({c: 'rev_slider_10_1',rl:[1240,1024,778,480],el:[539,275,460,280],gw:[2000,1521,778,480],gh:[539,478,460,280],type:'standard',justify:'',layout:'fullwidth',mh:\"0\"});if (window.RS_MODULES!==undefined && window.RS_MODULES.modules!==undefined && window.RS_MODULES.modules[\"revslider101\"]!==undefined) {window.RS_MODULES.modules[\"revslider101\"].once = false;window.revapi10 = undefined;if (window.RS_MODULES.checkMinimal!==undefined) window.RS_MODULES.checkMinimal()}\n\t\t\t\t<\/script>\n\t\t\t<\/rs-module-wrap>\n\t\t\t<!-- END REVOLUTION SLIDER -->\n<\/div><\/div><\/div><\/div><\/section><section class=\"l-section wpb_row height_auto\"><div class=\"l-section-h i-cf\"><div class=\"g-cols vc_row via_grid cols_1 laptops-cols_inherit tablets-cols_inherit mobiles-cols_1 valign_top type_default stacking_default\"><div class=\"wpb_column vc_column_container\"><div class=\"vc_column-inner\"><div class=\"w-separator size_custom\" style=\"height:15px\"><\/div><\/div><\/div><\/div><\/div><\/section><section class=\"l-section wpb_row height_small\"><div class=\"l-section-h i-cf\"><div class=\"g-cols vc_row via_grid cols_1 laptops-cols_inherit tablets-cols_inherit mobiles-cols_1 valign_top type_default stacking_default\"><div class=\"wpb_column vc_column_container\"><div class=\"vc_column-inner\"><div class=\"wpb_text_column\"><div class=\"wpb_wrapper\"><h1><strong>Arbeiten an intelligenter Technik mit weltweiter Wirkung<\/strong><\/h1>\n<p>Bei der Heilig Group arbeitest du an innovativen Maschinen und Anlagen f\u00fcr unter anderem Recycling, Sch\u00fcttgutumschlag und die Prozessindustrie. Als internationales Familienunternehmen entwickeln wir intelligente L\u00f6sungen, die zu einer nachhaltigen Zukunft beitragen \u2013 mit Fokus auf Energier\u00fcckgewinnung, Kreislaufwirtschaft und effizienter Rohstoffnutzung.<\/p>\n<p>Gemeinsam mit \u00fcber 360 Kolleginnen und Kollegen \u2013 von Ingenieuren, Monteuren und Projektleitern bis hin zu Softwareentwicklern \u2013 arbeitest du an technisch anspruchsvollen Projekten auf der ganzen Welt.<\/p>\n<\/div><\/div><\/div><\/div><\/div><\/div><\/section><section class=\"l-section wpb_row height_auto\"><div class=\"l-section-h i-cf\"><div class=\"g-cols vc_row via_grid cols_3-1 laptops-cols_inherit tablets-cols_inherit mobiles-cols_1 valign_top type_default stacking_default\"><div class=\"wpb_column vc_column_container\"><div class=\"vc_column-inner\"><div class=\"g-cols wpb_row via_grid cols_2 laptops-cols_inherit tablets-cols_inherit mobiles-cols_1 valign_top type_default stacking_default\" style=\"--columns-gap:3rem;\"><div class=\"wpb_column vc_column_container\"><div class=\"vc_column-inner\"><div class=\"w-btn-wrapper align_justify\"><a class=\"w-btn us-btn-style_1 us_custom_d285a4ef\" href=\"\/de\/stellenangebote\/\"><span class=\"w-btn-label\">Sehen Sie sich unsere Stellenangebote an<\/span><\/a><\/div><\/div><\/div><div class=\"wpb_column vc_column_container\"><div class=\"vc_column-inner\"><div class=\"w-btn-wrapper align_justify\"><a class=\"w-btn us-btn-style_4 us_custom_2d9ebfef\" href=\"\/de\/praktika\/\"><span class=\"w-btn-label\">Entdecke unsere Praktika<\/span><\/a><\/div><\/div><\/div><\/div><\/div><\/div><div class=\"wpb_column vc_column_container\"><div class=\"vc_column-inner\"><\/div><\/div><\/div><\/div><\/section><section class=\"l-section wpb_row height_small\"><div class=\"l-section-h i-cf\"><div class=\"g-cols vc_row via_grid cols_1 laptops-cols_inherit tablets-cols_inherit mobiles-cols_1 valign_top type_default stacking_default\"><div class=\"wpb_column vc_column_container\"><div class=\"vc_column-inner\"><div class=\"wpb_text_column\"><div class=\"wpb_wrapper\"><h1>Wir sind Heilig<\/h1>\n<\/div><\/div><\/div><\/div><\/div><\/div><\/section><section class=\"l-section wpb_row height_auto\"><div class=\"l-section-h i-cf\"><div class=\"g-cols vc_row via_grid cols_3 laptops-cols_inherit tablets-cols_inherit mobiles-cols_1 valign_top type_default stacking_default\"><div class=\"wpb_column vc_column_container\"><div class=\"vc_column-inner\"><div class=\"wpb_text_column\"><div class=\"wpb_wrapper\"><p><strong>Ben<\/strong> | Projektmanager<\/p>\n<\/div><\/div><div class=\"w-separator size_small\"><\/div><div class=\"w-video align_none ratio_16x9 with_overlay has_iframe\" style=\"background-image:url(https:\/\/www.heilig-group.com\/wp-content\/uploads\/2025\/05\/RecruitmentVideo_ProjectManager_web.jpg);\" onclick=\"return {&quot;player_id&quot;:&quot;youtube-j453&quot;,&quot;player_api&quot;:&quot;\\\/\\\/www.youtube.com\\\/player_api&quot;,&quot;player_html&quot;:&quot;&lt;div id=\\&quot;youtube-j453\\&quot;&gt;&lt;\\\/div&gt;&lt;script&gt;\\r\\n\\t\\t\\twindow.USYTPlayers = ( window.USYTPlayers || { initYTFunctions: [], optionsYT: [], USYTInited: false } );\\r\\n\\t\\t\\twindow.USYTPlayers.optionsYT.push( {\\r\\n\\t\\t\\t\\tplayerID: \\&quot;youtube-j453\\&quot;,\\r\\n\\t\\t\\t\\tvideoID: \\&quot;1AnGJAmFYiE\\&quot;,\\r\\n\\t\\t\\t\\tplayerVars: {\\&quot;autoplay\\&quot;:1,\\&quot;controls\\&quot;:1,\\&quot;origin\\&quot;:\\&quot;https:\\\\\\\/\\\\\\\/www.heilig-group.com\\\\\\\/de\\\\\\\/\\&quot;,\\&quot;loop\\&quot;:0,\\&quot;mute\\&quot;:0,\\&quot;playlist\\&quot;:\\&quot;1AnGJAmFYiE\\&quot;}\\r\\n\\t\\t\\t} );\\r\\n\\t\\t\\tif ( window.USYTPlayers.USYTInited === false ) {\\r\\n\\t\\t\\t\\t\\\/\\\/ Trying to override other possible WP YT API calls if our element is used\\r\\n\\t\\t\\t\\twindow.USYTPlayers.USYTInited = true;\\r\\n\\r\\n\\t\\t\\t\\twindow.onYouTubePlayerAPIReady = function() {\\r\\n\\t\\t\\t\\t\\tfor ( var i in window.USYTPlayers.optionsYT ) {\\r\\n\\t\\t\\t\\t\\t\\tvar _playerParams = window.USYTPlayers.optionsYT[ i ];\\r\\n\\t\\t\\t\\t\\t\\t$us.YTPlayers[ _playerParams.playerID ] = new YT.Player( _playerParams.playerID, {\\r\\n\\t\\t\\t\\t\\t\\t\\tvideoId: _playerParams.videoID,\\r\\n\\t\\t\\t\\t\\t\\t\\tplayerVars: _playerParams.playerVars\\r\\n\\t\\t\\t\\t\\t\\t} );\\r\\n\\t\\t\\t\\t\\t}\\r\\n\\t\\t\\t\\t}\\r\\n\\t\\t\\t}\\r\\n\\t\\t\\tif ( !!window.YT ) {\\r\\n\\t\\t\\t\\t$us.YTPlayers[\\&quot;youtube-j453\\&quot;] = new YT.Player( \\&quot;youtube-j453\\&quot;, {\\r\\n\\t\\t\\t\\t\\tvideoId: \\&quot;1AnGJAmFYiE\\&quot;,\\r\\n\\t\\t\\t\\t\\tplayerVars: {\\&quot;autoplay\\&quot;:1,\\&quot;controls\\&quot;:1,\\&quot;origin\\&quot;:\\&quot;https:\\\\\\\/\\\\\\\/www.heilig-group.com\\\\\\\/de\\\\\\\/\\&quot;,\\&quot;loop\\&quot;:0,\\&quot;mute\\&quot;:0,\\&quot;playlist\\&quot;:\\&quot;1AnGJAmFYiE\\&quot;}\\r\\n\\t\\t\\t\\t} );\\r\\n\\t\\t\\t}\\r\\n\\t\\t&lt;\\\/script&gt;&quot;}\"><button class=\"w-video-play\" type=\"button\" aria-label=\"Wiedergeben\"><span class=\"w-video-play-icon\" style=\"font-size:1rem;background:rgba(0,0,0,0.5);color:#fff\"><\/span><\/button><div class=\"w-video-h\"><\/div><\/div><\/div><\/div><div class=\"wpb_column vc_column_container\"><div class=\"vc_column-inner\"><div class=\"wpb_text_column\"><div class=\"wpb_wrapper\"><p><strong>Juup<\/strong> | Projektmonteur<\/p>\n<\/div><\/div><div class=\"w-separator size_small\"><\/div><div class=\"w-video align_none ratio_16x9 with_overlay has_iframe\" style=\"background-image:url(https:\/\/www.heilig-group.com\/wp-content\/uploads\/2025\/05\/RecruitmentVideo_Projectmonteur_Juup_web.jpg);\" onclick=\"return {&quot;player_id&quot;:&quot;youtube-f01d&quot;,&quot;player_api&quot;:&quot;\\\/\\\/www.youtube.com\\\/player_api&quot;,&quot;player_html&quot;:&quot;&lt;div id=\\&quot;youtube-f01d\\&quot;&gt;&lt;\\\/div&gt;&lt;script&gt;\\r\\n\\t\\t\\twindow.USYTPlayers = ( window.USYTPlayers || { initYTFunctions: [], optionsYT: [], USYTInited: false } );\\r\\n\\t\\t\\twindow.USYTPlayers.optionsYT.push( {\\r\\n\\t\\t\\t\\tplayerID: \\&quot;youtube-f01d\\&quot;,\\r\\n\\t\\t\\t\\tvideoID: \\&quot;CPNg9-SqEP4\\&quot;,\\r\\n\\t\\t\\t\\tplayerVars: {\\&quot;autoplay\\&quot;:1,\\&quot;controls\\&quot;:1,\\&quot;origin\\&quot;:\\&quot;https:\\\\\\\/\\\\\\\/www.heilig-group.com\\\\\\\/de\\\\\\\/\\&quot;,\\&quot;loop\\&quot;:0,\\&quot;mute\\&quot;:0,\\&quot;playlist\\&quot;:\\&quot;CPNg9-SqEP4\\&quot;}\\r\\n\\t\\t\\t} );\\r\\n\\t\\t\\tif ( window.USYTPlayers.USYTInited === false ) {\\r\\n\\t\\t\\t\\t\\\/\\\/ Trying to override other possible WP YT API calls if our element is used\\r\\n\\t\\t\\t\\twindow.USYTPlayers.USYTInited = true;\\r\\n\\r\\n\\t\\t\\t\\twindow.onYouTubePlayerAPIReady = function() {\\r\\n\\t\\t\\t\\t\\tfor ( var i in window.USYTPlayers.optionsYT ) {\\r\\n\\t\\t\\t\\t\\t\\tvar _playerParams = window.USYTPlayers.optionsYT[ i ];\\r\\n\\t\\t\\t\\t\\t\\t$us.YTPlayers[ _playerParams.playerID ] = new YT.Player( _playerParams.playerID, {\\r\\n\\t\\t\\t\\t\\t\\t\\tvideoId: _playerParams.videoID,\\r\\n\\t\\t\\t\\t\\t\\t\\tplayerVars: _playerParams.playerVars\\r\\n\\t\\t\\t\\t\\t\\t} );\\r\\n\\t\\t\\t\\t\\t}\\r\\n\\t\\t\\t\\t}\\r\\n\\t\\t\\t}\\r\\n\\t\\t\\tif ( !!window.YT ) {\\r\\n\\t\\t\\t\\t$us.YTPlayers[\\&quot;youtube-f01d\\&quot;] = new YT.Player( \\&quot;youtube-f01d\\&quot;, {\\r\\n\\t\\t\\t\\t\\tvideoId: \\&quot;CPNg9-SqEP4\\&quot;,\\r\\n\\t\\t\\t\\t\\tplayerVars: {\\&quot;autoplay\\&quot;:1,\\&quot;controls\\&quot;:1,\\&quot;origin\\&quot;:\\&quot;https:\\\\\\\/\\\\\\\/www.heilig-group.com\\\\\\\/de\\\\\\\/\\&quot;,\\&quot;loop\\&quot;:0,\\&quot;mute\\&quot;:0,\\&quot;playlist\\&quot;:\\&quot;CPNg9-SqEP4\\&quot;}\\r\\n\\t\\t\\t\\t} );\\r\\n\\t\\t\\t}\\r\\n\\t\\t&lt;\\\/script&gt;&quot;}\"><button class=\"w-video-play\" type=\"button\" aria-label=\"Wiedergeben\"><span class=\"w-video-play-icon\" style=\"font-size:1rem;background:rgba(0,0,0,0.5);color:#fff\"><\/span><\/button><div class=\"w-video-h\"><\/div><\/div><\/div><\/div><div class=\"wpb_column vc_column_container\"><div class=\"vc_column-inner\"><div class=\"wpb_text_column\"><div class=\"wpb_wrapper\"><p><strong>Roy<\/strong> | Elektromonteur<\/p>\n<\/div><\/div><div class=\"w-separator size_small\"><\/div><div class=\"w-video align_none ratio_16x9 with_overlay has_iframe\" style=\"background-image:url(https:\/\/www.heilig-group.com\/wp-content\/uploads\/2025\/05\/RecruitmentVideo_Elektromonteur_Roy_web.jpg);\" onclick=\"return {&quot;player_id&quot;:&quot;youtube-kb45&quot;,&quot;player_api&quot;:&quot;\\\/\\\/www.youtube.com\\\/player_api&quot;,&quot;player_html&quot;:&quot;&lt;div id=\\&quot;youtube-kb45\\&quot;&gt;&lt;\\\/div&gt;&lt;script&gt;\\r\\n\\t\\t\\twindow.USYTPlayers = ( window.USYTPlayers || { initYTFunctions: [], optionsYT: [], USYTInited: false } );\\r\\n\\t\\t\\twindow.USYTPlayers.optionsYT.push( {\\r\\n\\t\\t\\t\\tplayerID: \\&quot;youtube-kb45\\&quot;,\\r\\n\\t\\t\\t\\tvideoID: \\&quot;fV95eP7Jy7Q\\&quot;,\\r\\n\\t\\t\\t\\tplayerVars: {\\&quot;autoplay\\&quot;:1,\\&quot;controls\\&quot;:1,\\&quot;origin\\&quot;:\\&quot;https:\\\\\\\/\\\\\\\/www.heilig-group.com\\\\\\\/de\\\\\\\/\\&quot;,\\&quot;loop\\&quot;:0,\\&quot;mute\\&quot;:0,\\&quot;playlist\\&quot;:\\&quot;fV95eP7Jy7Q\\&quot;}\\r\\n\\t\\t\\t} );\\r\\n\\t\\t\\tif ( window.USYTPlayers.USYTInited === false ) {\\r\\n\\t\\t\\t\\t\\\/\\\/ Trying to override other possible WP YT API calls if our element is used\\r\\n\\t\\t\\t\\twindow.USYTPlayers.USYTInited = true;\\r\\n\\r\\n\\t\\t\\t\\twindow.onYouTubePlayerAPIReady = function() {\\r\\n\\t\\t\\t\\t\\tfor ( var i in window.USYTPlayers.optionsYT ) {\\r\\n\\t\\t\\t\\t\\t\\tvar _playerParams = window.USYTPlayers.optionsYT[ i ];\\r\\n\\t\\t\\t\\t\\t\\t$us.YTPlayers[ _playerParams.playerID ] = new YT.Player( _playerParams.playerID, {\\r\\n\\t\\t\\t\\t\\t\\t\\tvideoId: _playerParams.videoID,\\r\\n\\t\\t\\t\\t\\t\\t\\tplayerVars: _playerParams.playerVars\\r\\n\\t\\t\\t\\t\\t\\t} );\\r\\n\\t\\t\\t\\t\\t}\\r\\n\\t\\t\\t\\t}\\r\\n\\t\\t\\t}\\r\\n\\t\\t\\tif ( !!window.YT ) {\\r\\n\\t\\t\\t\\t$us.YTPlayers[\\&quot;youtube-kb45\\&quot;] = new YT.Player( \\&quot;youtube-kb45\\&quot;, {\\r\\n\\t\\t\\t\\t\\tvideoId: \\&quot;fV95eP7Jy7Q\\&quot;,\\r\\n\\t\\t\\t\\t\\tplayerVars: {\\&quot;autoplay\\&quot;:1,\\&quot;controls\\&quot;:1,\\&quot;origin\\&quot;:\\&quot;https:\\\\\\\/\\\\\\\/www.heilig-group.com\\\\\\\/de\\\\\\\/\\&quot;,\\&quot;loop\\&quot;:0,\\&quot;mute\\&quot;:0,\\&quot;playlist\\&quot;:\\&quot;fV95eP7Jy7Q\\&quot;}\\r\\n\\t\\t\\t\\t} );\\r\\n\\t\\t\\t}\\r\\n\\t\\t&lt;\\\/script&gt;&quot;}\"><button class=\"w-video-play\" type=\"button\" aria-label=\"Wiedergeben\"><span class=\"w-video-play-icon\" style=\"font-size:1rem;background:rgba(0,0,0,0.5);color:#fff\"><\/span><\/button><div class=\"w-video-h\"><\/div><\/div><\/div><\/div><\/div><\/div><\/section><section class=\"l-section wpb_row height_auto\"><div class=\"l-section-h i-cf\"><div class=\"g-cols vc_row via_grid cols_1 laptops-cols_inherit tablets-cols_inherit mobiles-cols_1 valign_top type_default stacking_default\"><div class=\"wpb_column vc_column_container\"><div class=\"vc_column-inner\"><div class=\"w-separator size_medium\"><\/div><\/div><\/div><\/div><\/div><\/section>\n","protected":false},"excerpt":{"rendered":"Arbeiten an intelligenter Technik mit weltweiter Wirkung Bei der Heilig Group arbeitest du an innovativen Maschinen und Anlagen f\u00fcr unter anderem Recycling, Sch\u00fcttgutumschlag und die Prozessindustrie. Als internationales Familienunternehmen entwickeln wir intelligente L\u00f6sungen, die zu einer nachhaltigen Zukunft beitragen \u2013 mit Fokus auf Energier\u00fcckgewinnung, Kreislaufwirtschaft und effizienter Rohstoffnutzung. Gemeinsam mit \u00fcber 360 Kolleginnen und Kollegen...","protected":false},"author":56,"featured_media":0,"parent":0,"menu_order":0,"comment_status":"closed","ping_status":"closed","template":"","meta":{"_acf_changed":false,"footnotes":""},"class_list":["post-19867","page","type-page","status-publish","hentry"],"acf":[],"yoast_head":"<!-- This site is optimized with the Yoast SEO plugin v27.5 - https:\/\/yoast.com\/product\/yoast-seo-wordpress\/ -->\n<title>Arbeiten bei Heilig Group - Heilig Group<\/title>\n<meta name=\"description\" content=\"Erleben Sie, wie wir gemeinsam die sch\u00f6nsten Projekte realisieren k\u00f6nnen. Arbeiten Sie in einem der Unternehmen der Heilig Group! Erleben Sie es mit uns.\" \/>\n<meta name=\"robots\" content=\"index, follow, max-snippet:-1, max-image-preview:large, max-video-preview:-1\" \/>\n<link rel=\"canonical\" href=\"https:\/\/www.heilig-group.com\/de\/arbeiten-bei-heilig-group\/\" \/>\n<meta property=\"og:locale\" content=\"de_DE\" \/>\n<meta property=\"og:type\" content=\"article\" \/>\n<meta property=\"og:title\" content=\"Arbeiten bei Heilig Group - Heilig Group\" \/>\n<meta property=\"og:description\" content=\"Erleben Sie, wie wir gemeinsam die sch\u00f6nsten Projekte realisieren k\u00f6nnen. Arbeiten Sie in einem der Unternehmen der Heilig Group! Erleben Sie es mit uns.\" \/>\n<meta property=\"og:url\" content=\"https:\/\/www.heilig-group.com\/de\/arbeiten-bei-heilig-group\/\" \/>\n<meta property=\"og:site_name\" content=\"Heilig Group\" \/>\n<meta property=\"article:modified_time\" content=\"2025-08-22T09:07:20+00:00\" \/>\n<meta name=\"twitter:card\" content=\"summary_large_image\" \/>\n<meta name=\"twitter:label1\" content=\"Gesch\u00e4tzte Lesezeit\" \/>\n\t<meta name=\"twitter:data1\" content=\"1\u00a0Minute\" \/>\n<script type=\"application\/ld+json\" class=\"yoast-schema-graph\">{\"@context\":\"https:\\\/\\\/schema.org\",\"@graph\":[{\"@type\":\"WebPage\",\"@id\":\"https:\\\/\\\/www.heilig-group.com\\\/de\\\/arbeiten-bei-heilig-group\\\/\",\"url\":\"https:\\\/\\\/www.heilig-group.com\\\/de\\\/arbeiten-bei-heilig-group\\\/\",\"name\":\"Arbeiten bei Heilig Group - Heilig Group\",\"isPartOf\":{\"@id\":\"https:\\\/\\\/www.heilig-group.com\\\/de\\\/#website\"},\"datePublished\":\"2022-01-12T13:24:11+00:00\",\"dateModified\":\"2025-08-22T09:07:20+00:00\",\"description\":\"Erleben Sie, wie wir gemeinsam die sch\u00f6nsten Projekte realisieren k\u00f6nnen. Arbeiten Sie in einem der Unternehmen der Heilig Group! Erleben Sie es mit uns.\",\"breadcrumb\":{\"@id\":\"https:\\\/\\\/www.heilig-group.com\\\/de\\\/arbeiten-bei-heilig-group\\\/#breadcrumb\"},\"inLanguage\":\"de\",\"potentialAction\":[{\"@type\":\"ReadAction\",\"target\":[\"https:\\\/\\\/www.heilig-group.com\\\/de\\\/arbeiten-bei-heilig-group\\\/\"]}]},{\"@type\":\"BreadcrumbList\",\"@id\":\"https:\\\/\\\/www.heilig-group.com\\\/de\\\/arbeiten-bei-heilig-group\\\/#breadcrumb\",\"itemListElement\":[{\"@type\":\"ListItem\",\"position\":1,\"name\":\"Home\",\"item\":\"https:\\\/\\\/www.heilig-group.com\\\/de\\\/\"},{\"@type\":\"ListItem\",\"position\":2,\"name\":\"Arbeiten bei Heilig Group\"}]},{\"@type\":\"WebSite\",\"@id\":\"https:\\\/\\\/www.heilig-group.com\\\/de\\\/#website\",\"url\":\"https:\\\/\\\/www.heilig-group.com\\\/de\\\/\",\"name\":\"Heilig Group\",\"description\":\"Werken bij Heilig Group\",\"potentialAction\":[{\"@type\":\"SearchAction\",\"target\":{\"@type\":\"EntryPoint\",\"urlTemplate\":\"https:\\\/\\\/www.heilig-group.com\\\/de\\\/?s={search_term_string}\"},\"query-input\":{\"@type\":\"PropertyValueSpecification\",\"valueRequired\":true,\"valueName\":\"search_term_string\"}}],\"inLanguage\":\"de\"}]}<\/script>\n<!-- \/ Yoast SEO plugin. -->","yoast_head_json":{"title":"Arbeiten bei Heilig Group - Heilig Group","description":"Erleben Sie, wie wir gemeinsam die sch\u00f6nsten Projekte realisieren k\u00f6nnen. Arbeiten Sie in einem der Unternehmen der Heilig Group! Erleben Sie es mit uns.","robots":{"index":"index","follow":"follow","max-snippet":"max-snippet:-1","max-image-preview":"max-image-preview:large","max-video-preview":"max-video-preview:-1"},"canonical":"https:\/\/www.heilig-group.com\/de\/arbeiten-bei-heilig-group\/","og_locale":"de_DE","og_type":"article","og_title":"Arbeiten bei Heilig Group - Heilig Group","og_description":"Erleben Sie, wie wir gemeinsam die sch\u00f6nsten Projekte realisieren k\u00f6nnen. Arbeiten Sie in einem der Unternehmen der Heilig Group! Erleben Sie es mit uns.","og_url":"https:\/\/www.heilig-group.com\/de\/arbeiten-bei-heilig-group\/","og_site_name":"Heilig Group","article_modified_time":"2025-08-22T09:07:20+00:00","twitter_card":"summary_large_image","twitter_misc":{"Gesch\u00e4tzte Lesezeit":"1\u00a0Minute"},"schema":{"@context":"https:\/\/schema.org","@graph":[{"@type":"WebPage","@id":"https:\/\/www.heilig-group.com\/de\/arbeiten-bei-heilig-group\/","url":"https:\/\/www.heilig-group.com\/de\/arbeiten-bei-heilig-group\/","name":"Arbeiten bei Heilig Group - Heilig Group","isPartOf":{"@id":"https:\/\/www.heilig-group.com\/de\/#website"},"datePublished":"2022-01-12T13:24:11+00:00","dateModified":"2025-08-22T09:07:20+00:00","description":"Erleben Sie, wie wir gemeinsam die sch\u00f6nsten Projekte realisieren k\u00f6nnen. Arbeiten Sie in einem der Unternehmen der Heilig Group! Erleben Sie es mit uns.","breadcrumb":{"@id":"https:\/\/www.heilig-group.com\/de\/arbeiten-bei-heilig-group\/#breadcrumb"},"inLanguage":"de","potentialAction":[{"@type":"ReadAction","target":["https:\/\/www.heilig-group.com\/de\/arbeiten-bei-heilig-group\/"]}]},{"@type":"BreadcrumbList","@id":"https:\/\/www.heilig-group.com\/de\/arbeiten-bei-heilig-group\/#breadcrumb","itemListElement":[{"@type":"ListItem","position":1,"name":"Home","item":"https:\/\/www.heilig-group.com\/de\/"},{"@type":"ListItem","position":2,"name":"Arbeiten bei Heilig Group"}]},{"@type":"WebSite","@id":"https:\/\/www.heilig-group.com\/de\/#website","url":"https:\/\/www.heilig-group.com\/de\/","name":"Heilig Group","description":"Werken bij Heilig Group","potentialAction":[{"@type":"SearchAction","target":{"@type":"EntryPoint","urlTemplate":"https:\/\/www.heilig-group.com\/de\/?s={search_term_string}"},"query-input":{"@type":"PropertyValueSpecification","valueRequired":true,"valueName":"search_term_string"}}],"inLanguage":"de"}]}},"_links":{"self":[{"href":"https:\/\/www.heilig-group.com\/de\/wp-json\/wp\/v2\/pages\/19867","targetHints":{"allow":["GET"]}}],"collection":[{"href":"https:\/\/www.heilig-group.com\/de\/wp-json\/wp\/v2\/pages"}],"about":[{"href":"https:\/\/www.heilig-group.com\/de\/wp-json\/wp\/v2\/types\/page"}],"author":[{"embeddable":true,"href":"https:\/\/www.heilig-group.com\/de\/wp-json\/wp\/v2\/users\/56"}],"replies":[{"embeddable":true,"href":"https:\/\/www.heilig-group.com\/de\/wp-json\/wp\/v2\/comments?post=19867"}],"version-history":[{"count":5,"href":"https:\/\/www.heilig-group.com\/de\/wp-json\/wp\/v2\/pages\/19867\/revisions"}],"predecessor-version":[{"id":23542,"href":"https:\/\/www.heilig-group.com\/de\/wp-json\/wp\/v2\/pages\/19867\/revisions\/23542"}],"wp:attachment":[{"href":"https:\/\/www.heilig-group.com\/de\/wp-json\/wp\/v2\/media?parent=19867"}],"curies":[{"name":"wp","href":"https:\/\/api.w.org\/{rel}","templated":true}]}}